{"id":19145,"date":"2017-11-17T13:37:11","date_gmt":"2017-11-17T10:37:11","guid":{"rendered":"http:\/\/www.incdie-icpe.ro\/ro\/?page_id=19145"},"modified":"2017-12-14T12:29:30","modified_gmt":"2017-12-14T09:29:30","slug":"analiza-optica-plasma-arc-descarcare-vid-contacte-tip-cupa","status":"publish","type":"page","link":"http:\/\/www.icpe.ro\/ro\/lucrari-stiintifice\/analiza-optica-plasma-arc-descarcare-vid-contacte-tip-cupa\/","title":{"rendered":"Analiza optic\u0103 a plasmei arcului de desc\u0103rcare \u00een vid generat\u0103 \u00een contacte tip cup\u0103"},"content":{"rendered":"<p>[vc_row][vc_column bg_color=&#8221;#c6c6c6&#8243; column_padding=&#8221;custom-padding&#8221; column_custompadding=&#8221;37px 40px 40px 40px&#8221; width=&#8221;1\/2&#8243;]<h2 class=\"headline font-inherit fontsize-m fontweight-400 lh-inherit align-center transform-inherit \" style=\"margin: 0 0 20px 0;\">ABSTRACT<\/h2><h2 class=\"headline font-inherit fontsize-xs fontweight-400 lh-inherit align-left transform-inherit \" style=\"margin: 0 0 20px 0; color: #282828;\"><\/h2>[\/vc_column][vc_column column_padding=&#8221;custom-padding&#8221; column_custompadding=&#8221;40px 40px 40px 40px&#8221; width=&#8221;1\/2&#8243;]<h2 class=\"headline font-inherit fontsize-s fontweight-800 lh-inherit align-left transform-inherit \" style=\"margin: 0 0 20px 0; color: #dd3333;\">Analiza optic\u0103 a plasmei arcului de desc\u0103rcare \u00een vid generat\u0103 \u00een contacte tip cup\u0103<\/h2>[vc_column_text]DATA:<strong> 2007<\/strong><\/p>\n<p>AUTORI:\u00a0<strong>Gabriela PAVELESCU, Dan PAVELESCU, Gheorghe DUMITRESCU, Paula ANGHELI\u021a\u0102, Florin GHERENDI<\/strong><\/p>\n<p>PUBLICAT \u00ceN:<strong> The VI International Conference on the Balkan Physical Union, AIP Conference Proceedings, vol. 899, p. 703<br \/>\n<\/strong>[\/vc_column_text][\/vc_column][\/vc_row]<\/p>\n","protected":false},"excerpt":{"rendered":"<p>[vc_row][vc_column bg_color=&#8221;#c6c6c6&#8243; column_padding=&#8221;custom-padding&#8221; column_custompadding=&#8221;37px 40px 40px 40px&#8221; width=&#8221;1\/2&#8243;][\/vc_column][vc_column column_padding=&#8221;custom-padding&#8221; column_custompadding=&#8221;40px 40px 40px 40px&#8221; width=&#8221;1\/2&#8243;][vc_column_text]DATA: 2007 AUTORI:\u00a0Gabriela PAVELESCU, Dan PAVELESCU, Gheorghe DUMITRESCU, Paula ANGHELI\u021a\u0102, Florin GHERENDI PUBLICAT \u00ceN: The VI International Conference on the Balkan Physical Union, AIP Conference Proceedings, vol. 899, p. 703 [\/vc_column_text][\/vc_column][\/vc_row]<\/p>\n","protected":false},"author":2,"featured_media":0,"parent":17451,"menu_order":10,"comment_status":"closed","ping_status":"closed","template":"","meta":[],"folder":[43],"_links":{"self":[{"href":"http:\/\/www.icpe.ro\/ro\/wp-json\/wp\/v2\/pages\/19145"}],"collection":[{"href":"http:\/\/www.icpe.ro\/ro\/wp-json\/wp\/v2\/pages"}],"about":[{"href":"http:\/\/www.icpe.ro\/ro\/wp-json\/wp\/v2\/types\/page"}],"author":[{"embeddable":true,"href":"http:\/\/www.icpe.ro\/ro\/wp-json\/wp\/v2\/users\/2"}],"replies":[{"embeddable":true,"href":"http:\/\/www.icpe.ro\/ro\/wp-json\/wp\/v2\/comments?post=19145"}],"version-history":[{"count":0,"href":"http:\/\/www.icpe.ro\/ro\/wp-json\/wp\/v2\/pages\/19145\/revisions"}],"up":[{"embeddable":true,"href":"http:\/\/www.icpe.ro\/ro\/wp-json\/wp\/v2\/pages\/17451"}],"wp:attachment":[{"href":"http:\/\/www.icpe.ro\/ro\/wp-json\/wp\/v2\/media?parent=19145"}],"wp:term":[{"taxonomy":"folder","embeddable":true,"href":"http:\/\/www.icpe.ro\/ro\/wp-json\/wp\/v2\/folder?post=19145"}],"curies":[{"name":"wp","href":"https:\/\/api.w.org\/{rel}","templated":true}]}}