{"id":19139,"date":"2017-11-17T13:22:12","date_gmt":"2017-11-17T10:22:12","guid":{"rendered":"http:\/\/www.incdie-icpe.ro\/ro\/?page_id=19139"},"modified":"2017-12-14T12:29:38","modified_gmt":"2017-12-14T09:29:38","slug":"evaluare-structura-cercetare-romania-tendinte-spatiul-european-cercetare-era","status":"publish","type":"page","link":"http:\/\/www.icpe.ro\/ro\/lucrari-stiintifice\/evaluare-structura-cercetare-romania-tendinte-spatiul-european-cercetare-era\/","title":{"rendered":"Evaluarea structurii cercet\u0103rii din Rom\u00e2nia \u00een relatie cu tendin\u0163ele din spa\u0163iul european al cercet\u0103rii &#8211; ERA"},"content":{"rendered":"<p>[vc_row][vc_column bg_color=&#8221;#c6c6c6&#8243; column_padding=&#8221;custom-padding&#8221; column_custompadding=&#8221;37px 40px 40px 40px&#8221; width=&#8221;1\/2&#8243;]<h2 class=\"headline font-inherit fontsize-m fontweight-400 lh-inherit align-center transform-inherit \" style=\"margin: 0 0 20px 0;\">ABSTRACT<\/h2><h2 class=\"headline font-inherit fontsize-xs fontweight-400 lh-inherit align-left transform-inherit \" style=\"margin: 0 0 20px 0; color: #282828;\">Conceptul ERA \u2013 Aria de Cercetare European\u0103 este \u00een\u0163eleas\u0103 ca o baz\u0103 real\u0103, cu obiective reafirmate de r\u0103sp\u00e2ndire a cuno\u015ftin\u0163elor \u015fi de dezvoltare a competitivit\u0103\u0163ii industriale globale, ca r\u0103spuns la cerin\u0163ele cercet\u0103rii dezvoltate din politicile U.E. Echipa ICPE abordeaz\u0103 dezvoltarea institu\u0163ional\u0103 \u015fi cre\u015fterea schimbului de informa\u0163ii cu privire la sistemul na\u0163ional de Cercetare-Dezvoltare-Inovare (C.D.I.) ca \u015fi crearea unei serii de indicatori \u015ftiin\u0163ifici utili pentru evaluarea \u015fi cuantificarea institu\u0163iilor de cercetare-dezvoltare inovare: pentru a stabili o serie de indicatori \u015ftiin\u0163ifici, necesari evalu\u0103rii \u015fi certific\u0103rii institu\u0163iei definite prin activit\u0103\u0163i de C.D.I.; pentru a crea o baz\u0103 de date cu informa\u0163ii complexe privind resursele umane \u015fi infrastructura de C.D.I.<\/h2>[\/vc_column][vc_column column_padding=&#8221;custom-padding&#8221; column_custompadding=&#8221;40px 40px 40px 40px&#8221; width=&#8221;1\/2&#8243;]<h2 class=\"headline font-inherit fontsize-s fontweight-800 lh-inherit align-left transform-inherit \" style=\"margin: 0 0 20px 0; color: #dd3333;\">Evaluarea structurii cercet\u0103rii din Rom\u00e2nia \u00een relatie cu tendin\u0163ele din spa\u0163iul european al cercet\u0103rii &#8211; ERA<\/h2>[vc_column_text]DATA:<strong> 2007<\/strong><\/p>\n<p>AUTORI:\u00a0<strong>Floarea VASILE, Nicolae VASILE<br \/>\n<\/strong><\/p>\n<p>PUBLICAT \u00ceN:<strong> EEA 2007 | vol. 55 | nr. 3 | art. 13<br \/>\n<\/strong>[\/vc_column_text]<a href=\"http:\/\/www.eea-journal.ro\/ro\/d\/5\/p\/EEA55_3_4_13\" target=\"_blank\" class=\"button color-5 small \" style=\"border-radius: 2px;\"><i class='fa fa-book'><\/i>Cite\u0219te online<\/a><a href=\"http:\/\/www.eea-journal.ro\/includes\/showArticle.php?identificatorArticol=144\" target=\"_blank\" class=\"button color-5 small \" style=\"border-radius: 2px;\"><i class='fa fa-file-pdf-o'><\/i>Descarc\u0103 lucrarea<\/a>[\/vc_column][\/vc_row]<\/p>\n","protected":false},"excerpt":{"rendered":"<p>[vc_row][vc_column bg_color=&#8221;#c6c6c6&#8243; column_padding=&#8221;custom-padding&#8221; column_custompadding=&#8221;37px 40px 40px 40px&#8221; width=&#8221;1\/2&#8243;][\/vc_column][vc_column column_padding=&#8221;custom-padding&#8221; column_custompadding=&#8221;40px 40px 40px 40px&#8221; width=&#8221;1\/2&#8243;][vc_column_text]DATA: 2007 AUTORI:\u00a0Floarea VASILE, Nicolae VASILE PUBLICAT \u00ceN: EEA 2007 | vol. 55 | nr. 3 | art. 13 [\/vc_column_text][\/vc_column][\/vc_row]<\/p>\n","protected":false},"author":2,"featured_media":0,"parent":17451,"menu_order":147,"comment_status":"closed","ping_status":"closed","template":"","meta":[],"folder":[43],"_links":{"self":[{"href":"http:\/\/www.icpe.ro\/ro\/wp-json\/wp\/v2\/pages\/19139"}],"collection":[{"href":"http:\/\/www.icpe.ro\/ro\/wp-json\/wp\/v2\/pages"}],"about":[{"href":"http:\/\/www.icpe.ro\/ro\/wp-json\/wp\/v2\/types\/page"}],"author":[{"embeddable":true,"href":"http:\/\/www.icpe.ro\/ro\/wp-json\/wp\/v2\/users\/2"}],"replies":[{"embeddable":true,"href":"http:\/\/www.icpe.ro\/ro\/wp-json\/wp\/v2\/comments?post=19139"}],"version-history":[{"count":0,"href":"http:\/\/www.icpe.ro\/ro\/wp-json\/wp\/v2\/pages\/19139\/revisions"}],"up":[{"embeddable":true,"href":"http:\/\/www.icpe.ro\/ro\/wp-json\/wp\/v2\/pages\/17451"}],"wp:attachment":[{"href":"http:\/\/www.icpe.ro\/ro\/wp-json\/wp\/v2\/media?parent=19139"}],"wp:term":[{"taxonomy":"folder","embeddable":true,"href":"http:\/\/www.icpe.ro\/ro\/wp-json\/wp\/v2\/folder?post=19139"}],"curies":[{"name":"wp","href":"https:\/\/api.w.org\/{rel}","templated":true}]}}