{"id":19123,"date":"2017-11-17T12:54:21","date_gmt":"2017-11-17T09:54:21","guid":{"rendered":"http:\/\/www.incdie-icpe.ro\/ro\/?page_id=19123"},"modified":"2017-12-14T12:29:32","modified_gmt":"2017-12-14T09:29:32","slug":"determinare-eficacitate-ecranare-electromagnetica-materiale-conductoare-semiconductoare","status":"publish","type":"page","link":"http:\/\/www.icpe.ro\/ro\/lucrari-stiintifice\/determinare-eficacitate-ecranare-electromagnetica-materiale-conductoare-semiconductoare\/","title":{"rendered":"Asupra determin\u0103rii eficacit\u0103\u0163ii ecran\u0103rii electromagnetice \u00een cazul materialelor conductoare\/semiconductoare"},"content":{"rendered":"<p>[vc_row][vc_column bg_color=&#8221;#c6c6c6&#8243; column_padding=&#8221;custom-padding&#8221; column_custompadding=&#8221;37px 40px 40px 40px&#8221; width=&#8221;1\/2&#8243;]<h2 class=\"headline font-inherit fontsize-m fontweight-400 lh-inherit align-center transform-inherit \" style=\"margin: 0 0 20px 0;\">ABSTRACT<\/h2><h2 class=\"headline font-inherit fontsize-xs fontweight-400 lh-inherit align-left transform-inherit \" style=\"margin: 0 0 20px 0; color: #282828;\">Fenomenele care au loc \u00eentr-un ecran electromagnetic sunt complexe (absorb\u0163ie, reflec\u0163ie, transmisie). Ele sunt determinate de parametrii macroscopici ai materialului (e, \u03bc, s), grosimea lui, frecven\u015fa radia\u0163iei \u015fi unghiul de inciden\u0163\u0103. Lucrarea prezint\u0103 o metod\u0103 original\u0103 de vizualizare \u015fi m\u0103sur\u0103 a eficacit\u0103\u0163ii ecran\u0103rii. Aceast\u0103 metod\u0103 are avantajul simplit\u0103\u0163ii \u015fi spre deosebire de metoda celulei TEM care se bazeaz\u0103 pe izomorfismul matematic (ecran plan infinit vs. linii de transmisie coaxiale), valideaz\u0103 pentru prima dat\u0103 predic\u0163iile teoretice. Chiar dac\u0103 este exact din punct de vedere formal, conform unor numeroase lucr\u0103ri \u00een domeniu, acest izomorfism nu a fost validat experimental p\u00e2na \u00een prezent, \u00een domeniul probelor groase din punct de vedere electric.<\/h2>[\/vc_column][vc_column column_padding=&#8221;custom-padding&#8221; column_custompadding=&#8221;40px 40px 40px 40px&#8221; width=&#8221;1\/2&#8243;]<h2 class=\"headline font-inherit fontsize-s fontweight-800 lh-inherit align-left transform-inherit \" style=\"margin: 0 0 20px 0; color: #dd3333;\">Asupra determin\u0103rii eficacit\u0103\u0163ii ecran\u0103rii electromagnetice \u00een cazul materialelor conductoare\/semiconductoare<\/h2>[vc_column_text]DATA:<strong> 2007<\/strong><\/p>\n<p>AUTORI: <strong>Mihai B\u0102DIC, Maria \u0218TEFAN<\/strong><\/p>\n<p>PUBLICAT \u00ceN:<strong> EEA 2007 | vol. 55 | nr. 3 | art. 7<br \/>\n<\/strong>[\/vc_column_text]<a href=\"http:\/\/www.eea-journal.ro\/ro\/d\/5\/p\/EEA55_3_4_7\" target=\"_blank\" class=\"button color-5 small \" style=\"border-radius: 2px;\"><i class='fa fa-book'><\/i>Cite\u0219te online<\/a><a href=\"http:\/\/www.eea-journal.ro\/includes\/showArticle.php?identificatorArticol=138\" target=\"_blank\" class=\"button color-5 small \" style=\"border-radius: 2px;\"><i class='fa fa-file-pdf-o'><\/i>Descarc\u0103 lucrarea<\/a>[\/vc_column][\/vc_row]<\/p>\n","protected":false},"excerpt":{"rendered":"<p>[vc_row][vc_column bg_color=&#8221;#c6c6c6&#8243; column_padding=&#8221;custom-padding&#8221; column_custompadding=&#8221;37px 40px 40px 40px&#8221; width=&#8221;1\/2&#8243;][\/vc_column][vc_column column_padding=&#8221;custom-padding&#8221; column_custompadding=&#8221;40px 40px 40px 40px&#8221; width=&#8221;1\/2&#8243;][vc_column_text]DATA: 2007 AUTORI: Mihai B\u0102DIC, Maria \u0218TEFAN PUBLICAT \u00ceN: EEA 2007 | vol. 55 | nr. 3 | art. 7 [\/vc_column_text][\/vc_column][\/vc_row]<\/p>\n","protected":false},"author":2,"featured_media":0,"parent":17451,"menu_order":23,"comment_status":"closed","ping_status":"closed","template":"","meta":[],"folder":[43],"_links":{"self":[{"href":"http:\/\/www.icpe.ro\/ro\/wp-json\/wp\/v2\/pages\/19123"}],"collection":[{"href":"http:\/\/www.icpe.ro\/ro\/wp-json\/wp\/v2\/pages"}],"about":[{"href":"http:\/\/www.icpe.ro\/ro\/wp-json\/wp\/v2\/types\/page"}],"author":[{"embeddable":true,"href":"http:\/\/www.icpe.ro\/ro\/wp-json\/wp\/v2\/users\/2"}],"replies":[{"embeddable":true,"href":"http:\/\/www.icpe.ro\/ro\/wp-json\/wp\/v2\/comments?post=19123"}],"version-history":[{"count":0,"href":"http:\/\/www.icpe.ro\/ro\/wp-json\/wp\/v2\/pages\/19123\/revisions"}],"up":[{"embeddable":true,"href":"http:\/\/www.icpe.ro\/ro\/wp-json\/wp\/v2\/pages\/17451"}],"wp:attachment":[{"href":"http:\/\/www.icpe.ro\/ro\/wp-json\/wp\/v2\/media?parent=19123"}],"wp:term":[{"taxonomy":"folder","embeddable":true,"href":"http:\/\/www.icpe.ro\/ro\/wp-json\/wp\/v2\/folder?post=19123"}],"curies":[{"name":"wp","href":"https:\/\/api.w.org\/{rel}","templated":true}]}}