{"id":19121,"date":"2017-11-17T12:50:06","date_gmt":"2017-11-17T09:50:06","guid":{"rendered":"http:\/\/www.incdie-icpe.ro\/ro\/?page_id=19121"},"modified":"2017-12-14T12:29:44","modified_gmt":"2017-12-14T09:29:44","slug":"modelare-motoare-cuplu-fem-actionari-directe","status":"publish","type":"page","link":"http:\/\/www.icpe.ro\/ro\/lucrari-stiintifice\/modelare-motoare-cuplu-fem-actionari-directe\/","title":{"rendered":"Modelarea motoarelor de cuplu cu metoda elementului finit (FEM) pentru ac\u021bion\u0103ri directe"},"content":{"rendered":"<p>[vc_row][vc_column bg_color=&#8221;#c6c6c6&#8243; column_padding=&#8221;custom-padding&#8221; column_custompadding=&#8221;37px 40px 40px 40px&#8221; width=&#8221;1\/2&#8243;]<h2 class=\"headline font-inherit fontsize-m fontweight-400 lh-inherit align-center transform-inherit \" style=\"margin: 0 0 20px 0;\">ABSTRACT<\/h2><h2 class=\"headline font-inherit fontsize-xs fontweight-400 lh-inherit align-left transform-inherit \" style=\"margin: 0 0 20px 0; color: #282828;\">Lucrarea prezint\u0103 dou\u0103 motoare de cuplu ridicat pentru ac\u0163ionare direct\u0103 cu un num\u0103r de poli magnetici mai mare dec\u00e2t num\u0103rul de crest\u0103turi. Se prezint\u0103 procesul de proiectare. Prin metoda elementului finit s-au calculat ripla de cuplu, cuplul de ag\u0103\u0163are, tensiunea contraelectromotoare \u015fi distribu\u0163ia c\u00e2mpului termic. Este studiat efectul toleran\u0163elor \u015fi al neuniformit\u0103\u0163ilor.<\/h2>[\/vc_column][vc_column column_padding=&#8221;custom-padding&#8221; column_custompadding=&#8221;40px 40px 40px 40px&#8221; width=&#8221;1\/2&#8243;]<h2 class=\"headline font-inherit fontsize-s fontweight-800 lh-inherit align-left transform-inherit \" style=\"margin: 0 0 20px 0; color: #dd3333;\">Modelarea motoarelor de cuplu cu metoda elementului finit (FEM) pentru ac\u021bion\u0103ri directe<\/h2>[vc_column_text]DATA:<strong> 2007<\/strong><\/p>\n<p>AUTORI: <strong>Paul MINCIUNESCU, Radu C\u00c2RNARU<\/strong><\/p>\n<p>PUBLICAT \u00ceN:<strong> EEA 2007 | vol. 55 | nr. 3 | art. 5<br \/>\n<\/strong>[\/vc_column_text]<a href=\"http:\/\/www.eea-journal.ro\/ro\/d\/5\/p\/EEA55_3_4_5\" target=\"_blank\" class=\"button color-5 small \" style=\"border-radius: 2px;\"><i class='fa fa-book'><\/i>Cite\u0219te online<\/a><a href=\"http:\/\/www.eea-journal.ro\/includes\/showArticle.php?identificatorArticol=136\" target=\"_blank\" class=\"button color-5 small \" style=\"border-radius: 2px;\"><i class='fa fa-file-pdf-o'><\/i>Descarc\u0103 lucrarea<\/a>[\/vc_column][\/vc_row]<\/p>\n","protected":false},"excerpt":{"rendered":"<p>[vc_row][vc_column bg_color=&#8221;#c6c6c6&#8243; column_padding=&#8221;custom-padding&#8221; column_custompadding=&#8221;37px 40px 40px 40px&#8221; width=&#8221;1\/2&#8243;][\/vc_column][vc_column column_padding=&#8221;custom-padding&#8221; column_custompadding=&#8221;40px 40px 40px 40px&#8221; width=&#8221;1\/2&#8243;][vc_column_text]DATA: 2007 AUTORI: Paul MINCIUNESCU, Radu C\u00c2RNARU PUBLICAT \u00ceN: EEA 2007 | vol. 55 | nr. 3 | art. 5 [\/vc_column_text][\/vc_column][\/vc_row]<\/p>\n","protected":false},"author":2,"featured_media":0,"parent":17451,"menu_order":224,"comment_status":"closed","ping_status":"closed","template":"","meta":[],"folder":[43],"_links":{"self":[{"href":"http:\/\/www.icpe.ro\/ro\/wp-json\/wp\/v2\/pages\/19121"}],"collection":[{"href":"http:\/\/www.icpe.ro\/ro\/wp-json\/wp\/v2\/pages"}],"about":[{"href":"http:\/\/www.icpe.ro\/ro\/wp-json\/wp\/v2\/types\/page"}],"author":[{"embeddable":true,"href":"http:\/\/www.icpe.ro\/ro\/wp-json\/wp\/v2\/users\/2"}],"replies":[{"embeddable":true,"href":"http:\/\/www.icpe.ro\/ro\/wp-json\/wp\/v2\/comments?post=19121"}],"version-history":[{"count":0,"href":"http:\/\/www.icpe.ro\/ro\/wp-json\/wp\/v2\/pages\/19121\/revisions"}],"up":[{"embeddable":true,"href":"http:\/\/www.icpe.ro\/ro\/wp-json\/wp\/v2\/pages\/17451"}],"wp:attachment":[{"href":"http:\/\/www.icpe.ro\/ro\/wp-json\/wp\/v2\/media?parent=19121"}],"wp:term":[{"taxonomy":"folder","embeddable":true,"href":"http:\/\/www.icpe.ro\/ro\/wp-json\/wp\/v2\/folder?post=19121"}],"curies":[{"name":"wp","href":"https:\/\/api.w.org\/{rel}","templated":true}]}}