{"id":19114,"date":"2017-11-17T12:34:49","date_gmt":"2017-11-17T09:34:49","guid":{"rendered":"http:\/\/www.incdie-icpe.ro\/ro\/?page_id=19114"},"modified":"2017-12-14T12:31:13","modified_gmt":"2017-12-14T09:31:13","slug":"teste-imbatranire-termica-accelerata-izolatie-hartie-ulei-transformatoare-autotransformatoare-electrice","status":"publish","type":"page","link":"http:\/\/www.icpe.ro\/ro\/lucrari-stiintifice\/teste-imbatranire-termica-accelerata-izolatie-hartie-ulei-transformatoare-autotransformatoare-electrice\/","title":{"rendered":"Teste de \u00eemb\u0103tr\u00e2nire termic\u0103 accelerat\u0103 a izola\u0163iei h\u00e2rtie \u2013 ulei la transformatoarele \u015fi autotransformatoarele electrice"},"content":{"rendered":"<p>[vc_row][vc_column bg_color=&#8221;#c6c6c6&#8243; column_padding=&#8221;custom-padding&#8221; column_custompadding=&#8221;37px 40px 40px 40px&#8221; width=&#8221;1\/2&#8243;]<h2 class=\"headline font-inherit fontsize-m fontweight-400 lh-inherit align-center transform-inherit \" style=\"margin: 0 0 20px 0;\">ABSTRACT<\/h2><h2 class=\"headline font-inherit fontsize-xs fontweight-400 lh-inherit align-left transform-inherit \" style=\"margin: 0 0 20px 0; color: #282828;\">Schema de izola\u0163ie h\u00e2rtie &#8211; ulei a transformatoarelor \u015fi autotransformatoarelor electrice de putere \u015fi \u00eenalt\u0103 tensiune suport\u0103 \u00een func\u0163ionare, pe parcursul \u00eentregii durate de via\u0163\u0103, o serie de solicit\u0103ri de natur\u0103 fizic\u0103 (electromagnetic\u0103, mecanic\u0103, termic\u0103) \u015fi chimic\u0103, care au ca rezultat degradarea caracteristicilor ini\u0163iale ale materialelor componente, precum \u015fi a schemei de izola\u0163ie \u00een ansamblu. \u00cemb\u0103tr\u00e2nirea termic\u0103 a materialelor electroizolante solide \u015fi lichide reprezint\u0103 un factor important de degradare. Studiul fenomenului de degradare termic\u0103 accelerat\u0103 se bazeaz\u0103 pe rela\u0163ia lui Arrhenius, care permite ob\u0163inerea unor rezultate concludente \u00eentr-un timp foarte scurt. Prezenta lucrare cuprinde rezultatele unor teste de \u00eemb\u0103tr\u00e2nire termic\u0103 accelerat\u0103 a schemei de izola\u0163ie h\u00e2rtie-ulei.<\/h2>[\/vc_column][vc_column column_padding=&#8221;custom-padding&#8221; column_custompadding=&#8221;40px 40px 40px 40px&#8221; width=&#8221;1\/2&#8243;]<h2 class=\"headline font-inherit fontsize-s fontweight-800 lh-inherit align-left transform-inherit \" style=\"margin: 0 0 20px 0; color: #dd3333;\">Teste de \u00eemb\u0103tr\u00e2nire termic\u0103 accelerat\u0103 a izola\u0163iei h\u00e2rtie \u2013 ulei la transformatoarele \u015fi autotransformatoarele electrice<\/h2>[vc_column_text]DATA:<strong> 2007<\/strong><\/p>\n<p>AUTORI:\u00a0<strong>Sanda-Liana COTESCU, Adrian MEREANU, Magdalena BUNEA, Cornel PREDU\u021a, Carmen POPESCU, Petru NOTHINGER, Lauren\u0163iu DUMITRAN, Gabriel T\u0102N\u0102SESCU, Florin CIOLACU<\/strong><\/p>\n<p>PUBLICAT \u00ceN:<strong> EEA 2007 | vol. 55 | nr. 1 | art. 4<br \/>\n<\/strong>[\/vc_column_text]<a href=\"http:\/\/www.eea-journal.ro\/ro\/d\/5\/p\/EEA55_1_4\" target=\"_blank\" class=\"button color-5 small \" style=\"border-radius: 2px;\"><i class='fa fa-book'><\/i>Cite\u0219te online<\/a><a href=\"http:\/\/www.eea-journal.ro\/includes\/showArticle.php?identificatorArticol=116\" target=\"_blank\" class=\"button color-5 small \" style=\"border-radius: 2px;\"><i class='fa fa-file-pdf-o'><\/i>Descarc\u0103 lucrarea<\/a>[\/vc_column][\/vc_row]<\/p>\n","protected":false},"excerpt":{"rendered":"<p>[vc_row][vc_column bg_color=&#8221;#c6c6c6&#8243; column_padding=&#8221;custom-padding&#8221; column_custompadding=&#8221;37px 40px 40px 40px&#8221; width=&#8221;1\/2&#8243;][\/vc_column][vc_column column_padding=&#8221;custom-padding&#8221; column_custompadding=&#8221;40px 40px 40px 40px&#8221; width=&#8221;1\/2&#8243;][vc_column_text]DATA: 2007 AUTORI:\u00a0Sanda-Liana COTESCU, Adrian MEREANU, Magdalena BUNEA, Cornel PREDU\u021a, Carmen POPESCU, Petru NOTHINGER, Lauren\u0163iu DUMITRAN, Gabriel T\u0102N\u0102SESCU, Florin CIOLACU PUBLICAT \u00ceN: EEA 2007 | vol. 55 | nr. 1 | art. 4 [\/vc_column_text][\/vc_column][\/vc_row]<\/p>\n","protected":false},"author":2,"featured_media":0,"parent":17451,"menu_order":374,"comment_status":"closed","ping_status":"closed","template":"","meta":[],"folder":[43],"_links":{"self":[{"href":"http:\/\/www.icpe.ro\/ro\/wp-json\/wp\/v2\/pages\/19114"}],"collection":[{"href":"http:\/\/www.icpe.ro\/ro\/wp-json\/wp\/v2\/pages"}],"about":[{"href":"http:\/\/www.icpe.ro\/ro\/wp-json\/wp\/v2\/types\/page"}],"author":[{"embeddable":true,"href":"http:\/\/www.icpe.ro\/ro\/wp-json\/wp\/v2\/users\/2"}],"replies":[{"embeddable":true,"href":"http:\/\/www.icpe.ro\/ro\/wp-json\/wp\/v2\/comments?post=19114"}],"version-history":[{"count":0,"href":"http:\/\/www.icpe.ro\/ro\/wp-json\/wp\/v2\/pages\/19114\/revisions"}],"up":[{"embeddable":true,"href":"http:\/\/www.icpe.ro\/ro\/wp-json\/wp\/v2\/pages\/17451"}],"wp:attachment":[{"href":"http:\/\/www.icpe.ro\/ro\/wp-json\/wp\/v2\/media?parent=19114"}],"wp:term":[{"taxonomy":"folder","embeddable":true,"href":"http:\/\/www.icpe.ro\/ro\/wp-json\/wp\/v2\/folder?post=19114"}],"curies":[{"name":"wp","href":"https:\/\/api.w.org\/{rel}","templated":true}]}}