{"id":19093,"date":"2017-11-17T11:47:36","date_gmt":"2017-11-17T08:47:36","guid":{"rendered":"http:\/\/www.incdie-icpe.ro\/ro\/?page_id=19093"},"modified":"2017-12-14T12:29:44","modified_gmt":"2017-12-14T09:29:44","slug":"modelare-fizica-simulare-numerica-arc-vid-mare-putere-influenta-camp-magnetic-transversal","status":"publish","type":"page","link":"http:\/\/www.icpe.ro\/ro\/lucrari-stiintifice\/modelare-fizica-simulare-numerica-arc-vid-mare-putere-influenta-camp-magnetic-transversal\/","title":{"rendered":"Modelarea fizic\u0103 \u0219i simularea numeric\u0103 a arcului de vid de mare putere, sub influen\u021ba c\u00e2mpului magnetic transversal"},"content":{"rendered":"<p>[vc_row][vc_column bg_color=&#8221;#c6c6c6&#8243; column_padding=&#8221;custom-padding&#8221; column_custompadding=&#8221;37px 40px 40px 40px&#8221; width=&#8221;1\/2&#8243;]<h2 class=\"headline font-inherit fontsize-m fontweight-400 lh-inherit align-center transform-inherit \" style=\"margin: 0 0 20px 0;\">ABSTRACT<\/h2><h2 class=\"headline font-inherit fontsize-xs fontweight-400 lh-inherit align-left transform-inherit \" style=\"margin: 0 0 20px 0; color: #282828;\"><\/h2>[\/vc_column][vc_column column_padding=&#8221;custom-padding&#8221; column_custompadding=&#8221;40px 40px 40px 40px&#8221; width=&#8221;1\/2&#8243;]<h2 class=\"headline font-inherit fontsize-s fontweight-800 lh-inherit align-left transform-inherit \" style=\"margin: 0 0 20px 0; color: #dd3333;\">Modelarea fizic\u0103 \u0219i simularea numeric\u0103 a arcului de vid de mare putere, sub influen\u021ba c\u00e2mpului magnetic transversal<\/h2>[vc_column_text]DATA:<strong> 2008<\/strong><\/p>\n<p>AUTORI:\u00a0<strong>Dan PAVELESCU, Gheorghe DUMITRESCU, Paula ANGHELI\u021a\u0102, Smaranda NI\u021aU<\/strong><\/p>\n<p>PREZENTAT LA:<strong> Proc. of the Conference \u201cCercetarea de excelen\u0163\u0103 \u2013 premiz\u0103 favorabil\u0103 pentru dezvoltarea spa\u0163iului rom\u00e2nesc de cercetare\u201d, 27-29 July 2008<br \/>\n<\/strong>[\/vc_column_text][\/vc_column][\/vc_row]<\/p>\n","protected":false},"excerpt":{"rendered":"<p>[vc_row][vc_column bg_color=&#8221;#c6c6c6&#8243; column_padding=&#8221;custom-padding&#8221; column_custompadding=&#8221;37px 40px 40px 40px&#8221; width=&#8221;1\/2&#8243;][\/vc_column][vc_column column_padding=&#8221;custom-padding&#8221; column_custompadding=&#8221;40px 40px 40px 40px&#8221; width=&#8221;1\/2&#8243;][vc_column_text]DATA: 2008 AUTORI:\u00a0Dan PAVELESCU, Gheorghe DUMITRESCU, Paula ANGHELI\u021a\u0102, Smaranda NI\u021aU PREZENTAT LA: Proc. of the Conference \u201cCercetarea de excelen\u0163\u0103 \u2013 premiz\u0103 favorabil\u0103 pentru dezvoltarea spa\u0163iului rom\u00e2nesc de cercetare\u201d, 27-29 July 2008 [\/vc_column_text][\/vc_column][\/vc_row]<\/p>\n","protected":false},"author":2,"featured_media":0,"parent":17451,"menu_order":223,"comment_status":"closed","ping_status":"closed","template":"","meta":[],"folder":[43],"_links":{"self":[{"href":"http:\/\/www.icpe.ro\/ro\/wp-json\/wp\/v2\/pages\/19093"}],"collection":[{"href":"http:\/\/www.icpe.ro\/ro\/wp-json\/wp\/v2\/pages"}],"about":[{"href":"http:\/\/www.icpe.ro\/ro\/wp-json\/wp\/v2\/types\/page"}],"author":[{"embeddable":true,"href":"http:\/\/www.icpe.ro\/ro\/wp-json\/wp\/v2\/users\/2"}],"replies":[{"embeddable":true,"href":"http:\/\/www.icpe.ro\/ro\/wp-json\/wp\/v2\/comments?post=19093"}],"version-history":[{"count":0,"href":"http:\/\/www.icpe.ro\/ro\/wp-json\/wp\/v2\/pages\/19093\/revisions"}],"up":[{"embeddable":true,"href":"http:\/\/www.icpe.ro\/ro\/wp-json\/wp\/v2\/pages\/17451"}],"wp:attachment":[{"href":"http:\/\/www.icpe.ro\/ro\/wp-json\/wp\/v2\/media?parent=19093"}],"wp:term":[{"taxonomy":"folder","embeddable":true,"href":"http:\/\/www.icpe.ro\/ro\/wp-json\/wp\/v2\/folder?post=19093"}],"curies":[{"name":"wp","href":"https:\/\/api.w.org\/{rel}","templated":true}]}}