{"id":19087,"date":"2017-11-17T11:36:25","date_gmt":"2017-11-17T08:36:25","guid":{"rendered":"http:\/\/www.incdie-icpe.ro\/ro\/?page_id=19087"},"modified":"2017-12-14T12:29:37","modified_gmt":"2017-12-14T09:29:37","slug":"europa-inovatoare-actiuni-romania-aliniere-efort-comun-european-domeniu","status":"publish","type":"page","link":"http:\/\/www.icpe.ro\/ro\/lucrari-stiintifice\/europa-inovatoare-actiuni-romania-aliniere-efort-comun-european-domeniu\/","title":{"rendered":"Europa inovatoare prin era \u015fi ac\u0163iuni ale Rom\u00e2niei pentru alinierea la efortul comun european \u00een domeniu"},"content":{"rendered":"<p>[vc_row][vc_column bg_color=&#8221;#c6c6c6&#8243; column_padding=&#8221;custom-padding&#8221; column_custompadding=&#8221;37px 40px 40px 40px&#8221; width=&#8221;1\/2&#8243;]<h2 class=\"headline font-inherit fontsize-m fontweight-400 lh-inherit align-center transform-inherit \" style=\"margin: 0 0 20px 0;\">ABSTRACT<\/h2><h2 class=\"headline font-inherit fontsize-xs fontweight-400 lh-inherit align-left transform-inherit \" style=\"margin: 0 0 20px 0; color: #282828;\">Spa\u0163iul european al cercet\u0103rii (ERA) reprezint\u0103 o activitate comun\u0103 de cercetare din partea statelor membre ale UE care caut\u0103 \u0163inte comune utiliz\u00e2nd bugetele na\u0163ionale. Rom\u00e2nia, ca stat membru a UE, urm\u0103re\u015fte integrarea \u00een proiecte comun cu celelalte state europene cu scopul de atinge cele mai bune practici din \u0163\u0103rile care au o experien\u0163\u0103 mai mare \u015fi bugete mai generoase.<\/h2>[\/vc_column][vc_column column_padding=&#8221;custom-padding&#8221; column_custompadding=&#8221;40px 40px 40px 40px&#8221; width=&#8221;1\/2&#8243;]<h2 class=\"headline font-inherit fontsize-s fontweight-800 lh-inherit align-left transform-inherit \" style=\"margin: 0 0 20px 0; color: #dd3333;\">Europa inovatoare prin era \u015fi ac\u0163iuni ale Rom\u00e2niei pentru alinierea la efortul comun european \u00een domeniu<\/h2>[vc_column_text]DATA:<strong> 2008<\/strong><\/p>\n<p>AUTORI: <strong>Nicolae VASILE, Floarea VASILE<br \/>\n<\/strong><\/p>\n<p>PUBLICAT \u00ceN:<strong> EEA 2008 | vol. 56 | nr. 4 | art. 14<br \/>\n<\/strong>[\/vc_column_text]<a href=\"http:\/\/www.eea-journal.ro\/ro\/d\/5\/p\/Vol.%2056%20%20%7C%20%20nr.%204%20%7C%20%20octombrie%20-%20decembrie%20%202008%20Articolul%2014\" target=\"_blank\" class=\"button color-5 small \" style=\"border-radius: 2px;\"><i class='fa fa-book'><\/i>Cite\u0219te online<\/a><a href=\"http:\/\/www.eea-journal.ro\/includes\/showArticle.php?identificatorArticol=191\" target=\"_blank\" class=\"button color-5 small \" style=\"border-radius: 2px;\"><i class='fa fa-file-pdf-o'><\/i>Descarc\u0103 lucrarea<\/a>[\/vc_column][\/vc_row]<\/p>\n","protected":false},"excerpt":{"rendered":"<p>[vc_row][vc_column bg_color=&#8221;#c6c6c6&#8243; column_padding=&#8221;custom-padding&#8221; column_custompadding=&#8221;37px 40px 40px 40px&#8221; width=&#8221;1\/2&#8243;][\/vc_column][vc_column column_padding=&#8221;custom-padding&#8221; column_custompadding=&#8221;40px 40px 40px 40px&#8221; width=&#8221;1\/2&#8243;][vc_column_text]DATA: 2008 AUTORI: Nicolae VASILE, Floarea VASILE PUBLICAT \u00ceN: EEA 2008 | vol. 56 | nr. 4 | art. 14 [\/vc_column_text][\/vc_column][\/vc_row]<\/p>\n","protected":false},"author":2,"featured_media":0,"parent":17451,"menu_order":141,"comment_status":"closed","ping_status":"closed","template":"","meta":[],"folder":[43],"_links":{"self":[{"href":"http:\/\/www.icpe.ro\/ro\/wp-json\/wp\/v2\/pages\/19087"}],"collection":[{"href":"http:\/\/www.icpe.ro\/ro\/wp-json\/wp\/v2\/pages"}],"about":[{"href":"http:\/\/www.icpe.ro\/ro\/wp-json\/wp\/v2\/types\/page"}],"author":[{"embeddable":true,"href":"http:\/\/www.icpe.ro\/ro\/wp-json\/wp\/v2\/users\/2"}],"replies":[{"embeddable":true,"href":"http:\/\/www.icpe.ro\/ro\/wp-json\/wp\/v2\/comments?post=19087"}],"version-history":[{"count":0,"href":"http:\/\/www.icpe.ro\/ro\/wp-json\/wp\/v2\/pages\/19087\/revisions"}],"up":[{"embeddable":true,"href":"http:\/\/www.icpe.ro\/ro\/wp-json\/wp\/v2\/pages\/17451"}],"wp:attachment":[{"href":"http:\/\/www.icpe.ro\/ro\/wp-json\/wp\/v2\/media?parent=19087"}],"wp:term":[{"taxonomy":"folder","embeddable":true,"href":"http:\/\/www.icpe.ro\/ro\/wp-json\/wp\/v2\/folder?post=19087"}],"curies":[{"name":"wp","href":"https:\/\/api.w.org\/{rel}","templated":true}]}}