{"id":19083,"date":"2017-11-17T11:25:22","date_gmt":"2017-11-17T08:25:22","guid":{"rendered":"http:\/\/www.incdie-icpe.ro\/ro\/?page_id=19083"},"modified":"2017-12-14T12:29:42","modified_gmt":"2017-12-14T09:29:42","slug":"masurare-rezistenta-biocompozite-reciclare-deseuri-pet","status":"publish","type":"page","link":"http:\/\/www.icpe.ro\/ro\/lucrari-stiintifice\/masurare-rezistenta-biocompozite-reciclare-deseuri-pet\/","title":{"rendered":"M\u0103surarea rezisten\u0163ei electrice a biocompozitelor ob\u0163inute prin reciclarea de\u015feurilor de\u00a0PET"},"content":{"rendered":"<p>[vc_row][vc_column bg_color=&#8221;#c6c6c6&#8243; column_padding=&#8221;custom-padding&#8221; column_custompadding=&#8221;37px 40px 40px 40px&#8221; width=&#8221;1\/2&#8243;]<h2 class=\"headline font-inherit fontsize-m fontweight-400 lh-inherit align-center transform-inherit \" style=\"margin: 0 0 20px 0;\">ABSTRACT<\/h2><h2 class=\"headline font-inherit fontsize-xs fontweight-400 lh-inherit align-left transform-inherit \" style=\"margin: 0 0 20px 0; color: #282828;\">Extinderea popula\u0163iei, necesitatea unui volum tot mai mare de bunuri \u015fi materii prime pe o pia\u0163\u0103 dinamic\u0103 \u015fi \u00een continu\u0103 dezvoltare, cererea tot mai mare de produse polimerice la un pre\u0163 competitive, \u00een condi\u0163iile penuriei de petrol \u015fi pre\u0163ului prohibitiv al energiei, corelate cu politicile na\u0163ionale \u015fi locale de valorizare sustenabil\u0103 a mediului natural \u015fi industrial constituie contextul general \u00een care proiectul de cercetare de care ne-am ocupat \u015fi-a propus s\u0103 realizeze, printr-o superioar\u0103 transformare a de\u015feurilor de PET \u015fi lemn, produse destinate unor valorific\u0103ri complexe, cu un clar beneficiu social. Biocompozitele propuse con\u0163in PET reciclat, al\u0163i polimeri sintetici \u015fi deriva\u0163i ligno-celulozici utiliza\u0163i ca materiale de umplere, aditivi sau\/\u015fi agen\u0163i de consolidare \u015fi omogenizare. Acest tip de material ofer\u0103, \u00een afar\u0103 de certa biodegradabilitate sau afinitatea pentru diverse medii de impregnare, \u015fi posibilitatea utiliz\u0103rii directe ca semifabricat tip lemn-plastic pentru industria electrotehnic\u0103, componente pentru vehicule, chimie, mobil\u0103, construc\u0163ii, cu un impact de perspectiv\u0103 pe pia\u0163a interna\u0163ional\u0103 a biocompoundurilor cu aplica\u0163ii dedicate.<\/h2>[\/vc_column][vc_column column_padding=&#8221;custom-padding&#8221; column_custompadding=&#8221;40px 40px 40px 40px&#8221; width=&#8221;1\/2&#8243;]<h2 class=\"headline font-inherit fontsize-s fontweight-800 lh-inherit align-left transform-inherit \" style=\"margin: 0 0 20px 0; color: #dd3333;\">M\u0103surarea rezisten\u0163ei electrice a biocompozitelor ob\u0163inute prin reciclarea de\u015feurilor de PET<\/h2>[vc_column_text]DATA:<strong> 2008<\/strong><\/p>\n<p>AUTORI:\u00a0<strong>Corina NICOLAE, Daniela BULEANDR\u0102, Maria C\u0102\u0218\u0102RIU<\/strong><\/p>\n<p>PUBLICAT \u00ceN:<strong> EEA 2008 | vol. 56 | nr. 4 | art. 12<br \/>\n<\/strong>[\/vc_column_text]<a href=\"http:\/\/www.eea-journal.ro\/ro\/d\/5\/p\/Vol.%2056%20%20%7C%20%20nr.%204%20%7C%20%20octombrie%20-%20decembrie%20%202008%20Articolul%2012\" target=\"_blank\" class=\"button color-5 small \" style=\"border-radius: 2px;\"><i class='fa fa-book'><\/i>Cite\u0219te online<\/a><a href=\"http:\/\/www.eea-journal.ro\/includes\/showArticle.php?identificatorArticol=189\" target=\"_blank\" class=\"button color-5 small \" style=\"border-radius: 2px;\"><i class='fa fa-file-pdf-o'><\/i>Descarc\u0103 lucrarea<\/a>[\/vc_column][\/vc_row]<\/p>\n","protected":false},"excerpt":{"rendered":"<p>[vc_row][vc_column bg_color=&#8221;#c6c6c6&#8243; column_padding=&#8221;custom-padding&#8221; column_custompadding=&#8221;37px 40px 40px 40px&#8221; width=&#8221;1\/2&#8243;][\/vc_column][vc_column column_padding=&#8221;custom-padding&#8221; column_custompadding=&#8221;40px 40px 40px 40px&#8221; width=&#8221;1\/2&#8243;][vc_column_text]DATA: 2008 AUTORI:\u00a0Corina NICOLAE, Daniela BULEANDR\u0102, Maria C\u0102\u0218\u0102RIU PUBLICAT \u00ceN: EEA 2008 | vol. 56 | nr. 4 | art. 12 [\/vc_column_text][\/vc_column][\/vc_row]<\/p>\n","protected":false},"author":2,"featured_media":0,"parent":17451,"menu_order":205,"comment_status":"closed","ping_status":"closed","template":"","meta":[],"folder":[43],"_links":{"self":[{"href":"http:\/\/www.icpe.ro\/ro\/wp-json\/wp\/v2\/pages\/19083"}],"collection":[{"href":"http:\/\/www.icpe.ro\/ro\/wp-json\/wp\/v2\/pages"}],"about":[{"href":"http:\/\/www.icpe.ro\/ro\/wp-json\/wp\/v2\/types\/page"}],"author":[{"embeddable":true,"href":"http:\/\/www.icpe.ro\/ro\/wp-json\/wp\/v2\/users\/2"}],"replies":[{"embeddable":true,"href":"http:\/\/www.icpe.ro\/ro\/wp-json\/wp\/v2\/comments?post=19083"}],"version-history":[{"count":0,"href":"http:\/\/www.icpe.ro\/ro\/wp-json\/wp\/v2\/pages\/19083\/revisions"}],"up":[{"embeddable":true,"href":"http:\/\/www.icpe.ro\/ro\/wp-json\/wp\/v2\/pages\/17451"}],"wp:attachment":[{"href":"http:\/\/www.icpe.ro\/ro\/wp-json\/wp\/v2\/media?parent=19083"}],"wp:term":[{"taxonomy":"folder","embeddable":true,"href":"http:\/\/www.icpe.ro\/ro\/wp-json\/wp\/v2\/folder?post=19083"}],"curies":[{"name":"wp","href":"https:\/\/api.w.org\/{rel}","templated":true}]}}