{"id":19081,"date":"2017-11-17T11:21:14","date_gmt":"2017-11-17T08:21:14","guid":{"rendered":"http:\/\/www.incdie-icpe.ro\/ro\/?page_id=19081"},"modified":"2017-12-14T12:31:12","modified_gmt":"2017-12-14T09:31:12","slug":"surse-performante-reglare-flux-luminos-tuburi-descarcare-gaze-inalta-tensiune","status":"publish","type":"page","link":"http:\/\/www.icpe.ro\/ro\/lucrari-stiintifice\/surse-performante-reglare-flux-luminos-tuburi-descarcare-gaze-inalta-tensiune\/","title":{"rendered":"Surse performante cu reglare adaptativ\u0103 a fluxului luminos pentru tuburile cu desc\u0103rcare \u00een gaze la \u00eenalt\u0103 tensiune"},"content":{"rendered":"<p>[vc_row][vc_column bg_color=&#8221;#c6c6c6&#8243; column_padding=&#8221;custom-padding&#8221; column_custompadding=&#8221;37px 40px 40px 40px&#8221; width=&#8221;1\/2&#8243;]<h2 class=\"headline font-inherit fontsize-m fontweight-400 lh-inherit align-center transform-inherit \" style=\"margin: 0 0 20px 0;\">ABSTRACT<\/h2><h2 class=\"headline font-inherit fontsize-xs fontweight-400 lh-inherit align-left transform-inherit \" style=\"margin: 0 0 20px 0; color: #282828;\">Iluminatul interior al cl\u0103dirilor are un aport deosebit la asigurarea condi\u0163iilor optime de munc\u0103, un efect psihologic important, poate asigura o eficien\u0163\u0103 mai ridicat\u0103 \u00een munc\u0103, un grad mai cobor\u00e2t de oboseal\u0103, cu efecte benefice asupra nivelului de s\u0103n\u0103tate. Pe baza cunoa\u015fterii preocup\u0103rilor pe plan interna\u0163ional, a dezvolt\u0103rii de noi surse de lumin\u0103 \u015fi a surselor de alimentare, a tendin\u0163elor \u00een domeniu \u015fi a capabilit\u0103\u0163ii \u015ftiin\u0163ifice a colectivului propriu de cercetare, s-a ajuns la concluzia ca abordarea \u015fi realizarea surselor electronice de \u00eenalt\u0103 tensiune pentru l\u0103mpile cu desc\u0103rcare \u00een gaze rarefiate este necesar\u0103, util\u0103 \u015fi posibil\u0103, cu utilizare la implementarea sistemelor moderne de iluminat electric.<\/h2>[\/vc_column][vc_column column_padding=&#8221;custom-padding&#8221; column_custompadding=&#8221;40px 40px 40px 40px&#8221; width=&#8221;1\/2&#8243;]<h2 class=\"headline font-inherit fontsize-s fontweight-800 lh-inherit align-left transform-inherit \" style=\"margin: 0 0 20px 0; color: #dd3333;\">Surse performante cu reglare adaptativ\u0103 a fluxului luminos pentru tuburile cu desc\u0103rcare \u00een gaze la \u00eenalt\u0103 tensiune<\/h2>[vc_column_text]DATA:<strong> 2008<\/strong><\/p>\n<p>AUTORI:\u00a0<strong>Gheorghe GHIUR, Constantin IVANOVICI,\u00a0Yann Alexandre CARACOTA, Mioara MAZILU, Ionel POPA, Doru PATULEA,\u00a0Nicolae GOLOVANOV<\/strong><\/p>\n<p>PUBLICAT \u00ceN:<strong> EEA 2008 | vol. 56 | nr. 4 | art. 10<br \/>\n<\/strong>[\/vc_column_text]<a href=\"http:\/\/www.eea-journal.ro\/ro\/d\/5\/p\/Vol.%2056%20%20%7C%20%20nr.%204%20%7C%20%20octombrie%20-%20decembrie%20%202008%20Articolul%2010\" target=\"_blank\" class=\"button color-5 small \" style=\"border-radius: 2px;\"><i class='fa fa-book'><\/i>Cite\u0219te online<\/a><a href=\"http:\/\/www.eea-journal.ro\/includes\/showArticle.php?identificatorArticol=187\" target=\"_blank\" class=\"button color-5 small \" style=\"border-radius: 2px;\"><i class='fa fa-file-pdf-o'><\/i>Descarc\u0103 lucrarea<\/a>[\/vc_column][\/vc_row]<\/p>\n","protected":false},"excerpt":{"rendered":"<p>[vc_row][vc_column bg_color=&#8221;#c6c6c6&#8243; column_padding=&#8221;custom-padding&#8221; column_custompadding=&#8221;37px 40px 40px 40px&#8221; width=&#8221;1\/2&#8243;][\/vc_column][vc_column column_padding=&#8221;custom-padding&#8221; column_custompadding=&#8221;40px 40px 40px 40px&#8221; width=&#8221;1\/2&#8243;][vc_column_text]DATA: 2008 AUTORI:\u00a0Gheorghe GHIUR, Constantin IVANOVICI,\u00a0Yann Alexandre CARACOTA, Mioara MAZILU, Ionel POPA, Doru PATULEA,\u00a0Nicolae GOLOVANOV PUBLICAT \u00ceN: EEA 2008 | vol. 56 | nr. 4 | art. 10 [\/vc_column_text][\/vc_column][\/vc_row]<\/p>\n","protected":false},"author":2,"featured_media":0,"parent":17451,"menu_order":369,"comment_status":"closed","ping_status":"closed","template":"","meta":[],"folder":[43],"_links":{"self":[{"href":"http:\/\/www.icpe.ro\/ro\/wp-json\/wp\/v2\/pages\/19081"}],"collection":[{"href":"http:\/\/www.icpe.ro\/ro\/wp-json\/wp\/v2\/pages"}],"about":[{"href":"http:\/\/www.icpe.ro\/ro\/wp-json\/wp\/v2\/types\/page"}],"author":[{"embeddable":true,"href":"http:\/\/www.icpe.ro\/ro\/wp-json\/wp\/v2\/users\/2"}],"replies":[{"embeddable":true,"href":"http:\/\/www.icpe.ro\/ro\/wp-json\/wp\/v2\/comments?post=19081"}],"version-history":[{"count":0,"href":"http:\/\/www.icpe.ro\/ro\/wp-json\/wp\/v2\/pages\/19081\/revisions"}],"up":[{"embeddable":true,"href":"http:\/\/www.icpe.ro\/ro\/wp-json\/wp\/v2\/pages\/17451"}],"wp:attachment":[{"href":"http:\/\/www.icpe.ro\/ro\/wp-json\/wp\/v2\/media?parent=19081"}],"wp:term":[{"taxonomy":"folder","embeddable":true,"href":"http:\/\/www.icpe.ro\/ro\/wp-json\/wp\/v2\/folder?post=19081"}],"curies":[{"name":"wp","href":"https:\/\/api.w.org\/{rel}","templated":true}]}}