{"id":19077,"date":"2017-11-17T11:07:17","date_gmt":"2017-11-17T08:07:17","guid":{"rendered":"http:\/\/www.incdie-icpe.ro\/ro\/?page_id=19077"},"modified":"2017-12-14T12:29:52","modified_gmt":"2017-12-14T09:29:52","slug":"solutii-tehnice-modernizare-infrastructura-transport-teran-subteran","status":"publish","type":"page","link":"http:\/\/www.icpe.ro\/ro\/lucrari-stiintifice\/solutii-tehnice-modernizare-infrastructura-transport-teran-subteran\/","title":{"rendered":"Solu\u0163ii tehnice noi pentru modernizarea infrastructurii din transporturi pe calea ferat\u0103 teran\u0103 \u015fi subteran\u0103"},"content":{"rendered":"<p>[vc_row][vc_column bg_color=&#8221;#c6c6c6&#8243; column_padding=&#8221;custom-padding&#8221; column_custompadding=&#8221;37px 40px 40px 40px&#8221; width=&#8221;1\/2&#8243;]<h2 class=\"headline font-inherit fontsize-m fontweight-400 lh-inherit align-center transform-inherit \" style=\"margin: 0 0 20px 0;\">ABSTRACT<\/h2><h2 class=\"headline font-inherit fontsize-xs fontweight-400 lh-inherit align-left transform-inherit \" style=\"margin: 0 0 20px 0; color: #282828;\">Obiectivul principal al proiectului de care ne-am ocupat a constat \u00een elaborarea unei solu\u0163ii tehnice noi pentru modernizarea infrastructurii transportului cu metroul, tramvaiul \u015fi pe calea ferat\u0103 prin aplicarea pe scar\u0103 larg\u0103 a unui sistem elastic pentru reducerea semnificativ\u0103 a nivelului de vibra\u0163ii \u015fi de zgomot, pe liniile de cale ferat\u0103 terane \u015fi subterane, cu aplicabilitate la SC METROREX SA, Bucure\u015fti, RATB \u015fi CFR, S-au realizat pl\u0103ci\/pl\u0103cu\u0163e elastice care se introduc \u00eentre \u015fin\u0103 \u015fi traversa\/placa suport, \u00eentre placa suport \u015fi travers\u0103, \u00eentre travers\u0103 \u015fi balast \u015fi \u00eentre dala de beton \u015fi platforma de beton. Pl\u0103cu\u0163ele\/pl\u0103cile elastice absorb vibra\u0163iile\/zgomotul \u015finelor de cale ferat\u0103 pe o durat\u0103 lung\u0103 de timp (peste 15 ani) \u00een condi\u0163ii de climat natural temperat \u015fi de temperaturi sc\u0103zute.<\/h2>[\/vc_column][vc_column column_padding=&#8221;custom-padding&#8221; column_custompadding=&#8221;40px 40px 40px 40px&#8221; width=&#8221;1\/2&#8243;]<h2 class=\"headline font-inherit fontsize-s fontweight-800 lh-inherit align-left transform-inherit \" style=\"margin: 0 0 20px 0; color: #dd3333;\">Solu\u0163ii tehnice noi pentru modernizarea infrastructurii din transporturi pe calea ferat\u0103 teran\u0103 \u015fi subteran\u0103<\/h2>[vc_column_text]DATA:<strong> 2008<\/strong><\/p>\n<p>AUTORI:<strong>\u00a0Daniela BULEANDR\u0102, Maria C\u0102\u0218\u0102RIU,\u00a0Corina NICOLAE, \u015etefan OPREA<\/strong><\/p>\n<p>PUBLICAT \u00ceN:<strong> EEA 2008 | vol. 56 | nr. 4 | art. 7<br \/>\n<\/strong>[\/vc_column_text]<a href=\"http:\/\/www.eea-journal.ro\/ro\/d\/5\/p\/Vol.%2056%20%20%7C%20%20nr.%204%20%7C%20%20octombrie%20-%20decembrie%20%202008%20Articolul%207\" target=\"_blank\" class=\"button color-5 small \" style=\"border-radius: 2px;\"><i class='fa fa-book'><\/i>Cite\u0219te online<\/a><a href=\"http:\/\/www.eea-journal.ro\/includes\/showArticle.php?identificatorArticol=184\" target=\"_blank\" class=\"button color-5 small \" style=\"border-radius: 2px;\"><i class='fa fa-file-pdf-o'><\/i>Descarc\u0103 lucrarea<\/a>[\/vc_column][\/vc_row]<\/p>\n","protected":false},"excerpt":{"rendered":"<p>[vc_row][vc_column bg_color=&#8221;#c6c6c6&#8243; column_padding=&#8221;custom-padding&#8221; column_custompadding=&#8221;37px 40px 40px 40px&#8221; width=&#8221;1\/2&#8243;][\/vc_column][vc_column column_padding=&#8221;custom-padding&#8221; column_custompadding=&#8221;40px 40px 40px 40px&#8221; width=&#8221;1\/2&#8243;][vc_column_text]DATA: 2008 AUTORI:\u00a0Daniela BULEANDR\u0102, Maria C\u0102\u0218\u0102RIU,\u00a0Corina NICOLAE, \u015etefan OPREA PUBLICAT \u00ceN: EEA 2008 | vol. 56 | nr. 4 | art. 7 [\/vc_column_text][\/vc_column][\/vc_row]<\/p>\n","protected":false},"author":2,"featured_media":0,"parent":17451,"menu_order":344,"comment_status":"closed","ping_status":"closed","template":"","meta":[],"folder":[43],"_links":{"self":[{"href":"http:\/\/www.icpe.ro\/ro\/wp-json\/wp\/v2\/pages\/19077"}],"collection":[{"href":"http:\/\/www.icpe.ro\/ro\/wp-json\/wp\/v2\/pages"}],"about":[{"href":"http:\/\/www.icpe.ro\/ro\/wp-json\/wp\/v2\/types\/page"}],"author":[{"embeddable":true,"href":"http:\/\/www.icpe.ro\/ro\/wp-json\/wp\/v2\/users\/2"}],"replies":[{"embeddable":true,"href":"http:\/\/www.icpe.ro\/ro\/wp-json\/wp\/v2\/comments?post=19077"}],"version-history":[{"count":0,"href":"http:\/\/www.icpe.ro\/ro\/wp-json\/wp\/v2\/pages\/19077\/revisions"}],"up":[{"embeddable":true,"href":"http:\/\/www.icpe.ro\/ro\/wp-json\/wp\/v2\/pages\/17451"}],"wp:attachment":[{"href":"http:\/\/www.icpe.ro\/ro\/wp-json\/wp\/v2\/media?parent=19077"}],"wp:term":[{"taxonomy":"folder","embeddable":true,"href":"http:\/\/www.icpe.ro\/ro\/wp-json\/wp\/v2\/folder?post=19077"}],"curies":[{"name":"wp","href":"https:\/\/api.w.org\/{rel}","templated":true}]}}