{"id":19069,"date":"2017-11-17T10:37:35","date_gmt":"2017-11-17T07:37:35","guid":{"rendered":"http:\/\/www.incdie-icpe.ro\/ro\/?page_id=19069"},"modified":"2017-12-14T12:29:43","modified_gmt":"2017-12-14T09:29:43","slug":"metode-imagistice-rmn-investigatie-medicala-sistem-pielocaliceal","status":"publish","type":"page","link":"http:\/\/www.icpe.ro\/ro\/lucrari-stiintifice\/metode-imagistice-rmn-investigatie-medicala-sistem-pielocaliceal\/","title":{"rendered":"Metode imagistice RMN \u00een investiga\u0163ia medical\u0103 a sistemului pielocaliceal"},"content":{"rendered":"<p>[vc_row][vc_column bg_color=&#8221;#c6c6c6&#8243; column_padding=&#8221;custom-padding&#8221; column_custompadding=&#8221;37px 40px 40px 40px&#8221; width=&#8221;1\/2&#8243;]<h2 class=\"headline font-inherit fontsize-m fontweight-400 lh-inherit align-center transform-inherit \" style=\"margin: 0 0 20px 0;\">ABSTRACT<\/h2><h2 class=\"headline font-inherit fontsize-xs fontweight-400 lh-inherit align-left transform-inherit \" style=\"margin: 0 0 20px 0; color: #282828;\">Metoda MRI este bazat\u0103 pe fenomenul de rezonan\u0163\u0103 magnetic\u0103 \u015fi este o procedur\u0103 relativ nou\u0103 \u00een domeniul medical. \u00cen esen\u0163\u0103, o imagine MIR converte\u015fte intensitatea semnalului de frecven\u0163\u0103 radio (RF) \u00een semnale optice. Semnalele RF sunt emise de c\u0103tre nucleele atomice ale regiunilor anatomice care sunt investigate, supuse la c\u00e2mpuri magnetice \u015fi electrice variate. Reconstruc\u0163ia imaginii 3D este utilizat\u0103 \u00een investiga\u0163ia p\u0103r\u0163ilor anatomice cum ar fi: sistemul nervos, sistemul pulmonar, sistemul cardiac, oase. Acest articol are drept scop s\u0103 descrie o nou\u0103 metod\u0103 pentru monitorizarea schimb\u0103rilor sistemului renal, schimb\u0103ri datorate unei chirurgii pieloplastice.\u00a0\u00a0 Aceast\u0103 metod\u0103 este bazat\u0103 pe m\u0103surarea \u00een volum a sistemului renal, volumuri ob\u0163inute prin MRI.<\/h2>[\/vc_column][vc_column column_padding=&#8221;custom-padding&#8221; column_custompadding=&#8221;40px 40px 40px 40px&#8221; width=&#8221;1\/2&#8243;]<h2 class=\"headline font-inherit fontsize-s fontweight-800 lh-inherit align-left transform-inherit \" style=\"margin: 0 0 20px 0; color: #dd3333;\">Metode imagistice RMN \u00een investiga\u0163ia medical\u0103 a sistemului pielocaliceal<\/h2>[vc_column_text]DATA:<strong> 2008<\/strong><\/p>\n<p>AUTOR:\u00a0<strong>Daniela BULEANDRA<\/strong><\/p>\n<p>PUBLICAT \u00ceN:<strong> EEA 2008 | vol. 56 | nr. 1 | art. 18<br \/>\n<\/strong>[\/vc_column_text]<a href=\"http:\/\/www.eea-journal.ro\/ro\/d\/5\/p\/Vol.%2056%20%20%7C%20%20nr.%201%20si%202%20%7C%20%20ianuarie%20-%20iunie%20%202008%20Articolul%2018\" target=\"_blank\" class=\"button color-5 small \" style=\"border-radius: 2px;\"><i class='fa fa-book'><\/i>Cite\u0219te online<\/a><a href=\"http:\/\/www.eea-journal.ro\/includes\/showArticle.php?identificatorArticol=164\" target=\"_blank\" class=\"button color-5 small \" style=\"border-radius: 2px;\"><i class='fa fa-file-pdf-o'><\/i>Descarc\u0103 lucrarea<\/a>[\/vc_column][\/vc_row]<\/p>\n","protected":false},"excerpt":{"rendered":"<p>[vc_row][vc_column bg_color=&#8221;#c6c6c6&#8243; column_padding=&#8221;custom-padding&#8221; column_custompadding=&#8221;37px 40px 40px 40px&#8221; width=&#8221;1\/2&#8243;][\/vc_column][vc_column column_padding=&#8221;custom-padding&#8221; column_custompadding=&#8221;40px 40px 40px 40px&#8221; width=&#8221;1\/2&#8243;][vc_column_text]DATA: 2008 AUTOR:\u00a0Daniela BULEANDRA PUBLICAT \u00ceN: EEA 2008 | vol. 56 | nr. 1 | art. 18 [\/vc_column_text][\/vc_column][\/vc_row]<\/p>\n","protected":false},"author":2,"featured_media":0,"parent":17451,"menu_order":214,"comment_status":"closed","ping_status":"closed","template":"","meta":[],"folder":[43],"_links":{"self":[{"href":"http:\/\/www.icpe.ro\/ro\/wp-json\/wp\/v2\/pages\/19069"}],"collection":[{"href":"http:\/\/www.icpe.ro\/ro\/wp-json\/wp\/v2\/pages"}],"about":[{"href":"http:\/\/www.icpe.ro\/ro\/wp-json\/wp\/v2\/types\/page"}],"author":[{"embeddable":true,"href":"http:\/\/www.icpe.ro\/ro\/wp-json\/wp\/v2\/users\/2"}],"replies":[{"embeddable":true,"href":"http:\/\/www.icpe.ro\/ro\/wp-json\/wp\/v2\/comments?post=19069"}],"version-history":[{"count":0,"href":"http:\/\/www.icpe.ro\/ro\/wp-json\/wp\/v2\/pages\/19069\/revisions"}],"up":[{"embeddable":true,"href":"http:\/\/www.icpe.ro\/ro\/wp-json\/wp\/v2\/pages\/17451"}],"wp:attachment":[{"href":"http:\/\/www.icpe.ro\/ro\/wp-json\/wp\/v2\/media?parent=19069"}],"wp:term":[{"taxonomy":"folder","embeddable":true,"href":"http:\/\/www.icpe.ro\/ro\/wp-json\/wp\/v2\/folder?post=19069"}],"curies":[{"name":"wp","href":"https:\/\/api.w.org\/{rel}","templated":true}]}}