{"id":19030,"date":"2017-11-16T15:01:05","date_gmt":"2017-11-16T12:01:05","guid":{"rendered":"http:\/\/www.incdie-icpe.ro\/ro\/?page_id=19030"},"modified":"2017-12-14T12:29:37","modified_gmt":"2017-12-14T09:29:37","slug":"electrotehnica-versus-fizica-secolul-xx","status":"publish","type":"page","link":"http:\/\/www.icpe.ro\/ro\/lucrari-stiintifice\/electrotehnica-versus-fizica-secolul-xx\/","title":{"rendered":"Electrotehnica versus fizica secolului XX"},"content":{"rendered":"<p>[vc_row][vc_column bg_color=&#8221;#c6c6c6&#8243; column_padding=&#8221;custom-padding&#8221; column_custompadding=&#8221;37px 40px 40px 40px&#8221; width=&#8221;1\/2&#8243;]<h2 class=\"headline font-inherit fontsize-m fontweight-400 lh-inherit align-center transform-inherit \" style=\"margin: 0 0 20px 0;\">ABSTRACT<\/h2><h2 class=\"headline font-inherit fontsize-xs fontweight-400 lh-inherit align-left transform-inherit \" style=\"margin: 0 0 20px 0; color: #282828;\">Acest articol prezint\u0103 imensul \u015foc cultural al electrodinamicii clasice \u2013 ca baz\u0103 pentru electrotehnic\u0103 \u2013 \u015fi valorile pragmatice ale tehnologiilor. \u00cen prezent, se poate spune c\u0103 sim\u0163im din ce \u00een ce mai acut\u0103 necesitatea unui nivel mai \u00eenalt al capacit\u0103\u0163ii fizicii \u00een \u00eenv\u0103\u0163\u0103m\u00e2ntul nostru superior. Este vorba de o \u00een\u0163elegere profund\u0103 a fenomenului, ceea ce poate conduce la rezultate mai bune, at\u00e2t \u00een cercetarea \u015fi dezvoltarea avansat\u0103, c\u00e2t \u015fi \u00een \u00eenv\u0103\u0163\u0103m\u00e2ntul superior din Rom\u00e2nia de a fi mai aproape de SUA, UE \u015fi Rusia.<\/h2>[\/vc_column][vc_column column_padding=&#8221;custom-padding&#8221; column_custompadding=&#8221;40px 40px 40px 40px&#8221; width=&#8221;1\/2&#8243;]<h2 class=\"headline font-inherit fontsize-s fontweight-800 lh-inherit align-left transform-inherit \" style=\"margin: 0 0 20px 0; color: #dd3333;\">Electrotehnica versus fizica secolului XX<\/h2>[vc_column_text]DATA:<strong> 2008<\/strong><\/p>\n<p>AUTORI:<strong>\u00a0Mihai B\u0102DIC, Lia-Elena ACIU, Maria \u0218TEFAN<\/strong><\/p>\n<p>PUBLICAT \u00ceN:<strong> EEA 2008 | vol. 56 | nr. 1 | art. 5<br \/>\n<\/strong>[\/vc_column_text]<a href=\"http:\/\/www.eea-journal.ro\/ro\/d\/5\/p\/Vol.%2056%20%20%7C%20%20nr.%201%20si%202%20%7C%20%20ianuarie%20-%20iunie%20%202008%20Articolul%205\" target=\"_blank\" class=\"button color-5 small \" style=\"border-radius: 2px;\"><i class='fa fa-book'><\/i>Cite\u0219te online<\/a><a href=\"http:\/\/www.eea-journal.ro\/includes\/showArticle.php?identificatorArticol=151\" target=\"_blank\" class=\"button color-5 small \" style=\"border-radius: 2px;\"><i class='fa fa-file-pdf-o'><\/i>Descarc\u0103 lucrarea<\/a>[\/vc_column][\/vc_row]<\/p>\n","protected":false},"excerpt":{"rendered":"<p>[vc_row][vc_column bg_color=&#8221;#c6c6c6&#8243; column_padding=&#8221;custom-padding&#8221; column_custompadding=&#8221;37px 40px 40px 40px&#8221; width=&#8221;1\/2&#8243;][\/vc_column][vc_column column_padding=&#8221;custom-padding&#8221; column_custompadding=&#8221;40px 40px 40px 40px&#8221; width=&#8221;1\/2&#8243;][vc_column_text]DATA: 2008 AUTORI:\u00a0Mihai B\u0102DIC, Lia-Elena ACIU, Maria \u0218TEFAN PUBLICAT \u00ceN: EEA 2008 | vol. 56 | nr. 1 | art. 5 [\/vc_column_text][\/vc_column][\/vc_row]<\/p>\n","protected":false},"author":2,"featured_media":0,"parent":17451,"menu_order":130,"comment_status":"closed","ping_status":"closed","template":"","meta":[],"folder":[43],"_links":{"self":[{"href":"http:\/\/www.icpe.ro\/ro\/wp-json\/wp\/v2\/pages\/19030"}],"collection":[{"href":"http:\/\/www.icpe.ro\/ro\/wp-json\/wp\/v2\/pages"}],"about":[{"href":"http:\/\/www.icpe.ro\/ro\/wp-json\/wp\/v2\/types\/page"}],"author":[{"embeddable":true,"href":"http:\/\/www.icpe.ro\/ro\/wp-json\/wp\/v2\/users\/2"}],"replies":[{"embeddable":true,"href":"http:\/\/www.icpe.ro\/ro\/wp-json\/wp\/v2\/comments?post=19030"}],"version-history":[{"count":0,"href":"http:\/\/www.icpe.ro\/ro\/wp-json\/wp\/v2\/pages\/19030\/revisions"}],"up":[{"embeddable":true,"href":"http:\/\/www.icpe.ro\/ro\/wp-json\/wp\/v2\/pages\/17451"}],"wp:attachment":[{"href":"http:\/\/www.icpe.ro\/ro\/wp-json\/wp\/v2\/media?parent=19030"}],"wp:term":[{"taxonomy":"folder","embeddable":true,"href":"http:\/\/www.icpe.ro\/ro\/wp-json\/wp\/v2\/folder?post=19030"}],"curies":[{"name":"wp","href":"https:\/\/api.w.org\/{rel}","templated":true}]}}