{"id":19022,"date":"2017-11-16T14:43:41","date_gmt":"2017-11-16T11:43:41","guid":{"rendered":"http:\/\/www.incdie-icpe.ro\/ro\/?page_id=19022"},"modified":"2017-12-14T12:31:14","modified_gmt":"2017-12-14T09:31:14","slug":"utilizare-componente-electrice-corpuri-iluminat-publis","status":"publish","type":"page","link":"http:\/\/www.icpe.ro\/ro\/lucrari-stiintifice\/utilizare-componente-electrice-corpuri-iluminat-publis\/","title":{"rendered":"Utilizarea componentelor electrice la corpurile de iluminat public \u2013 o nou\u0103 solu\u0163ie de protec\u0163ie a mediului"},"content":{"rendered":"<p>[vc_row][vc_column bg_color=&#8221;#c6c6c6&#8243; column_padding=&#8221;custom-padding&#8221; column_custompadding=&#8221;37px 40px 40px 40px&#8221; width=&#8221;1\/2&#8243;]<h2 class=\"headline font-inherit fontsize-m fontweight-400 lh-inherit align-center transform-inherit \" style=\"margin: 0 0 20px 0;\">ABSTRACT<\/h2><h2 class=\"headline font-inherit fontsize-xs fontweight-400 lh-inherit align-left transform-inherit \" style=\"margin: 0 0 20px 0; color: #282828;\"><\/h2>[\/vc_column][vc_column column_padding=&#8221;custom-padding&#8221; column_custompadding=&#8221;40px 40px 40px 40px&#8221; width=&#8221;1\/2&#8243;]<h2 class=\"headline font-inherit fontsize-s fontweight-800 lh-inherit align-left transform-inherit \" style=\"margin: 0 0 20px 0; color: #dd3333;\">Utilizarea componentelor electrice la corpurile de iluminat public \u2013 o nou\u0103 solu\u0163ie de protec\u0163ie a mediului<\/h2>[vc_column_text]DATA:<strong> 2009<\/strong><\/p>\n<p>AUTORI:\u00a0<strong>Constantin IVANOVICI, Ionel POPA, Mihai STOICA, Sidonia CR\u0102CIUN, Irina PETCU<\/strong><\/p>\n<p>PREZENTAT LA:<strong> Simpozionul \u201eImpactul ACQUIS-ului comunitar de mediu asupra tehnologiilor \u015fi echipamentelor\u201d, edi\u0163ia a 6-a, 26-28 august 2009<br \/>\n<\/strong>[\/vc_column_text][\/vc_column][\/vc_row]<\/p>\n","protected":false},"excerpt":{"rendered":"<p>[vc_row][vc_column bg_color=&#8221;#c6c6c6&#8243; column_padding=&#8221;custom-padding&#8221; column_custompadding=&#8221;37px 40px 40px 40px&#8221; width=&#8221;1\/2&#8243;][\/vc_column][vc_column column_padding=&#8221;custom-padding&#8221; column_custompadding=&#8221;40px 40px 40px 40px&#8221; width=&#8221;1\/2&#8243;][vc_column_text]DATA: 2009 AUTORI:\u00a0Constantin IVANOVICI, Ionel POPA, Mihai STOICA, Sidonia CR\u0102CIUN, Irina PETCU PREZENTAT LA: Simpozionul \u201eImpactul ACQUIS-ului comunitar de mediu asupra tehnologiilor \u015fi echipamentelor\u201d, edi\u0163ia a 6-a, 26-28 august 2009 [\/vc_column_text][\/vc_column][\/vc_row]<\/p>\n","protected":false},"author":2,"featured_media":0,"parent":17451,"menu_order":384,"comment_status":"closed","ping_status":"closed","template":"","meta":[],"folder":[43],"_links":{"self":[{"href":"http:\/\/www.icpe.ro\/ro\/wp-json\/wp\/v2\/pages\/19022"}],"collection":[{"href":"http:\/\/www.icpe.ro\/ro\/wp-json\/wp\/v2\/pages"}],"about":[{"href":"http:\/\/www.icpe.ro\/ro\/wp-json\/wp\/v2\/types\/page"}],"author":[{"embeddable":true,"href":"http:\/\/www.icpe.ro\/ro\/wp-json\/wp\/v2\/users\/2"}],"replies":[{"embeddable":true,"href":"http:\/\/www.icpe.ro\/ro\/wp-json\/wp\/v2\/comments?post=19022"}],"version-history":[{"count":0,"href":"http:\/\/www.icpe.ro\/ro\/wp-json\/wp\/v2\/pages\/19022\/revisions"}],"up":[{"embeddable":true,"href":"http:\/\/www.icpe.ro\/ro\/wp-json\/wp\/v2\/pages\/17451"}],"wp:attachment":[{"href":"http:\/\/www.icpe.ro\/ro\/wp-json\/wp\/v2\/media?parent=19022"}],"wp:term":[{"taxonomy":"folder","embeddable":true,"href":"http:\/\/www.icpe.ro\/ro\/wp-json\/wp\/v2\/folder?post=19022"}],"curies":[{"name":"wp","href":"https:\/\/api.w.org\/{rel}","templated":true}]}}