{"id":19018,"date":"2017-11-16T14:36:19","date_gmt":"2017-11-16T11:36:19","guid":{"rendered":"http:\/\/www.incdie-icpe.ro\/ro\/?page_id=19018"},"modified":"2017-12-14T12:29:47","modified_gmt":"2017-12-14T09:29:47","slug":"parteneriat-romano-portughez-industrie-academie-crestere-competitivitate-economica-imm-2","status":"publish","type":"page","link":"http:\/\/www.icpe.ro\/ro\/lucrari-stiintifice\/parteneriat-romano-portughez-industrie-academie-crestere-competitivitate-economica-imm-2\/","title":{"rendered":"Parteneriatul rom\u00e2no-portughez industrie-academie pentru implementarea sistemelor de management al cunoa\u0219terii &#8211; Instrumente esen\u021biale pentru cre\u0219terea competitivit\u0103\u021bii economice a IMM-urilor (2)"},"content":{"rendered":"<p>[vc_row][vc_column bg_color=&#8221;#c6c6c6&#8243; column_padding=&#8221;custom-padding&#8221; column_custompadding=&#8221;37px 40px 40px 40px&#8221; width=&#8221;1\/2&#8243;]<h2 class=\"headline font-inherit fontsize-m fontweight-400 lh-inherit align-center transform-inherit \" style=\"margin: 0 0 20px 0;\">ABSTRACT<\/h2><h2 class=\"headline font-inherit fontsize-xs fontweight-400 lh-inherit align-left transform-inherit \" style=\"margin: 0 0 20px 0; color: #282828;\"><\/h2>[\/vc_column][vc_column column_padding=&#8221;custom-padding&#8221; column_custompadding=&#8221;40px 40px 40px 40px&#8221; width=&#8221;1\/2&#8243;]<h2 class=\"headline font-inherit fontsize-s fontweight-800 lh-inherit align-left transform-inherit \" style=\"margin: 0 0 20px 0; color: #dd3333;\">Parteneriatul rom\u00e2no-portughez industrie-academie pentru implementarea sistemelor de management al cunoa\u0219terii &#8211; Instrumente esen\u021biale pentru cre\u0219terea competitivit\u0103\u021bii economice a IMM-urilor (2)<\/h2>[vc_column_text]DATA:<strong> 2009<\/strong><\/p>\n<p>AUTORI:\u00a0<strong>Irina MEGHEA, Mihaela MIHAI, Ionel POPA, Stergios GANATSIOS<\/strong><\/p>\n<p>PREZENTAT LA:<strong> 16th Romanian International Conference on Chemistry and Chemical Engineering, September 9 \u2013 12, 2009, CD conferin\u0163\u0103, W.I. O-07, Sinaia, Rom\u00e2nia<br \/>\n<\/strong>[\/vc_column_text][\/vc_column][\/vc_row]<\/p>\n","protected":false},"excerpt":{"rendered":"<p>[vc_row][vc_column bg_color=&#8221;#c6c6c6&#8243; column_padding=&#8221;custom-padding&#8221; column_custompadding=&#8221;37px 40px 40px 40px&#8221; width=&#8221;1\/2&#8243;][\/vc_column][vc_column column_padding=&#8221;custom-padding&#8221; column_custompadding=&#8221;40px 40px 40px 40px&#8221; width=&#8221;1\/2&#8243;][vc_column_text]DATA: 2009 AUTORI:\u00a0Irina MEGHEA, Mihaela MIHAI, Ionel POPA, Stergios GANATSIOS PREZENTAT LA: 16th Romanian International Conference on Chemistry and Chemical Engineering, September 9 \u2013 12, 2009, CD conferin\u0163\u0103, W.I. O-07, Sinaia, Rom\u00e2nia [\/vc_column_text][\/vc_column][\/vc_row]<\/p>\n","protected":false},"author":2,"featured_media":0,"parent":17451,"menu_order":280,"comment_status":"closed","ping_status":"closed","template":"","meta":[],"folder":[43],"_links":{"self":[{"href":"http:\/\/www.icpe.ro\/ro\/wp-json\/wp\/v2\/pages\/19018"}],"collection":[{"href":"http:\/\/www.icpe.ro\/ro\/wp-json\/wp\/v2\/pages"}],"about":[{"href":"http:\/\/www.icpe.ro\/ro\/wp-json\/wp\/v2\/types\/page"}],"author":[{"embeddable":true,"href":"http:\/\/www.icpe.ro\/ro\/wp-json\/wp\/v2\/users\/2"}],"replies":[{"embeddable":true,"href":"http:\/\/www.icpe.ro\/ro\/wp-json\/wp\/v2\/comments?post=19018"}],"version-history":[{"count":0,"href":"http:\/\/www.icpe.ro\/ro\/wp-json\/wp\/v2\/pages\/19018\/revisions"}],"up":[{"embeddable":true,"href":"http:\/\/www.icpe.ro\/ro\/wp-json\/wp\/v2\/pages\/17451"}],"wp:attachment":[{"href":"http:\/\/www.icpe.ro\/ro\/wp-json\/wp\/v2\/media?parent=19018"}],"wp:term":[{"taxonomy":"folder","embeddable":true,"href":"http:\/\/www.icpe.ro\/ro\/wp-json\/wp\/v2\/folder?post=19018"}],"curies":[{"name":"wp","href":"https:\/\/api.w.org\/{rel}","templated":true}]}}