{"id":18984,"date":"2017-11-16T12:53:05","date_gmt":"2017-11-16T09:53:05","guid":{"rendered":"http:\/\/www.incdie-icpe.ro\/ro\/?page_id=18984"},"modified":"2017-12-14T12:29:49","modified_gmt":"2017-12-14T09:29:49","slug":"sistem-alimentare-tuburi-luminoase-1-10-kv-descarcari-gaze","status":"publish","type":"page","link":"http:\/\/www.icpe.ro\/ro\/lucrari-stiintifice\/sistem-alimentare-tuburi-luminoase-1-10-kv-descarcari-gaze\/","title":{"rendered":"Sistem de alimentare pentru\u00a0tuburi luminoase de 1-10 kV cu desc\u0103rcare \u00een gaze"},"content":{"rendered":"<p>[vc_row][vc_column bg_color=&#8221;#c6c6c6&#8243; column_padding=&#8221;custom-padding&#8221; column_custompadding=&#8221;37px 40px 40px 40px&#8221; width=&#8221;1\/2&#8243;]<h2 class=\"headline font-inherit fontsize-m fontweight-400 lh-inherit align-center transform-inherit \" style=\"margin: 0 0 20px 0;\">ABSTRACT<\/h2><h2 class=\"headline font-inherit fontsize-xs fontweight-400 lh-inherit align-left transform-inherit \" style=\"margin: 0 0 20px 0; color: #282828;\">\u00cen ciuda utiliz\u0103rii de peste 50 de ani, tuburile spectrale cu desc\u0103rcare \u00een gaze, \u00een general folosite pentru reclamele luminoase, nu sunt \u00eenc\u0103 folosite \u00een iluminatul interior la noi \u00een \u0163ar\u0103. Aceast\u0103 lucrare propune folosirea acestui sistem \u00een iluminatul interior al cl\u0103dirilor de locuit sau al cl\u0103dirilor cultural-administrative \u015fi un model experimental de sistem, alimentat de un transformator la 3400 V, cu tuburi luminoase cu desc\u0103rcare \u00een gaze, sub forma unui corp de iluminat care s\u0103 \u00eenlocuiasc\u0103 actualele corpuri de iluminat echipate cu l\u0103mpi fluorescente tubulare de 18, 20, 36 sau 40 W.<\/h2>[\/vc_column][vc_column column_padding=&#8221;custom-padding&#8221; column_custompadding=&#8221;40px 40px 40px 40px&#8221; width=&#8221;1\/2&#8243;]<h2 class=\"headline font-inherit fontsize-s fontweight-800 lh-inherit align-left transform-inherit \" style=\"margin: 0 0 20px 0; color: #dd3333;\">Sistem de alimentare pentru\u00a0tuburi luminoase de 1-10 kV cu desc\u0103rcare \u00een gaze<\/h2>[vc_column_text]DATA:<strong> 2009<\/strong><\/p>\n<p>AUTORI:\u00a0<strong>Yann Alexander CARACOTA, Mioara MAZILU, Constantin IVANOVICI, Ionel POPA, Mihai CHERSIN, Nicolae BOTEZATU, Mircea PARASCHIVA, Sidonia CR\u0102CIUN, Ion V\u0102C\u0102RESCU<\/strong><\/p>\n<p>PUBLICAT \u00ceN:<strong> EEA 2009 | vol. 57 | nr. 3 | art. 12<br \/>\n<\/strong>[\/vc_column_text]<a href=\"http:\/\/www.eea-journal.ro\/ro\/d\/5\/p\/EEA57_3_12\" target=\"_blank\" class=\"button color-5 small \" style=\"border-radius: 2px;\"><i class='fa fa-book'><\/i>Cite\u0219te online<\/a><a href=\"http:\/\/www.eea-journal.ro\/includes\/showArticle.php?identificatorArticol=226\" target=\"_blank\" class=\"button color-5 small \" style=\"border-radius: 2px;\"><i class='fa fa-file-pdf-o'><\/i>Descarc\u0103 lucrarea<\/a>[\/vc_column][\/vc_row]<\/p>\n","protected":false},"excerpt":{"rendered":"<p>[vc_row][vc_column bg_color=&#8221;#c6c6c6&#8243; column_padding=&#8221;custom-padding&#8221; column_custompadding=&#8221;37px 40px 40px 40px&#8221; width=&#8221;1\/2&#8243;][\/vc_column][vc_column column_padding=&#8221;custom-padding&#8221; column_custompadding=&#8221;40px 40px 40px 40px&#8221; width=&#8221;1\/2&#8243;][vc_column_text]DATA: 2009 AUTORI:\u00a0Yann Alexander CARACOTA, Mioara MAZILU, Constantin IVANOVICI, Ionel POPA, Mihai CHERSIN, Nicolae BOTEZATU, Mircea PARASCHIVA, Sidonia CR\u0102CIUN, Ion V\u0102C\u0102RESCU PUBLICAT \u00ceN: EEA 2009 | vol. 57 | nr. 3 | art. 12 [\/vc_column_text][\/vc_column][\/vc_row]<\/p>\n","protected":false},"author":2,"featured_media":0,"parent":17451,"menu_order":318,"comment_status":"closed","ping_status":"closed","template":"","meta":[],"folder":[43],"_links":{"self":[{"href":"http:\/\/www.icpe.ro\/ro\/wp-json\/wp\/v2\/pages\/18984"}],"collection":[{"href":"http:\/\/www.icpe.ro\/ro\/wp-json\/wp\/v2\/pages"}],"about":[{"href":"http:\/\/www.icpe.ro\/ro\/wp-json\/wp\/v2\/types\/page"}],"author":[{"embeddable":true,"href":"http:\/\/www.icpe.ro\/ro\/wp-json\/wp\/v2\/users\/2"}],"replies":[{"embeddable":true,"href":"http:\/\/www.icpe.ro\/ro\/wp-json\/wp\/v2\/comments?post=18984"}],"version-history":[{"count":0,"href":"http:\/\/www.icpe.ro\/ro\/wp-json\/wp\/v2\/pages\/18984\/revisions"}],"up":[{"embeddable":true,"href":"http:\/\/www.icpe.ro\/ro\/wp-json\/wp\/v2\/pages\/17451"}],"wp:attachment":[{"href":"http:\/\/www.icpe.ro\/ro\/wp-json\/wp\/v2\/media?parent=18984"}],"wp:term":[{"taxonomy":"folder","embeddable":true,"href":"http:\/\/www.icpe.ro\/ro\/wp-json\/wp\/v2\/folder?post=18984"}],"curies":[{"name":"wp","href":"https:\/\/api.w.org\/{rel}","templated":true}]}}