{"id":18982,"date":"2017-11-16T12:46:14","date_gmt":"2017-11-16T09:46:14","guid":{"rendered":"http:\/\/www.incdie-icpe.ro\/ro\/?page_id=18982"},"modified":"2017-12-14T12:31:12","modified_gmt":"2017-12-14T09:31:12","slug":"surse-exterioare-iluminat-led-determinare-putere-maxima-structura-semiconductoare","status":"publish","type":"page","link":"http:\/\/www.icpe.ro\/ro\/lucrari-stiintifice\/surse-exterioare-iluminat-led-determinare-putere-maxima-structura-semiconductoare\/","title":{"rendered":"Surse exterioare de iluminat cu LED-uri. Determinarea puterii maxime dezvoltate \u00een structura semiconductoare"},"content":{"rendered":"<p>[vc_row][vc_column bg_color=&#8221;#c6c6c6&#8243; column_padding=&#8221;custom-padding&#8221; column_custompadding=&#8221;37px 40px 40px 40px&#8221; width=&#8221;1\/2&#8243;]<h2 class=\"headline font-inherit fontsize-m fontweight-400 lh-inherit align-center transform-inherit \" style=\"margin: 0 0 20px 0;\">ABSTRACT<\/h2><h2 class=\"headline font-inherit fontsize-xs fontweight-400 lh-inherit align-left transform-inherit \" style=\"margin: 0 0 20px 0; color: #282828;\">Func\u0163ionarea l\u0103mpilor cu LED-uri necesit\u0103 rezolvarea problemelor legate de transferul \u00een mediul \u00eenconjur\u0103tor al c\u0103ldurii generate de func\u0163ionarea elementelor semiconductoare. Calculele efectuate pe baza algoritmilor prezenta\u0163i \u015fi activit\u0103\u0163ile experimentale valideazp claculul structurilor cu LED-uri.<\/h2>[\/vc_column][vc_column column_padding=&#8221;custom-padding&#8221; column_custompadding=&#8221;40px 40px 40px 40px&#8221; width=&#8221;1\/2&#8243;]<h2 class=\"headline font-inherit fontsize-s fontweight-800 lh-inherit align-left transform-inherit \" style=\"margin: 0 0 20px 0; color: #dd3333;\">Surse exterioare de iluminat cu LED-uri. Determinarea puterii maxime dezvoltate \u00een structura semiconductoare<\/h2>[vc_column_text]DATA:<strong> 2009<\/strong><\/p>\n<p>AUTORI:\u00a0<strong>Radu PORUMB, Nicolae GOLOVANOV, Mioara MAZILU, Constantin IVANOVICI, Ionel POPA, Sidonia CR\u0102CIUN, Iulian TURCU<\/strong><\/p>\n<p>PUBLICAT \u00ceN:<strong> EEA 2009 | vol. 57 | nr. 2 | art. 9<br \/>\n<\/strong>[\/vc_column_text]<a href=\"http:\/\/www.eea-journal.ro\/ro\/d\/5\/p\/EEA57_3_9\" target=\"_blank\" class=\"button color-5 small \" style=\"border-radius: 2px;\"><i class='fa fa-book'><\/i>Cite\u0219te online<\/a><a href=\"http:\/\/www.eea-journal.ro\/includes\/showArticle.php?identificatorArticol=223\" target=\"_blank\" class=\"button color-5 small \" style=\"border-radius: 2px;\"><i class='fa fa-file-pdf-o'><\/i>Descarc\u0103 lucrarea<\/a>[\/vc_column][\/vc_row]<\/p>\n","protected":false},"excerpt":{"rendered":"<p>[vc_row][vc_column bg_color=&#8221;#c6c6c6&#8243; column_padding=&#8221;custom-padding&#8221; column_custompadding=&#8221;37px 40px 40px 40px&#8221; width=&#8221;1\/2&#8243;][\/vc_column][vc_column column_padding=&#8221;custom-padding&#8221; column_custompadding=&#8221;40px 40px 40px 40px&#8221; width=&#8221;1\/2&#8243;][vc_column_text]DATA: 2009 AUTORI:\u00a0Radu PORUMB, Nicolae GOLOVANOV, Mioara MAZILU, Constantin IVANOVICI, Ionel POPA, Sidonia CR\u0102CIUN, Iulian TURCU PUBLICAT \u00ceN: EEA 2009 | vol. 57 | nr. 2 | art. 9 [\/vc_column_text][\/vc_column][\/vc_row]<\/p>\n","protected":false},"author":2,"featured_media":0,"parent":17451,"menu_order":368,"comment_status":"closed","ping_status":"closed","template":"","meta":[],"folder":[43],"_links":{"self":[{"href":"http:\/\/www.icpe.ro\/ro\/wp-json\/wp\/v2\/pages\/18982"}],"collection":[{"href":"http:\/\/www.icpe.ro\/ro\/wp-json\/wp\/v2\/pages"}],"about":[{"href":"http:\/\/www.icpe.ro\/ro\/wp-json\/wp\/v2\/types\/page"}],"author":[{"embeddable":true,"href":"http:\/\/www.icpe.ro\/ro\/wp-json\/wp\/v2\/users\/2"}],"replies":[{"embeddable":true,"href":"http:\/\/www.icpe.ro\/ro\/wp-json\/wp\/v2\/comments?post=18982"}],"version-history":[{"count":0,"href":"http:\/\/www.icpe.ro\/ro\/wp-json\/wp\/v2\/pages\/18982\/revisions"}],"up":[{"embeddable":true,"href":"http:\/\/www.icpe.ro\/ro\/wp-json\/wp\/v2\/pages\/17451"}],"wp:attachment":[{"href":"http:\/\/www.icpe.ro\/ro\/wp-json\/wp\/v2\/media?parent=18982"}],"wp:term":[{"taxonomy":"folder","embeddable":true,"href":"http:\/\/www.icpe.ro\/ro\/wp-json\/wp\/v2\/folder?post=18982"}],"curies":[{"name":"wp","href":"https:\/\/api.w.org\/{rel}","templated":true}]}}