{"id":18978,"date":"2017-11-16T12:34:58","date_gmt":"2017-11-16T09:34:58","guid":{"rendered":"http:\/\/www.incdie-icpe.ro\/ro\/?page_id=18978"},"modified":"2017-12-14T12:29:50","modified_gmt":"2017-12-14T09:29:50","slug":"sistem-ecologic-iluminat-exterior-autonom-energetic","status":"publish","type":"page","link":"http:\/\/www.icpe.ro\/ro\/lucrari-stiintifice\/sistem-ecologic-iluminat-exterior-autonom-energetic\/","title":{"rendered":"Sistem ecologic de iluminat exterior, autonom energetic"},"content":{"rendered":"<p>[vc_row][vc_column bg_color=&#8221;#c6c6c6&#8243; column_padding=&#8221;custom-padding&#8221; column_custompadding=&#8221;37px 40px 40px 40px&#8221; width=&#8221;1\/2&#8243;]<h2 class=\"headline font-inherit fontsize-m fontweight-400 lh-inherit align-center transform-inherit \" style=\"margin: 0 0 20px 0;\">ABSTRACT<\/h2><h2 class=\"headline font-inherit fontsize-xs fontweight-400 lh-inherit align-left transform-inherit \" style=\"margin: 0 0 20px 0; color: #282828;\">Iluminatul cu LED-uri este \u00eenc\u0103 \u00een faza incipient\u0103 a dezvolt\u0103rii sale tehnologice, lucr\u0103rile de cercetare \u00een acest domeniu av\u00e2nd drept scop \u00eembun\u0103t\u0103\u0163irea randamentului luminos, precum \u015fi disiparea c\u0103ldurii produse de acestea.Una din solu\u0163iile care ar putea duce la performan\u0163e \u00een iluminatul public ar fi \u00eenlocuirea l\u0103mpilor cu vapori de Na de 70W, respectiv 150W, cu soclu E40, din corpurile de iluminat public, cu module de 28 de LED-uri ce consum\u0103 cu sistemul electronic cca 33W, realiz\u00e2ndu-se astfel o important\u0103 economie deoarece nu se mai folosesc balastul, igniterul, condensatorul \u015fi siguran\u0163a \u00een cadrul sistemului de iluminat.<\/h2>[\/vc_column][vc_column column_padding=&#8221;custom-padding&#8221; column_custompadding=&#8221;40px 40px 40px 40px&#8221; width=&#8221;1\/2&#8243;]<h2 class=\"headline font-inherit fontsize-s fontweight-800 lh-inherit align-left transform-inherit \" style=\"margin: 0 0 20px 0; color: #dd3333;\">Sistem ecologic de iluminat exterior, autonom energetic<\/h2>[vc_column_text]DATA:<strong> 2009<\/strong><\/p>\n<p>AUTORI:\u00a0<strong>Dan TEPDOREANU, Ioan DR\u00c2NG\u0102, Constantin IVANOVICI, Ionel POPA, Lorant Arpad KOTELE\u0218, Nicolae GOLOVANOV, Mihai CHERSIN,\u00a0 Daniel Emilian DOBRESCU, Sidonia CR\u0102CIUN, Iulian TURCU<\/strong><\/p>\n<p>PUBLICAT \u00ceN:<strong> EEA 2009 | vol. 57 | nr. 2 | art. 6<br \/>\n<\/strong>[\/vc_column_text]<a href=\"http:\/\/www.eea-journal.ro\/ro\/d\/5\/p\/EEA57_2_6\" target=\"_blank\" class=\"button color-5 small \" style=\"border-radius: 2px;\"><i class='fa fa-book'><\/i>Cite\u0219te online<\/a><a href=\"http:\/\/www.eea-journal.ro\/includes\/showArticle.php?identificatorArticol=208\" target=\"_blank\" class=\"button color-5 small \" style=\"border-radius: 2px;\"><i class='fa fa-file-pdf-o'><\/i>Descarc\u0103 lucrarea<\/a>[\/vc_column][\/vc_row]<\/p>\n","protected":false},"excerpt":{"rendered":"<p>[vc_row][vc_column bg_color=&#8221;#c6c6c6&#8243; column_padding=&#8221;custom-padding&#8221; column_custompadding=&#8221;37px 40px 40px 40px&#8221; width=&#8221;1\/2&#8243;][\/vc_column][vc_column column_padding=&#8221;custom-padding&#8221; column_custompadding=&#8221;40px 40px 40px 40px&#8221; width=&#8221;1\/2&#8243;][vc_column_text]DATA: 2009 AUTORI:\u00a0Dan TEPDOREANU, Ioan DR\u00c2NG\u0102, Constantin IVANOVICI, Ionel POPA, Lorant Arpad KOTELE\u0218, Nicolae GOLOVANOV, Mihai CHERSIN,\u00a0 Daniel Emilian DOBRESCU, Sidonia CR\u0102CIUN, Iulian TURCU PUBLICAT \u00ceN: EEA 2009 | vol. 57 | nr. 2 | art. 6 [\/vc_column_text][\/vc_column][\/vc_row]<\/p>\n","protected":false},"author":2,"featured_media":0,"parent":17451,"menu_order":322,"comment_status":"closed","ping_status":"closed","template":"","meta":[],"folder":[43],"_links":{"self":[{"href":"http:\/\/www.icpe.ro\/ro\/wp-json\/wp\/v2\/pages\/18978"}],"collection":[{"href":"http:\/\/www.icpe.ro\/ro\/wp-json\/wp\/v2\/pages"}],"about":[{"href":"http:\/\/www.icpe.ro\/ro\/wp-json\/wp\/v2\/types\/page"}],"author":[{"embeddable":true,"href":"http:\/\/www.icpe.ro\/ro\/wp-json\/wp\/v2\/users\/2"}],"replies":[{"embeddable":true,"href":"http:\/\/www.icpe.ro\/ro\/wp-json\/wp\/v2\/comments?post=18978"}],"version-history":[{"count":0,"href":"http:\/\/www.icpe.ro\/ro\/wp-json\/wp\/v2\/pages\/18978\/revisions"}],"up":[{"embeddable":true,"href":"http:\/\/www.icpe.ro\/ro\/wp-json\/wp\/v2\/pages\/17451"}],"wp:attachment":[{"href":"http:\/\/www.icpe.ro\/ro\/wp-json\/wp\/v2\/media?parent=18978"}],"wp:term":[{"taxonomy":"folder","embeddable":true,"href":"http:\/\/www.icpe.ro\/ro\/wp-json\/wp\/v2\/folder?post=18978"}],"curies":[{"name":"wp","href":"https:\/\/api.w.org\/{rel}","templated":true}]}}