{"id":18964,"date":"2017-11-16T12:10:43","date_gmt":"2017-11-16T09:10:43","guid":{"rendered":"http:\/\/www.incdie-icpe.ro\/ro\/?page_id=18964"},"modified":"2017-12-14T12:31:14","modified_gmt":"2017-12-14T09:31:14","slug":"utilizare-imagine-termica-analiza-fenomene-termice-sigurante-inalta-tensiune","status":"publish","type":"page","link":"http:\/\/www.icpe.ro\/ro\/lucrari-stiintifice\/utilizare-imagine-termica-analiza-fenomene-termice-sigurante-inalta-tensiune\/","title":{"rendered":"Utilizarea imaginii termice pentru analiza fenomenelor termice la elementului fuzibil al siguran\u0163ei de \u00eenalt\u0103 tensiune"},"content":{"rendered":"<p>[vc_row][vc_column bg_color=&#8221;#c6c6c6&#8243; column_padding=&#8221;custom-padding&#8221; column_custompadding=&#8221;37px 40px 40px 40px&#8221; width=&#8221;1\/2&#8243;]<h2 class=\"headline font-inherit fontsize-m fontweight-400 lh-inherit align-center transform-inherit \" style=\"margin: 0 0 20px 0;\">ABSTRACT<\/h2><h2 class=\"headline font-inherit fontsize-xs fontweight-400 lh-inherit align-left transform-inherit \" style=\"margin: 0 0 20px 0; color: #282828;\">Aceast\u0103 lucrare prezint\u0103 o metod\u0103 a unui studiu experimental asupra siguran\u0163elor electrice de \u00eenalt\u0103 tensiune din echipamentele de imagine termic\u0103. Detectarea temperaturii siguran\u0163elor prin metode de contact (RTD \u015fi termocupluri) afecteaz\u0103 temperatura ce urmeaz\u0103 a fi m\u0103surat\u0103, \u00een special \u00een cazul \u00een care elementul rezistiv are dimensiuni geometrice importante. Lucrarea analizeaz\u0103 metodele teoretice utilizate pentru determinarea temperaturii siguran\u0163elor de \u00eenalt\u0103 tensiune, precum \u015fi rezultatele unei metode de m\u0103surare a imaginii termice.<\/h2>[\/vc_column][vc_column column_padding=&#8221;custom-padding&#8221; column_custompadding=&#8221;40px 40px 40px 40px&#8221; width=&#8221;1\/2&#8243;]<h2 class=\"headline font-inherit fontsize-s fontweight-800 lh-inherit align-left transform-inherit \" style=\"margin: 0 0 20px 0; color: #dd3333;\">Utilizarea imaginii termice pentru analiza fenomenelor termice la elementului fuzibil al siguran\u0163ei de \u00eenalt\u0103 tensiune<\/h2>[vc_column_text]DATA:<strong> 2009<\/strong><\/p>\n<p>AUTORI:\u00a0<strong>Valer GIURGIU, Costin CEPI\u0218C\u0102, Gheorghe OARG\u0102, Stergios GANASTIOS, Liliana \u0218TEF\u0102NESCU<\/strong><\/p>\n<p>PUBLICAT \u00ceN:<strong> EEA 2007 | vol. 57 | nr. 1 | art. 2<br \/>\n<\/strong>[\/vc_column_text]<a href=\"http:\/\/www.eea-journal.ro\/ro\/d\/5\/p\/EEA57_1_2\" target=\"_blank\" class=\"button color-5 small \" style=\"border-radius: 2px;\"><i class='fa fa-book'><\/i>Cite\u0219te online<\/a><a href=\"http:\/\/www.eea-journal.ro\/includes\/showArticle.php?identificatorArticol=193\" target=\"_blank\" class=\"button color-5 small \" style=\"border-radius: 2px;\"><i class='fa fa-file-pdf-o'><\/i>Descarc\u0103 lucrarea<\/a>[\/vc_column][\/vc_row]<\/p>\n","protected":false},"excerpt":{"rendered":"<p>[vc_row][vc_column bg_color=&#8221;#c6c6c6&#8243; column_padding=&#8221;custom-padding&#8221; column_custompadding=&#8221;37px 40px 40px 40px&#8221; width=&#8221;1\/2&#8243;][\/vc_column][vc_column column_padding=&#8221;custom-padding&#8221; column_custompadding=&#8221;40px 40px 40px 40px&#8221; width=&#8221;1\/2&#8243;][vc_column_text]DATA: 2009 AUTORI:\u00a0Valer GIURGIU, Costin CEPI\u0218C\u0102, Gheorghe OARG\u0102, Stergios GANASTIOS, Liliana \u0218TEF\u0102NESCU PUBLICAT \u00ceN: EEA 2007 | vol. 57 | nr. 1 | art. 2 [\/vc_column_text][\/vc_column][\/vc_row]<\/p>\n","protected":false},"author":2,"featured_media":0,"parent":17451,"menu_order":386,"comment_status":"closed","ping_status":"closed","template":"","meta":[],"folder":[43],"_links":{"self":[{"href":"http:\/\/www.icpe.ro\/ro\/wp-json\/wp\/v2\/pages\/18964"}],"collection":[{"href":"http:\/\/www.icpe.ro\/ro\/wp-json\/wp\/v2\/pages"}],"about":[{"href":"http:\/\/www.icpe.ro\/ro\/wp-json\/wp\/v2\/types\/page"}],"author":[{"embeddable":true,"href":"http:\/\/www.icpe.ro\/ro\/wp-json\/wp\/v2\/users\/2"}],"replies":[{"embeddable":true,"href":"http:\/\/www.icpe.ro\/ro\/wp-json\/wp\/v2\/comments?post=18964"}],"version-history":[{"count":0,"href":"http:\/\/www.icpe.ro\/ro\/wp-json\/wp\/v2\/pages\/18964\/revisions"}],"up":[{"embeddable":true,"href":"http:\/\/www.icpe.ro\/ro\/wp-json\/wp\/v2\/pages\/17451"}],"wp:attachment":[{"href":"http:\/\/www.icpe.ro\/ro\/wp-json\/wp\/v2\/media?parent=18964"}],"wp:term":[{"taxonomy":"folder","embeddable":true,"href":"http:\/\/www.icpe.ro\/ro\/wp-json\/wp\/v2\/folder?post=18964"}],"curies":[{"name":"wp","href":"https:\/\/api.w.org\/{rel}","templated":true}]}}