{"id":18941,"date":"2017-11-16T11:18:25","date_gmt":"2017-11-16T08:18:25","guid":{"rendered":"http:\/\/www.electrical-engineering.ro\/ro\/?page_id=18941"},"modified":"2017-12-14T12:33:47","modified_gmt":"2017-12-14T09:33:47","slug":"termeni","status":"publish","type":"page","link":"http:\/\/www.icpe.ro\/ro\/termeni\/","title":{"rendered":"Termeni \u0219i Condi\u021bii"},"content":{"rendered":"<p>[vc_row][vc_column width=&#8221;1\/2&#8243;][vc_column_text]<\/p>\n<p align=\"justify\">Icpe funizeaz\u0103 acces liber la acest site \u00een scop strict informa\u0163ional \u015fi anume de a-\u015fi face cunoscute capabilit\u0103\u0163ile.<\/p>\n<p align=\"justify\">Prin accesarea acestui site sunte\u0163i de acord cu regulile stabilite \u00een aceast\u0103 sec\u0163iune. Dac\u0103 nu sunte\u0163i de acord, nu accesa\u0163i acest site \u015fi nu downloada\u0163i nimic din acest site.<\/p>\n<p align=\"justify\">Icpe v\u0103 autorizeaz\u0103 s\u0103 folosi\u0163i informa\u0163iile \u015fi materialele ob\u0163inute prin intermediul acestui site, doar \u00een scop de informare personal\u0103 \u015fi nu \u00een scop comercial. Aceast\u0103 autorizare nu reprezint\u0103 nici un transfer al vreunuia din drepturile Icpe asupra obiectului autoriz\u0103rii. Dreptul de copyright asupra materialelor con\u0163inute \u00een acest site \u015fi a formei lor de prezentare, este \u015fi r\u0103m\u00e2ne al Icpe.<\/p>\n<p align=\"justify\">\u00cen cazul \u00een care considera\u0163i c\u0103 orice material din site, nu respect\u0103 drepturile de copyright sau alte drepturi, v\u0103 rug\u0103m s\u0103 ne contacta\u0163i pentru a putea fi \u00een m\u0103sur\u0103 de a lua m\u0103surile ce se impun.<\/p>\n<p align=\"justify\">Icpe nu \u00ee\u015fi asum\u0103 r\u0103spunderea pentru securitatea acestui site \u015fi nici a modalit\u0103\u0163ii de conectare la acesta. Icpe nu poate fi f\u0103cut r\u0103spunz\u0103tor pentru eventuale pagube asupra sistemelor de acces, rezultate \u00een urma acces\u0103rii site-ului. Unele materiale pot con\u0163ine gre\u015feli de redactare, acest site fiind furnizat a\u015fa cum este, f\u0103r\u0103 garan\u0163ii.<\/p>\n<p align=\"justify\">\u00cen acest site pot fi furnizate leg\u0103turi c\u0103tre alte site-uri web. Prin folosirea acestor leg\u0103turi, p\u0103r\u0103si\u0163i site-ul Icpe pe propria dumneavoastr\u0103 r\u0103spundere. Realizarea de leg\u0103turi c\u0103tre site-ul Icpe este permis\u0103 doar \u00een condi\u0163iile \u00een care leg\u0103tura are ca efect afi\u015farea exclusiv\u0103 a site-ului Icpe.<\/p>\n<p align=\"justify\">Icpe \u00ee\u015fi rezerv\u0103 dreptul de a modifica oric\u00e2nd organizarea \u015fi con\u0163inutul site-ului, inclusiv a acestei sec\u0163iuni.<\/p>\n<p align=\"justify\">Este interzis\u0103 orice \u00eencercare de a interveni \u00een con\u0163inutul acestui site ca \u015fi modificarea site-ului prin orice mijloace.<\/p>\n<p align=\"justify\">Este interzis\u0103 folosirea adreselor de e-mail disponibile pe site pentru includerea \u00een liste de mailing ca \u015fi pentru orice alt scop dec\u00e2t informarea asupra con\u0163inutului site-ului.<\/p>\n<p align=\"justify\">V\u0103 mul\u0163umim pentru c\u0103 a\u0163i ales s\u0103 vizita\u0163i Icpe prin intermediul acestui site.<\/p>\n<p>[\/vc_column_text][\/vc_column][vc_column width=&#8221;1\/2&#8243;]<div class=\"single_image wpb_content_element align-center    \" data-animation=\"none\" data-delay=\"0\"><img width=\"168\" height=\"140\" src=\"http:\/\/www.icpe.ro\/ro\/wp-content\/uploads\/2014\/07\/icon03.png\" class=\"attachment-full\" alt=\"\" loading=\"lazy\" \/><\/div><div class=\"single_image wpb_content_element align-center    \" data-animation=\"none\" data-delay=\"0\"><img class=\"\" src=\"http:\/\/www.icpe.ro\/ro\/wp-content\/uploads\/2017\/11\/icpe.ro_-233x82.png\" width=\"233\" height=\"82\" alt=\"icpe.ro\" title=\"icpe.ro\" \/><\/div>[\/vc_column][\/vc_row]<\/p>\n","protected":false},"excerpt":{"rendered":"<p>[vc_row][vc_column width=&#8221;1\/2&#8243;][vc_column_text] Icpe funizeaz\u0103 acces liber la acest site \u00een scop strict informa\u0163ional \u015fi anume de a-\u015fi face cunoscute capabilit\u0103\u0163ile. Prin accesarea acestui site sunte\u0163i de acord cu regulile stabilite \u00een aceast\u0103 sec\u0163iune. Dac\u0103 nu sunte\u0163i de acord, nu accesa\u0163i acest site \u015fi nu downloada\u0163i nimic din acest site. Icpe v\u0103 autorizeaz\u0103 s\u0103 folosi\u0163i informa\u0163iile \u015fi materialele ob\u0163inute prin intermediul acestui site, doar \u00een scop de informare personal\u0103 \u015fi nu \u00een scop comercial. Aceast\u0103 autorizare nu reprezint\u0103 nici un transfer al vreunuia din drepturile Icpe asupra obiectului autoriz\u0103rii. Dreptul de copyright asupra materialelor con\u0163inute \u00een acest site \u015fi a formei lor de prezentare, este \u015fi r\u0103m\u00e2ne al Icpe. \u00cen cazul \u00een care considera\u0163i c\u0103 orice material din site, nu respect\u0103 drepturile de copyright sau alte drepturi, v\u0103 rug\u0103m s\u0103 ne contacta\u0163i pentru a putea fi \u00een m\u0103sur\u0103 de a lua m\u0103surile ce se impun. Icpe nu \u00ee\u015fi asum\u0103 r\u0103spunderea pentru securitatea acestui site \u015fi nici a modalit\u0103\u0163ii de conectare la acesta. Icpe nu poate fi f\u0103cut r\u0103spunz\u0103tor pentru eventuale pagube asupra sistemelor de acces, rezultate \u00een urma acces\u0103rii site-ului. Unele materiale pot con\u0163ine gre\u015feli de redactare, acest site fiind furnizat a\u015fa cum este, f\u0103r\u0103 garan\u0163ii. \u00cen acest site pot fi [&hellip;]<\/p>\n","protected":false},"author":1,"featured_media":0,"parent":0,"menu_order":372,"comment_status":"closed","ping_status":"closed","template":"","meta":[],"folder":[46],"_links":{"self":[{"href":"http:\/\/www.icpe.ro\/ro\/wp-json\/wp\/v2\/pages\/18941"}],"collection":[{"href":"http:\/\/www.icpe.ro\/ro\/wp-json\/wp\/v2\/pages"}],"about":[{"href":"http:\/\/www.icpe.ro\/ro\/wp-json\/wp\/v2\/types\/page"}],"author":[{"embeddable":true,"href":"http:\/\/www.icpe.ro\/ro\/wp-json\/wp\/v2\/users\/1"}],"replies":[{"embeddable":true,"href":"http:\/\/www.icpe.ro\/ro\/wp-json\/wp\/v2\/comments?post=18941"}],"version-history":[{"count":0,"href":"http:\/\/www.icpe.ro\/ro\/wp-json\/wp\/v2\/pages\/18941\/revisions"}],"wp:attachment":[{"href":"http:\/\/www.icpe.ro\/ro\/wp-json\/wp\/v2\/media?parent=18941"}],"wp:term":[{"taxonomy":"folder","embeddable":true,"href":"http:\/\/www.icpe.ro\/ro\/wp-json\/wp\/v2\/folder?post=18941"}],"curies":[{"name":"wp","href":"https:\/\/api.w.org\/{rel}","templated":true}]}}