{"id":18906,"date":"2017-11-16T10:11:52","date_gmt":"2017-11-16T07:11:52","guid":{"rendered":"http:\/\/www.incdie-icpe.ro\/ro\/?page_id=18906"},"modified":"2017-12-14T12:29:35","modified_gmt":"2017-12-14T09:29:35","slug":"d-d-black-vs-tesaturi-multifilamente-nylon","status":"publish","type":"page","link":"http:\/\/www.icpe.ro\/ro\/lucrari-stiintifice\/d-d-black-vs-tesaturi-multifilamente-nylon\/","title":{"rendered":"D &#038; D Black\u00ae (brevetat\u0103 \u0219i produs\u0103 \u00een Rom\u00e2nia) vs \u021bes\u0103turile multifilamente din nylon"},"content":{"rendered":"<p>[vc_row][vc_column bg_color=&#8221;#c6c6c6&#8243; column_padding=&#8221;custom-padding&#8221; column_custompadding=&#8221;37px 40px 40px 40px&#8221; width=&#8221;1\/2&#8243;]<h2 class=\"headline font-inherit fontsize-m fontweight-400 lh-inherit align-center transform-inherit \" style=\"margin: 0 0 20px 0;\">ABSTRACT<\/h2><h2 class=\"headline font-inherit fontsize-xs fontweight-400 lh-inherit align-left transform-inherit \" style=\"margin: 0 0 20px 0; color: #282828;\"><\/h2>[\/vc_column][vc_column column_padding=&#8221;custom-padding&#8221; column_custompadding=&#8221;40px 40px 40px 40px&#8221; width=&#8221;1\/2&#8243;]<h2 class=\"headline font-inherit fontsize-s fontweight-800 lh-inherit align-left transform-inherit \" style=\"margin: 0 0 20px 0; color: #dd3333;\">D &amp; D Black\u00ae (brevetat\u0103 \u0219i produs\u0103 \u00een Rom\u00e2nia) vs \u021bes\u0103turile multifilamente din nylon<\/h2>[vc_column_text]DATA:<strong> 2010<\/strong><\/p>\n<p>AUTORI:\u00a0<strong>Daniel COCHIOR, Silviu CONSTANTINOIU, Dumitru PE\u021aA, Paul PENCIOIU, Dan Cus\u0103tur\u0103-CR\u0102CIUN, Dan Gabriel COSTEA<\/strong><\/p>\n<p>PUBLICAT \u00ceN:<strong> EEA 2010 | vol. 58 | nr. 1 | art. 10<br \/>\n<\/strong>[\/vc_column_text]<a href=\"http:\/\/www.eea-journal.ro\/ro\/d\/5\/p\/EEA58_1_10\" target=\"_blank\" class=\"button color-5 small \" style=\"border-radius: 2px;\"><i class='fa fa-book'><\/i>Cite\u0219te online<\/a><a href=\"http:\/\/www.eea-journal.ro\/includes\/showArticle.php?identificatorArticol=251\" target=\"_blank\" class=\"button color-5 small \" style=\"border-radius: 2px;\"><i class='fa fa-file-pdf-o'><\/i>Descarc\u0103 lucrarea<\/a>[\/vc_column][\/vc_row]<\/p>\n","protected":false},"excerpt":{"rendered":"<p>[vc_row][vc_column bg_color=&#8221;#c6c6c6&#8243; column_padding=&#8221;custom-padding&#8221; column_custompadding=&#8221;37px 40px 40px 40px&#8221; width=&#8221;1\/2&#8243;][\/vc_column][vc_column column_padding=&#8221;custom-padding&#8221; column_custompadding=&#8221;40px 40px 40px 40px&#8221; width=&#8221;1\/2&#8243;][vc_column_text]DATA: 2010 AUTORI:\u00a0Daniel COCHIOR, Silviu CONSTANTINOIU, Dumitru PE\u021aA, Paul PENCIOIU, Dan Cus\u0103tur\u0103-CR\u0102CIUN, Dan Gabriel COSTEA PUBLICAT \u00ceN: EEA 2010 | vol. 58 | nr. 1 | art. 10 [\/vc_column_text][\/vc_column][\/vc_row]<\/p>\n","protected":false},"author":2,"featured_media":0,"parent":17451,"menu_order":87,"comment_status":"closed","ping_status":"closed","template":"","meta":[],"folder":[43],"_links":{"self":[{"href":"http:\/\/www.icpe.ro\/ro\/wp-json\/wp\/v2\/pages\/18906"}],"collection":[{"href":"http:\/\/www.icpe.ro\/ro\/wp-json\/wp\/v2\/pages"}],"about":[{"href":"http:\/\/www.icpe.ro\/ro\/wp-json\/wp\/v2\/types\/page"}],"author":[{"embeddable":true,"href":"http:\/\/www.icpe.ro\/ro\/wp-json\/wp\/v2\/users\/2"}],"replies":[{"embeddable":true,"href":"http:\/\/www.icpe.ro\/ro\/wp-json\/wp\/v2\/comments?post=18906"}],"version-history":[{"count":0,"href":"http:\/\/www.icpe.ro\/ro\/wp-json\/wp\/v2\/pages\/18906\/revisions"}],"up":[{"embeddable":true,"href":"http:\/\/www.icpe.ro\/ro\/wp-json\/wp\/v2\/pages\/17451"}],"wp:attachment":[{"href":"http:\/\/www.icpe.ro\/ro\/wp-json\/wp\/v2\/media?parent=18906"}],"wp:term":[{"taxonomy":"folder","embeddable":true,"href":"http:\/\/www.icpe.ro\/ro\/wp-json\/wp\/v2\/folder?post=18906"}],"curies":[{"name":"wp","href":"https:\/\/api.w.org\/{rel}","templated":true}]}}