{"id":18893,"date":"2017-11-16T09:48:24","date_gmt":"2017-11-16T06:48:24","guid":{"rendered":"http:\/\/www.incdie-icpe.ro\/ro\/?page_id=18893"},"modified":"2017-12-14T12:29:30","modified_gmt":"2017-12-14T09:29:30","slug":"influenta-factor-putere-redus-compatibilitate-elctromagnetica-pierderi-retea-electrica-alimentare","status":"publish","type":"page","link":"http:\/\/www.icpe.ro\/ro\/lucrari-stiintifice\/influenta-factor-putere-redus-compatibilitate-elctromagnetica-pierderi-retea-electrica-alimentare\/","title":{"rendered":"Analiza influen\u0163ei factorului de putere redus, a compatibilit\u0103\u0163ii electromagnetice \u015fi a puterii absorbite a LFC asupra pierderilor \u00een re\u0163eaua electric\u0103 de alimentare"},"content":{"rendered":"<p>[vc_row][vc_column bg_color=&#8221;#c6c6c6&#8243; column_padding=&#8221;custom-padding&#8221; column_custompadding=&#8221;37px 40px 40px 40px&#8221; width=&#8221;1\/2&#8243;]<h2 class=\"headline font-inherit fontsize-m fontweight-400 lh-inherit align-center transform-inherit \" style=\"margin: 0 0 20px 0;\">ABSTRACT<\/h2><h2 class=\"headline font-inherit fontsize-xs fontweight-400 lh-inherit align-left transform-inherit \" style=\"margin: 0 0 20px 0; color: #282828;\"><\/h2>[\/vc_column][vc_column column_padding=&#8221;custom-padding&#8221; column_custompadding=&#8221;40px 40px 40px 40px&#8221; width=&#8221;1\/2&#8243;]<h2 class=\"headline font-inherit fontsize-s fontweight-800 lh-inherit align-left transform-inherit \" style=\"margin: 0 0 20px 0; color: #dd3333;\">Analiza influen\u0163ei factorului de putere redus, a compatibilit\u0103\u0163ii electromagnetice \u015fi a puterii absorbite a LFC asupra pierderilor \u00een re\u0163eaua electric\u0103 de alimentare<\/h2>[vc_column_text]DATA:<strong> 2011<\/strong><\/p>\n<p>AUTORI:\u00a0<strong>Constantin IVANOVICI, Nicolae GOLOVANOV, Aurelia IONESCU, IonelPOPA, Eleonora \u021aIPU, Cristian LUNGANU, Florin STOICA<\/strong><\/p>\n<p>PUBLICAT \u00ceN:<strong> Revista \u201cTehnica Instala\u0163iilor\u201d, XI, 7(92)\/2011, pag.18-21, ISSN 1582-6244<br \/>\n<\/strong>[\/vc_column_text][\/vc_column][\/vc_row]<\/p>\n","protected":false},"excerpt":{"rendered":"<p>[vc_row][vc_column bg_color=&#8221;#c6c6c6&#8243; column_padding=&#8221;custom-padding&#8221; column_custompadding=&#8221;37px 40px 40px 40px&#8221; width=&#8221;1\/2&#8243;][\/vc_column][vc_column column_padding=&#8221;custom-padding&#8221; column_custompadding=&#8221;40px 40px 40px 40px&#8221; width=&#8221;1\/2&#8243;][vc_column_text]DATA: 2011 AUTORI:\u00a0Constantin IVANOVICI, Nicolae GOLOVANOV, Aurelia IONESCU, IonelPOPA, Eleonora \u021aIPU, Cristian LUNGANU, Florin STOICA PUBLICAT \u00ceN: Revista \u201cTehnica Instala\u0163iilor\u201d, XI, 7(92)\/2011, pag.18-21, ISSN 1582-6244 [\/vc_column_text][\/vc_column][\/vc_row]<\/p>\n","protected":false},"author":2,"featured_media":0,"parent":17451,"menu_order":9,"comment_status":"closed","ping_status":"closed","template":"","meta":[],"folder":[43],"_links":{"self":[{"href":"http:\/\/www.icpe.ro\/ro\/wp-json\/wp\/v2\/pages\/18893"}],"collection":[{"href":"http:\/\/www.icpe.ro\/ro\/wp-json\/wp\/v2\/pages"}],"about":[{"href":"http:\/\/www.icpe.ro\/ro\/wp-json\/wp\/v2\/types\/page"}],"author":[{"embeddable":true,"href":"http:\/\/www.icpe.ro\/ro\/wp-json\/wp\/v2\/users\/2"}],"replies":[{"embeddable":true,"href":"http:\/\/www.icpe.ro\/ro\/wp-json\/wp\/v2\/comments?post=18893"}],"version-history":[{"count":0,"href":"http:\/\/www.icpe.ro\/ro\/wp-json\/wp\/v2\/pages\/18893\/revisions"}],"up":[{"embeddable":true,"href":"http:\/\/www.icpe.ro\/ro\/wp-json\/wp\/v2\/pages\/17451"}],"wp:attachment":[{"href":"http:\/\/www.icpe.ro\/ro\/wp-json\/wp\/v2\/media?parent=18893"}],"wp:term":[{"taxonomy":"folder","embeddable":true,"href":"http:\/\/www.icpe.ro\/ro\/wp-json\/wp\/v2\/folder?post=18893"}],"curies":[{"name":"wp","href":"https:\/\/api.w.org\/{rel}","templated":true}]}}