{"id":18881,"date":"2017-11-16T09:27:58","date_gmt":"2017-11-16T06:27:58","guid":{"rendered":"http:\/\/www.incdie-icpe.ro\/ro\/?page_id=18881"},"modified":"2017-12-14T12:31:12","modified_gmt":"2017-12-14T09:31:12","slug":"tehnica-fem-bem-rezolvare-camp-magnetic-masini-electrice","status":"publish","type":"page","link":"http:\/\/www.icpe.ro\/ro\/lucrari-stiintifice\/tehnica-fem-bem-rezolvare-camp-magnetic-masini-electrice\/","title":{"rendered":"Tehnica FEM-BEM pentru rezolvarea c\u00e2mpului magnetic \u00een ma\u0219inile electrice"},"content":{"rendered":"<p>[vc_row][vc_column bg_color=&#8221;#c6c6c6&#8243; column_padding=&#8221;custom-padding&#8221; column_custompadding=&#8221;37px 40px 40px 40px&#8221; width=&#8221;1\/2&#8243;]<h2 class=\"headline font-inherit fontsize-m fontweight-400 lh-inherit align-center transform-inherit \" style=\"margin: 0 0 20px 0;\">ABSTRACT<\/h2><h2 class=\"headline font-inherit fontsize-xs fontweight-400 lh-inherit align-left transform-inherit \" style=\"margin: 0 0 20px 0; color: #282828;\"><\/h2>[\/vc_column][vc_column column_padding=&#8221;custom-padding&#8221; column_custompadding=&#8221;40px 40px 40px 40px&#8221; width=&#8221;1\/2&#8243;]<h2 class=\"headline font-inherit fontsize-s fontweight-800 lh-inherit align-left transform-inherit \" style=\"margin: 0 0 20px 0; color: #dd3333;\">Tehnica FEM-BEM pentru rezolvarea c\u00e2mpului magnetic \u00een ma\u0219inile electrice<\/h2>[vc_column_text]DATA:<strong> 2011<\/strong><\/p>\n<p>AUTORI:\u00a0<strong>Paul\u00a0 MINCIUNESCU, Stelian MARINESCU, Ioana H\u0102N\u021aIL\u0102, Oana M. DROSU<\/strong><\/p>\n<p>PUBLICAT \u00ceN:<strong> Revue roumaine des sciences techniques S\u00e9rie \u00c9lectrotechnique et \u00c9nerg\u00e9tique, 2011, issue 2<br \/>\n<\/strong>[\/vc_column_text]<a href=\"http:\/\/revue.elth.pub.ro\/upload\/139447art08.pdf\" target=\"_blank\" class=\"button color-5 small \" style=\"border-radius: 2px;\"><i class='fa fa-file-pdf-o'><\/i>Descarc\u0103 lucrarea<\/a>[\/vc_column][\/vc_row]<\/p>\n","protected":false},"excerpt":{"rendered":"<p>[vc_row][vc_column bg_color=&#8221;#c6c6c6&#8243; column_padding=&#8221;custom-padding&#8221; column_custompadding=&#8221;37px 40px 40px 40px&#8221; width=&#8221;1\/2&#8243;][\/vc_column][vc_column column_padding=&#8221;custom-padding&#8221; column_custompadding=&#8221;40px 40px 40px 40px&#8221; width=&#8221;1\/2&#8243;][vc_column_text]DATA: 2011 AUTORI:\u00a0Paul\u00a0 MINCIUNESCU, Stelian MARINESCU, Ioana H\u0102N\u021aIL\u0102, Oana M. DROSU PUBLICAT \u00ceN: Revue roumaine des sciences techniques S\u00e9rie \u00c9lectrotechnique et \u00c9nerg\u00e9tique, 2011, issue 2 [\/vc_column_text][\/vc_column][\/vc_row]<\/p>\n","protected":false},"author":2,"featured_media":0,"parent":17451,"menu_order":370,"comment_status":"closed","ping_status":"closed","template":"","meta":[],"folder":[43],"_links":{"self":[{"href":"http:\/\/www.icpe.ro\/ro\/wp-json\/wp\/v2\/pages\/18881"}],"collection":[{"href":"http:\/\/www.icpe.ro\/ro\/wp-json\/wp\/v2\/pages"}],"about":[{"href":"http:\/\/www.icpe.ro\/ro\/wp-json\/wp\/v2\/types\/page"}],"author":[{"embeddable":true,"href":"http:\/\/www.icpe.ro\/ro\/wp-json\/wp\/v2\/users\/2"}],"replies":[{"embeddable":true,"href":"http:\/\/www.icpe.ro\/ro\/wp-json\/wp\/v2\/comments?post=18881"}],"version-history":[{"count":0,"href":"http:\/\/www.icpe.ro\/ro\/wp-json\/wp\/v2\/pages\/18881\/revisions"}],"up":[{"embeddable":true,"href":"http:\/\/www.icpe.ro\/ro\/wp-json\/wp\/v2\/pages\/17451"}],"wp:attachment":[{"href":"http:\/\/www.icpe.ro\/ro\/wp-json\/wp\/v2\/media?parent=18881"}],"wp:term":[{"taxonomy":"folder","embeddable":true,"href":"http:\/\/www.icpe.ro\/ro\/wp-json\/wp\/v2\/folder?post=18881"}],"curies":[{"name":"wp","href":"https:\/\/api.w.org\/{rel}","templated":true}]}}