{"id":18844,"date":"2017-11-15T12:47:54","date_gmt":"2017-11-15T09:47:54","guid":{"rendered":"http:\/\/www.incdie-icpe.ro\/?page_id=18805"},"modified":"2025-06-03T09:58:32","modified_gmt":"2025-06-03T06:58:32","slug":"domenii-de-cercetare","status":"publish","type":"page","link":"http:\/\/www.icpe.ro\/ro\/institutul\/domenii-de-cercetare\/","title":{"rendered":"Domenii de cercetare"},"content":{"rendered":"<p>[vc_row][vc_column width=&#8221;1\/2&#8243;]<div class=\"spacer\" style=\"height: 40px;\"><\/div>[vc_column_text]<\/p>\n<ul>\n<li><a href=\"http:\/\/www.icpe.ro\/ro\/aparate-electrice\/\">Aparate electrice<\/a><\/li>\n<li><a href=\"http:\/\/www.icpe.ro\/ro\/cabluri-electrice-speciale\/\">Cabluri electrice speciale<\/a><\/li>\n<li><a href=\"http:\/\/www.icpe.ro\/ro\/energie\/\">Energie regenerabil\u0103<\/a><\/li>\n<li><a href=\"http:\/\/www.icpe.ro\/ro\/energie\/\">Eficien\u021b\u0103 energetic\u0103<\/a><\/li>\n<li><a href=\"https:\/\/www.youtube.com\/channel\/UCDNNuaYCMFfVDyC-1M7CGtw\">Mobilitate electric\u0103<\/a><\/li>\n<li><a href=\"http:\/\/www.icpe.ro\/ro\/institutul\/proiecte\/\">Automatizare industrial\u0103<\/a><\/li>\n<li><a href=\"http:\/\/www.icpe.ro\/ro\/institutul\/proiecte\/\">Electrotehnologii<\/a><\/li>\n<li><a href=\"http:\/\/www.icpe.ro\/ro\/robotica\/\">Robotic\u0103<\/a><\/li>\n<li><a href=\"http:\/\/www.icpe.ro\/ro\/industrializare-4-0\/\">Industrializare 4.0<\/a><\/li>\n<li><a href=\"http:\/\/www.icpe.ro\/ro\/fabricatia-aditiva\/\">Procese de fabrica\u021bie aditiv\u0103<\/a><\/li>\n<\/ul>\n<p>[\/vc_column_text]<div class=\"spacer\" style=\"height: 40px;\"><\/div>[\/vc_column][vc_column width=&#8221;1\/2&#8243;]<div class=\"single_image wpb_content_element align-left    \" data-animation=\"none\" data-delay=\"0\"><img width=\"1210\" height=\"907\" src=\"http:\/\/www.icpe.ro\/ro\/wp-content\/uploads\/2017\/11\/Domenii-Icpe-cercetare-RO.png\" class=\"attachment-full\" alt=\"\" loading=\"lazy\" srcset=\"http:\/\/www.icpe.ro\/ro\/wp-content\/uploads\/2017\/11\/Domenii-Icpe-cercetare-RO.png 1210w, http:\/\/www.icpe.ro\/ro\/wp-content\/uploads\/2017\/11\/Domenii-Icpe-cercetare-RO-300x225.png 300w, http:\/\/www.icpe.ro\/ro\/wp-content\/uploads\/2017\/11\/Domenii-Icpe-cercetare-RO-768x576.png 768w, http:\/\/www.icpe.ro\/ro\/wp-content\/uploads\/2017\/11\/Domenii-Icpe-cercetare-RO-1024x768.png 1024w\" sizes=\"(max-width: 1210px) 100vw, 1210px\" \/><\/div>[\/vc_column][\/vc_row]<\/p>\n","protected":false},"excerpt":{"rendered":"<p>[vc_row][vc_column width=&#8221;1\/2&#8243;][vc_column_text] Aparate electrice Cabluri electrice speciale Energie regenerabil\u0103 Eficien\u021b\u0103 energetic\u0103 Mobilitate electric\u0103 Automatizare industrial\u0103 Electrotehnologii Robotic\u0103 Industrializare 4.0 Procese de fabrica\u021bie aditiv\u0103 [\/vc_column_text][\/vc_column][vc_column width=&#8221;1\/2&#8243;][\/vc_column][\/vc_row]<\/p>\n","protected":false},"author":1,"featured_media":0,"parent":17103,"menu_order":119,"comment_status":"closed","ping_status":"closed","template":"","meta":[],"folder":[46],"_links":{"self":[{"href":"http:\/\/www.icpe.ro\/ro\/wp-json\/wp\/v2\/pages\/18844"}],"collection":[{"href":"http:\/\/www.icpe.ro\/ro\/wp-json\/wp\/v2\/pages"}],"about":[{"href":"http:\/\/www.icpe.ro\/ro\/wp-json\/wp\/v2\/types\/page"}],"author":[{"embeddable":true,"href":"http:\/\/www.icpe.ro\/ro\/wp-json\/wp\/v2\/users\/1"}],"replies":[{"embeddable":true,"href":"http:\/\/www.icpe.ro\/ro\/wp-json\/wp\/v2\/comments?post=18844"}],"version-history":[{"count":0,"href":"http:\/\/www.icpe.ro\/ro\/wp-json\/wp\/v2\/pages\/18844\/revisions"}],"up":[{"embeddable":true,"href":"http:\/\/www.icpe.ro\/ro\/wp-json\/wp\/v2\/pages\/17103"}],"wp:attachment":[{"href":"http:\/\/www.icpe.ro\/ro\/wp-json\/wp\/v2\/media?parent=18844"}],"wp:term":[{"taxonomy":"folder","embeddable":true,"href":"http:\/\/www.icpe.ro\/ro\/wp-json\/wp\/v2\/folder?post=18844"}],"curies":[{"name":"wp","href":"https:\/\/api.w.org\/{rel}","templated":true}]}}