{"id":18806,"date":"2017-11-15T10:44:45","date_gmt":"2017-11-15T07:44:45","guid":{"rendered":"http:\/\/www.incdie-icpe.ro\/ro\/?page_id=18806"},"modified":"2017-12-14T12:29:51","modified_gmt":"2017-12-14T09:29:51","slug":"sisteme-fotovoltaice-stocare-energie-cladiri-mici-rezidentiale","status":"publish","type":"page","link":"http:\/\/www.icpe.ro\/ro\/lucrari-stiintifice\/sisteme-fotovoltaice-stocare-energie-cladiri-mici-rezidentiale\/","title":{"rendered":"Sisteme fotovoltaice \u0219i de stocare a energiei pentru cl\u0103diri mici \u0219i reziden\u021biale"},"content":{"rendered":"<p>[vc_row][vc_column bg_color=&#8221;#c6c6c6&#8243; column_padding=&#8221;custom-padding&#8221; column_custompadding=&#8221;37px 40px 40px 40px&#8221; width=&#8221;1\/2&#8243;]<h2 class=\"headline font-inherit fontsize-m fontweight-400 lh-inherit align-center transform-inherit \" style=\"margin: 0 0 20px 0;\">ABSTRACT<\/h2><h2 class=\"headline font-inherit fontsize-xs fontweight-400 lh-inherit align-left transform-inherit \" style=\"margin: 0 0 20px 0; color: #282828;\">Schimb\u0103rile climatice \u0219i degradarea mediului reprezinta \u00een prezent probleme importante care ini\u021biaz\u0103 concentrarea aten\u021biei cercet\u0103rii la nivel mondial s\u0103 se axeze pe g\u0103sirea unor solu\u021bii adecvate pentru rezolvarea acestor probleme. Generarea de energie pe baza utiliz\u0103rii surselor regenerabile reprezint\u0103 o solu\u021bie modern\u0103 \u0219i ecologic\u0103, care poate contribui la dep\u0103\u0219irea problemei polu\u0103rii, aduc\u00e2nd o gam\u0103 larg\u0103 de aplica\u021bii practice. \u00cen aceast\u0103 lucrare vor fi prezentate principalele rezultate ob\u021binute \u00een cadrul Proiectului european de cercetare RO0054 \/ 2009 (Grant SEE), intitulat: &#8220;Integrated micro CCHP-Stirling Engine based on renewable energy sources, for the isolated residential consumers from South-East region of Romania&#8221;.<\/h2>[\/vc_column][vc_column column_padding=&#8221;custom-padding&#8221; column_custompadding=&#8221;40px 40px 40px 40px&#8221; width=&#8221;1\/2&#8243;]<h2 class=\"headline font-inherit fontsize-s fontweight-800 lh-inherit align-left transform-inherit \" style=\"margin: 0 0 20px 0; color: #dd3333;\">Sisteme fotovoltaice \u0219i de stocare a energiei pentru cl\u0103diri mici \u0219i reziden\u021biale<\/h2>[vc_column_text]DATA:<strong> 2012<\/strong><\/p>\n<p>AUTORI:\u00a0<strong>Paula ANGHELI\u021a\u0102, Viorel STANCIU<br \/>\n<\/strong><\/p>\n<p>PUBLICAT \u00ceN:<strong> EEA 2012 | vol. 60 | nr. 2 | art. 13<br \/>\n<\/strong>[\/vc_column_text]<a href=\"http:\/\/www.eea-journal.ro\/ro\/d\/5\/p\/EEA60_2_13\" target=\"_blank\" class=\"button color-5 small \" style=\"border-radius: 2px;\"><i class='fa fa-book'><\/i>Cite\u0219te online<\/a><a href=\"http:\/\/www.eea-journal.ro\/includes\/showArticle.php?identificatorArticol=339\" target=\"_blank\" class=\"button color-5 small \" style=\"border-radius: 2px;\"><i class='fa fa-file-pdf-o'><\/i>Descarc\u0103 lucrarea<\/a>[\/vc_column][\/vc_row]<\/p>\n","protected":false},"excerpt":{"rendered":"<p>[vc_row][vc_column bg_color=&#8221;#c6c6c6&#8243; column_padding=&#8221;custom-padding&#8221; column_custompadding=&#8221;37px 40px 40px 40px&#8221; width=&#8221;1\/2&#8243;][\/vc_column][vc_column column_padding=&#8221;custom-padding&#8221; column_custompadding=&#8221;40px 40px 40px 40px&#8221; width=&#8221;1\/2&#8243;][vc_column_text]DATA: 2012 AUTORI:\u00a0Paula ANGHELI\u021a\u0102, Viorel STANCIU PUBLICAT \u00ceN: EEA 2012 | vol. 60 | nr. 2 | art. 13 [\/vc_column_text][\/vc_column][\/vc_row]<\/p>\n","protected":false},"author":2,"featured_media":0,"parent":17451,"menu_order":334,"comment_status":"closed","ping_status":"closed","template":"","meta":[],"folder":[43],"_links":{"self":[{"href":"http:\/\/www.icpe.ro\/ro\/wp-json\/wp\/v2\/pages\/18806"}],"collection":[{"href":"http:\/\/www.icpe.ro\/ro\/wp-json\/wp\/v2\/pages"}],"about":[{"href":"http:\/\/www.icpe.ro\/ro\/wp-json\/wp\/v2\/types\/page"}],"author":[{"embeddable":true,"href":"http:\/\/www.icpe.ro\/ro\/wp-json\/wp\/v2\/users\/2"}],"replies":[{"embeddable":true,"href":"http:\/\/www.icpe.ro\/ro\/wp-json\/wp\/v2\/comments?post=18806"}],"version-history":[{"count":0,"href":"http:\/\/www.icpe.ro\/ro\/wp-json\/wp\/v2\/pages\/18806\/revisions"}],"up":[{"embeddable":true,"href":"http:\/\/www.icpe.ro\/ro\/wp-json\/wp\/v2\/pages\/17451"}],"wp:attachment":[{"href":"http:\/\/www.icpe.ro\/ro\/wp-json\/wp\/v2\/media?parent=18806"}],"wp:term":[{"taxonomy":"folder","embeddable":true,"href":"http:\/\/www.icpe.ro\/ro\/wp-json\/wp\/v2\/folder?post=18806"}],"curies":[{"name":"wp","href":"https:\/\/api.w.org\/{rel}","templated":true}]}}