{"id":18772,"date":"2017-11-15T09:46:32","date_gmt":"2017-11-15T06:46:32","guid":{"rendered":"http:\/\/www.incdie-icpe.ro\/ro\/?page_id=18772"},"modified":"2017-12-14T12:29:40","modified_gmt":"2017-12-14T09:29:40","slug":"influenta-combinatie-z-2p-performante-pmsm","status":"publish","type":"page","link":"http:\/\/www.icpe.ro\/ro\/lucrari-stiintifice\/influenta-combinatie-z-2p-performante-pmsm\/","title":{"rendered":"Influen\u021ba combina\u021biei Z-2p asupra performan\u021belor PMSM"},"content":{"rendered":"<p>[vc_row][vc_column bg_color=&#8221;#c6c6c6&#8243; column_padding=&#8221;custom-padding&#8221; column_custompadding=&#8221;37px 40px 40px 40px&#8221; width=&#8221;1\/2&#8243;]<h2 class=\"headline font-inherit fontsize-m fontweight-400 lh-inherit align-center transform-inherit \" style=\"margin: 0 0 20px 0;\">ABSTRACT<\/h2><h2 class=\"headline font-inherit fontsize-xs fontweight-400 lh-inherit align-left transform-inherit \" style=\"margin: 0 0 20px 0; color: #282828;\">Lucrarea are ca subiect analiza numeric\u0103 a unei serii de Ma\u0219ini Sincrone cu magne\u021bi Permanen\u021bi (PMSM) cu scopul de a identifica combina\u021biile favorabile de num\u0103r de crest\u0103turi Z \u0219i num\u0103rul de poli 2p care duc la reducerea cuplului de ag\u0103\u021bare magnetic\u0103 (CT) \u0219i a for\u021bei de dezechilibru radial (URF). Analize numerice au fost realizate pe modele PMSM cu 10, 12 \u0219i 14 poli \u0219i cu un num\u0103r variabil de crest\u0103turi \u00eentre 12 \u0219i 45. Acest studiu folose\u0219te pachetul de programe software FLUX pentru analiz\u0103 de c\u00e2mp, bazat pe metoda elementului finit (FEM), urmat de calculul analitic pentru estimarea URF.<\/h2>[\/vc_column][vc_column column_padding=&#8221;custom-padding&#8221; column_custompadding=&#8221;40px 40px 40px 40px&#8221; width=&#8221;1\/2&#8243;]<h2 class=\"headline font-inherit fontsize-s fontweight-800 lh-inherit align-left transform-inherit \" style=\"margin: 0 0 20px 0; color: #dd3333;\">Influen\u021ba combina\u021biei Z-2p asupra performan\u021belor PMSM<\/h2>[vc_column_text]DATA:<strong> 2013<\/strong><\/p>\n<p>AUTORI:\u00a0<strong>Tiberiu TUDORACHE, Bogdan Daniel DUMITRU, Mircea MODREANU<\/strong><\/p>\n<p>PUBLICAT \u00ceN:<strong> EEA 2013 | vol. 61 | nr. 1 | art. 3<br \/>\n<\/strong>[\/vc_column_text]<a href=\"http:\/\/www.eea-journal.ro\/ro\/d\/5\/p\/EEA61_1_3\" target=\"_blank\" class=\"button color-5 small \" style=\"border-radius: 2px;\"><i class='fa fa-book'><\/i>Cite\u0219te online<\/a><a href=\"http:\/\/www.eea-journal.ro\/includes\/showArticle.php?identificatorArticol=374\" target=\"_blank\" class=\"button color-5 small \" style=\"border-radius: 2px;\"><i class='fa fa-file-pdf-o'><\/i>Descarc\u0103 lucrarea<\/a>[\/vc_column][\/vc_row]<\/p>\n","protected":false},"excerpt":{"rendered":"<p>[vc_row][vc_column bg_color=&#8221;#c6c6c6&#8243; column_padding=&#8221;custom-padding&#8221; column_custompadding=&#8221;37px 40px 40px 40px&#8221; width=&#8221;1\/2&#8243;][\/vc_column][vc_column column_padding=&#8221;custom-padding&#8221; column_custompadding=&#8221;40px 40px 40px 40px&#8221; width=&#8221;1\/2&#8243;][vc_column_text]DATA: 2013 AUTORI:\u00a0Tiberiu TUDORACHE, Bogdan Daniel DUMITRU, Mircea MODREANU PUBLICAT \u00ceN: EEA 2013 | vol. 61 | nr. 1 | art. 3 [\/vc_column_text][\/vc_column][\/vc_row]<\/p>\n","protected":false},"author":2,"featured_media":0,"parent":17451,"menu_order":172,"comment_status":"closed","ping_status":"closed","template":"","meta":[],"folder":[43],"_links":{"self":[{"href":"http:\/\/www.icpe.ro\/ro\/wp-json\/wp\/v2\/pages\/18772"}],"collection":[{"href":"http:\/\/www.icpe.ro\/ro\/wp-json\/wp\/v2\/pages"}],"about":[{"href":"http:\/\/www.icpe.ro\/ro\/wp-json\/wp\/v2\/types\/page"}],"author":[{"embeddable":true,"href":"http:\/\/www.icpe.ro\/ro\/wp-json\/wp\/v2\/users\/2"}],"replies":[{"embeddable":true,"href":"http:\/\/www.icpe.ro\/ro\/wp-json\/wp\/v2\/comments?post=18772"}],"version-history":[{"count":0,"href":"http:\/\/www.icpe.ro\/ro\/wp-json\/wp\/v2\/pages\/18772\/revisions"}],"up":[{"embeddable":true,"href":"http:\/\/www.icpe.ro\/ro\/wp-json\/wp\/v2\/pages\/17451"}],"wp:attachment":[{"href":"http:\/\/www.icpe.ro\/ro\/wp-json\/wp\/v2\/media?parent=18772"}],"wp:term":[{"taxonomy":"folder","embeddable":true,"href":"http:\/\/www.icpe.ro\/ro\/wp-json\/wp\/v2\/folder?post=18772"}],"curies":[{"name":"wp","href":"https:\/\/api.w.org\/{rel}","templated":true}]}}