{"id":18704,"date":"2017-11-14T09:37:08","date_gmt":"2017-11-14T06:37:08","guid":{"rendered":"http:\/\/www.incdie-icpe.ro\/ro\/?page_id=18704"},"modified":"2017-12-14T12:29:49","modified_gmt":"2017-12-14T09:29:49","slug":"sinteza-proprietati-comportament-degradare-fungica-elastomeri-poliuretanici-argint","status":"publish","type":"page","link":"http:\/\/www.icpe.ro\/ro\/lucrari-stiintifice\/sinteza-proprietati-comportament-degradare-fungica-elastomeri-poliuretanici-argint\/","title":{"rendered":"Sinteza, propriet\u0103\u021bile \u0219i comportamentul atunci c\u00e2nd sunt supuse la degradarea fungic\u0103 a elastomerilor poliuretanici pe baz\u0103 de sulfadiazin\u0103 pe baz\u0103 de argint"},"content":{"rendered":"<p>[vc_row][vc_column bg_color=&#8221;#c6c6c6&#8243; column_padding=&#8221;custom-padding&#8221; column_custompadding=&#8221;37px 40px 40px 40px&#8221; width=&#8221;1\/2&#8243;]<h2 class=\"headline font-inherit fontsize-m fontweight-400 lh-inherit align-center transform-inherit \" style=\"margin: 0 0 20px 0;\">ABSTRACT<\/h2><h2 class=\"headline font-inherit fontsize-xs fontweight-400 lh-inherit align-left transform-inherit \" style=\"margin: 0 0 20px 0; color: #282828;\"><\/h2>[\/vc_column][vc_column column_padding=&#8221;custom-padding&#8221; column_custompadding=&#8221;40px 40px 40px 40px&#8221; width=&#8221;1\/2&#8243;]<h2 class=\"headline font-inherit fontsize-s fontweight-800 lh-inherit align-left transform-inherit \" style=\"margin: 0 0 20px 0; color: #dd3333;\">Sinteza, propriet\u0103\u021bile \u0219i comportamentul atunci c\u00e2nd sunt supuse la degradarea fungic\u0103 a elastomerilor poliuretanici pe baz\u0103 de sulfadiazin\u0103 pe baz\u0103 de argint<\/h2>[vc_column_text]DATA:<strong> 2014<\/strong><\/p>\n<p>AUTORI: <strong>\u0218tefan OPREA, Petronela GR\u0102DINARIU, Bica ZORLESCU, Veronica OPREA<br \/>\n<\/strong><\/p>\n<p>PREZENTAT LA: <strong>Proceedings of International Conference on Green Chemistry and Sustainable Engineering, Rome (Italy)<br \/>\n<\/strong>[\/vc_column_text][\/vc_column][\/vc_row]<\/p>\n","protected":false},"excerpt":{"rendered":"<p>[vc_row][vc_column bg_color=&#8221;#c6c6c6&#8243; column_padding=&#8221;custom-padding&#8221; column_custompadding=&#8221;37px 40px 40px 40px&#8221; width=&#8221;1\/2&#8243;][\/vc_column][vc_column column_padding=&#8221;custom-padding&#8221; column_custompadding=&#8221;40px 40px 40px 40px&#8221; width=&#8221;1\/2&#8243;][vc_column_text]DATA: 2014 AUTORI: \u0218tefan OPREA, Petronela GR\u0102DINARIU, Bica ZORLESCU, Veronica OPREA PREZENTAT LA: Proceedings of International Conference on Green Chemistry and Sustainable Engineering, Rome (Italy) [\/vc_column_text][\/vc_column][\/vc_row]<\/p>\n","protected":false},"author":2,"featured_media":0,"parent":17451,"menu_order":315,"comment_status":"closed","ping_status":"closed","template":"","meta":[],"folder":[43],"_links":{"self":[{"href":"http:\/\/www.icpe.ro\/ro\/wp-json\/wp\/v2\/pages\/18704"}],"collection":[{"href":"http:\/\/www.icpe.ro\/ro\/wp-json\/wp\/v2\/pages"}],"about":[{"href":"http:\/\/www.icpe.ro\/ro\/wp-json\/wp\/v2\/types\/page"}],"author":[{"embeddable":true,"href":"http:\/\/www.icpe.ro\/ro\/wp-json\/wp\/v2\/users\/2"}],"replies":[{"embeddable":true,"href":"http:\/\/www.icpe.ro\/ro\/wp-json\/wp\/v2\/comments?post=18704"}],"version-history":[{"count":0,"href":"http:\/\/www.icpe.ro\/ro\/wp-json\/wp\/v2\/pages\/18704\/revisions"}],"up":[{"embeddable":true,"href":"http:\/\/www.icpe.ro\/ro\/wp-json\/wp\/v2\/pages\/17451"}],"wp:attachment":[{"href":"http:\/\/www.icpe.ro\/ro\/wp-json\/wp\/v2\/media?parent=18704"}],"wp:term":[{"taxonomy":"folder","embeddable":true,"href":"http:\/\/www.icpe.ro\/ro\/wp-json\/wp\/v2\/folder?post=18704"}],"curies":[{"name":"wp","href":"https:\/\/api.w.org\/{rel}","templated":true}]}}