{"id":18674,"date":"2017-11-14T08:33:53","date_gmt":"2017-11-14T05:33:53","guid":{"rendered":"http:\/\/www.incdie-icpe.ro\/ro\/?page_id=18674"},"modified":"2017-12-14T12:31:11","modified_gmt":"2017-12-14T09:31:11","slug":"statie-incarcare-fotovoltaica-vehicule-terestre-barci","status":"publish","type":"page","link":"http:\/\/www.icpe.ro\/ro\/lucrari-stiintifice\/statie-incarcare-fotovoltaica-vehicule-terestre-barci\/","title":{"rendered":"Sta\u021bie de \u00eenc\u0103rcare fotovoltaic\u0103 pentru vehicule terestre \u0219i b\u0103rci"},"content":{"rendered":"<p>[vc_row][vc_column bg_color=&#8221;#c6c6c6&#8243; column_padding=&#8221;custom-padding&#8221; column_custompadding=&#8221;37px 40px 40px 40px&#8221; width=&#8221;1\/2&#8243;]<h2 class=\"headline font-inherit fontsize-m fontweight-400 lh-inherit align-center transform-inherit \" style=\"margin: 0 0 20px 0;\">ABSTRACT<\/h2><h2 class=\"headline font-inherit fontsize-xs fontweight-400 lh-inherit align-left transform-inherit \" style=\"margin: 0 0 20px 0; color: #282828;\">Lucrarea prezint\u0103 proiectarea \u0219i analiza unui sistem fotovoltaic off-grid, o structur\u0103 electromecanic\u0103 care are rolul unei sta\u021bii electrice de \u00eenc\u0103rcare, proiect care s-a dorit a se \u00eencadra \u00een zona mobilit\u0103\u0163ii electrice. Sta\u021bia de \u00eenc\u0103rcare fotovoltaic\u0103 reprezint\u0103 un sistem dezvoltat pentru propulsia electric\u0103 a vehiculelor terestre \u0219i a ambarca\u0163iunilor echipate cu solu\u0163ia inovativ\u0103 modular\u0103 de propulsie electric\u0103 realizat\u0103 \u00een tehnologii flexibile. Solu\u0163ia modular\u0103 a sta\u0163iei de \u00eenc\u0103rcare este g\u00e2ndit\u0103 ca parte integrant\u0103 a unui modul de transport ecologic destinat unor zone delimitate geografic, de tipul rezerva\u0163iilor naturale, parcurilor etc., fiecare modul av\u00e2nd \u00een componen\u0163\u0103 vehiculul electric, sta\u0163ia de \u00eenc\u0103rcare \u015fi sistemul de management al modulului. Astfel, prin dezvoltarea solu\u0163iei descrise \u00een aceast\u0103 lucrare va fi adus\u0103 o contribu\u0163ie la dezvoltarea durabil\u0103 a transportului \u0219i, \u00een acela\u0219i timp, va fi dezvoltat\u0103 o solu\u021bie cu poten\u021bial de pia\u021b\u0103.<\/h2>[\/vc_column][vc_column column_padding=&#8221;custom-padding&#8221; column_custompadding=&#8221;40px 40px 40px 40px&#8221; width=&#8221;1\/2&#8243;]<h2 class=\"headline font-inherit fontsize-s fontweight-800 lh-inherit align-left transform-inherit \" style=\"margin: 0 0 20px 0; color: #dd3333;\">Sta\u021bie de \u00eenc\u0103rcare fotovoltaic\u0103 pentru vehicule terestre \u0219i b\u0103rci<\/h2>[vc_column_text]DATA:<strong> 2015<\/strong><\/p>\n<p>AUTORI:\u00a0<strong>Lucian Nicolae DEMETER, Alexandra Ionela VINTIL\u0102, Viorel URSU<\/strong><\/p>\n<p>PUBLICAT \u00ceN:<strong> EEA 2015\u00a0| vol. 63 | nr. 4 | art. 9<br \/>\n<\/strong>[\/vc_column_text]<a href=\"http:\/\/www.eea-journal.ro\/ro\/d\/5\/p\/EEA63_4_9\" target=\"_blank\" class=\"button color-5 small \" style=\"border-radius: 2px;\"><i class='fa fa-book'><\/i>Cite\u0219te online<\/a><a href=\"http:\/\/www.eea-journal.ro\/includes\/showArticle.php?identificatorArticol=530\" target=\"_blank\" class=\"button color-5 small \" style=\"border-radius: 2px;\"><i class='fa fa-file-pdf-o'><\/i>Descarc\u0103 lucrarea<\/a>[\/vc_column][\/vc_row]<\/p>\n","protected":false},"excerpt":{"rendered":"<p>[vc_row][vc_column bg_color=&#8221;#c6c6c6&#8243; column_padding=&#8221;custom-padding&#8221; column_custompadding=&#8221;37px 40px 40px 40px&#8221; width=&#8221;1\/2&#8243;][\/vc_column][vc_column column_padding=&#8221;custom-padding&#8221; column_custompadding=&#8221;40px 40px 40px 40px&#8221; width=&#8221;1\/2&#8243;][vc_column_text]DATA: 2015 AUTORI:\u00a0Lucian Nicolae DEMETER, Alexandra Ionela VINTIL\u0102, Viorel URSU PUBLICAT \u00ceN: EEA 2015\u00a0| vol. 63 | nr. 4 | art. 9 [\/vc_column_text][\/vc_column][\/vc_row]<\/p>\n","protected":false},"author":2,"featured_media":0,"parent":17451,"menu_order":350,"comment_status":"closed","ping_status":"closed","template":"","meta":[],"folder":[43],"_links":{"self":[{"href":"http:\/\/www.icpe.ro\/ro\/wp-json\/wp\/v2\/pages\/18674"}],"collection":[{"href":"http:\/\/www.icpe.ro\/ro\/wp-json\/wp\/v2\/pages"}],"about":[{"href":"http:\/\/www.icpe.ro\/ro\/wp-json\/wp\/v2\/types\/page"}],"author":[{"embeddable":true,"href":"http:\/\/www.icpe.ro\/ro\/wp-json\/wp\/v2\/users\/2"}],"replies":[{"embeddable":true,"href":"http:\/\/www.icpe.ro\/ro\/wp-json\/wp\/v2\/comments?post=18674"}],"version-history":[{"count":0,"href":"http:\/\/www.icpe.ro\/ro\/wp-json\/wp\/v2\/pages\/18674\/revisions"}],"up":[{"embeddable":true,"href":"http:\/\/www.icpe.ro\/ro\/wp-json\/wp\/v2\/pages\/17451"}],"wp:attachment":[{"href":"http:\/\/www.icpe.ro\/ro\/wp-json\/wp\/v2\/media?parent=18674"}],"wp:term":[{"taxonomy":"folder","embeddable":true,"href":"http:\/\/www.icpe.ro\/ro\/wp-json\/wp\/v2\/folder?post=18674"}],"curies":[{"name":"wp","href":"https:\/\/api.w.org\/{rel}","templated":true}]}}