{"id":18587,"date":"2017-11-13T12:43:45","date_gmt":"2017-11-13T09:43:45","guid":{"rendered":"http:\/\/www.incdie-icpe.ro\/ro\/?page_id=18587"},"modified":"2017-12-14T12:29:31","modified_gmt":"2017-12-14T09:29:31","slug":"analiza-structurala-fluxuri-tremice-masini-electrice","status":"publish","type":"page","link":"http:\/\/www.icpe.ro\/ro\/lucrari-stiintifice\/analiza-structurala-fluxuri-tremice-masini-electrice\/","title":{"rendered":"Analiza structural\u0103 a fluxurilor termice \u00een ma\u0219inile electrice"},"content":{"rendered":"<p>[vc_row][vc_column bg_color=&#8221;#c6c6c6&#8243; column_padding=&#8221;custom-padding&#8221; column_custompadding=&#8221;37px 40px 40px 40px&#8221; width=&#8221;1\/2&#8243;]<h2 class=\"headline font-inherit fontsize-m fontweight-400 lh-inherit align-center transform-inherit \" style=\"margin: 0 0 20px 0;\">ABSTRACT<\/h2><h2 class=\"headline font-inherit fontsize-xs fontweight-400 lh-inherit align-left transform-inherit \" style=\"margin: 0 0 20px 0; color: #282828;\">Aceast\u0103 lucrare prezint\u0103 o analiz\u0103 a modului \u00een care teoria constructiv\u0103 ar putea fi aplicat\u0103 la optimizarea masei \u0219i a volumului ma\u0219inilor electrice, consider\u00e2nd ca element esen\u021bial fluxul de c\u0103ldur\u0103 datorat pierderilor de energie generate \u00een acestea.<\/h2>[\/vc_column][vc_column column_padding=&#8221;custom-padding&#8221; column_custompadding=&#8221;40px 40px 40px 40px&#8221; width=&#8221;1\/2&#8243;]<h2 class=\"headline font-inherit fontsize-s fontweight-800 lh-inherit align-left transform-inherit \" style=\"margin: 0 0 20px 0; color: #dd3333;\">Analiza structural\u0103 a fluxurilor termice \u00een ma\u0219inile electrice<\/h2>[vc_column_text]DATA:<strong> 2016<\/strong><\/p>\n<p>AUTORI:\u00a0<strong>Nicolae VASILE, Floarea VASILE, Ramona CHIRESCU, N. FIDEL<\/strong><\/p>\n<p>PREZENTAT LA:<strong> Revista SEEEF Universitatea \u201eValahia\u201d Targoviste<br \/>\n<\/strong>[\/vc_column_text]<a href=\"https:\/\/www.degruyter.com\/view\/j\/sbeef.ahead-of-print\/sbeef-2016-0009\/sbeef-2016-0009.xml\" target=\"_blank\" class=\"button color-5 small \" style=\"border-radius: 2px;\"><i class='fa fa-book'><\/i>Cite\u0219te online<\/a>[\/vc_column][\/vc_row]<\/p>\n","protected":false},"excerpt":{"rendered":"<p>[vc_row][vc_column bg_color=&#8221;#c6c6c6&#8243; column_padding=&#8221;custom-padding&#8221; column_custompadding=&#8221;37px 40px 40px 40px&#8221; width=&#8221;1\/2&#8243;][\/vc_column][vc_column column_padding=&#8221;custom-padding&#8221; column_custompadding=&#8221;40px 40px 40px 40px&#8221; width=&#8221;1\/2&#8243;][vc_column_text]DATA: 2016 AUTORI:\u00a0Nicolae VASILE, Floarea VASILE, Ramona CHIRESCU, N. FIDEL PREZENTAT LA: Revista SEEEF Universitatea \u201eValahia\u201d Targoviste [\/vc_column_text][\/vc_column][\/vc_row]<\/p>\n","protected":false},"author":2,"featured_media":0,"parent":17451,"menu_order":12,"comment_status":"closed","ping_status":"closed","template":"","meta":[],"folder":[43],"_links":{"self":[{"href":"http:\/\/www.icpe.ro\/ro\/wp-json\/wp\/v2\/pages\/18587"}],"collection":[{"href":"http:\/\/www.icpe.ro\/ro\/wp-json\/wp\/v2\/pages"}],"about":[{"href":"http:\/\/www.icpe.ro\/ro\/wp-json\/wp\/v2\/types\/page"}],"author":[{"embeddable":true,"href":"http:\/\/www.icpe.ro\/ro\/wp-json\/wp\/v2\/users\/2"}],"replies":[{"embeddable":true,"href":"http:\/\/www.icpe.ro\/ro\/wp-json\/wp\/v2\/comments?post=18587"}],"version-history":[{"count":0,"href":"http:\/\/www.icpe.ro\/ro\/wp-json\/wp\/v2\/pages\/18587\/revisions"}],"up":[{"embeddable":true,"href":"http:\/\/www.icpe.ro\/ro\/wp-json\/wp\/v2\/pages\/17451"}],"wp:attachment":[{"href":"http:\/\/www.icpe.ro\/ro\/wp-json\/wp\/v2\/media?parent=18587"}],"wp:term":[{"taxonomy":"folder","embeddable":true,"href":"http:\/\/www.icpe.ro\/ro\/wp-json\/wp\/v2\/folder?post=18587"}],"curies":[{"name":"wp","href":"https:\/\/api.w.org\/{rel}","templated":true}]}}