{"id":18510,"date":"2017-11-13T10:32:24","date_gmt":"2017-11-13T07:32:24","guid":{"rendered":"http:\/\/www.incdie-icpe.ro\/ro\/?page_id=18510"},"modified":"2018-05-16T12:46:15","modified_gmt":"2018-05-16T09:46:15","slug":"motoare-vehicule-electrice","status":"publish","type":"page","link":"http:\/\/www.icpe.ro\/ro\/masini-electrice-speciale\/motoare-vehicule-electrice\/","title":{"rendered":"Motoare pentru vehicule electrice"},"content":{"rendered":"<p>[vc_row top_padding=&#8221;40&#8243; bottom_padding=&#8221;40&#8243;][vc_column column_padding=&#8221;padding-2&#8243; text_align=&#8221;center&#8221; width=&#8221;1\/2&#8243;]<h1 class=\"headline font-inherit fontsize-s fontweight-600 lh-inherit align-center transform-inherit \" style=\"margin: 0 0 20px 0;\">Motoare r\u0103cite cu ap\u0103 pentru trac\u0163iune electric\u0103<\/h1><a href=\"http:\/\/www.icpe.ro\/ro\/masini-electrice-speciale\/motoare-vehicule-electrice\/motoare-racite-cu-apa-pentru-tractiune-electrica\/\" target=\"_blank\" class=\"button color-2 small \" style=\"border-radius: 2px;\">Detalii<\/a><div class=\"divider-title align-center\" ><\/div><h1 class=\"headline font-inherit fontsize-s fontweight-600 lh-inherit align-center transform-inherit \" style=\"margin: 0 0 20px 0;\">Motoare electrice pentru vehicule hibride<\/h1><a href=\"http:\/\/www.icpe.ro\/ro\/masini-electrice-speciale\/motoare-vehicule-electrice\/motoare-electrice-pentru-vehicule-hibride\/\" target=\"_blank\" class=\"button color-2 small \" style=\"border-radius: 2px;\">Detalii<\/a><div class=\"divider-title align-center\" ><\/div><h1 class=\"headline font-inherit fontsize-s fontweight-600 lh-inherit align-center transform-inherit \" style=\"margin: 0 0 20px 0;\">Roat\u0103 motoare pentru scuter electric\/hibrid<\/h1><a href=\"http:\/\/www.icpe.ro\/ro\/masini-electrice-speciale\/motoare-vehicule-electrice\/roata-motoare-pentru-scuter-electric-hibrid\/\" target=\"_blank\" class=\"button color-2 small \" style=\"border-radius: 2px;\">Detalii<\/a>[\/vc_column][vc_column column_padding=&#8221;padding-2&#8243; text_align=&#8221;center&#8221; width=&#8221;1\/2&#8243;]<h1 class=\"headline font-inherit fontsize-s fontweight-600 lh-inherit align-center transform-inherit \" style=\"margin: 0 0 20px 0;\">Motoare pentru ambarca\u0163iune electric\u0103<\/h1><a href=\"http:\/\/www.icpe.ro\/ro\/masini-electrice-speciale\/motoare-vehicule-electrice\/motoare-pentru-ambarcatiune-electrica\/\" target=\"_blank\" class=\"button color-2 small \" style=\"border-radius: 2px;\">Detalii<\/a><div class=\"divider-title align-center\" ><\/div><h1 class=\"headline font-inherit fontsize-s fontweight-600 lh-inherit align-center transform-inherit \" style=\"margin: 0 0 20px 0;\">Motoare sincrone f\u0103r\u0103 perii pentru trac\u0163iune electric\u0103<\/h1><a href=\"http:\/\/www.icpe.ro\/ro\/masini-electrice-speciale\/motoare-vehicule-electrice\/motoare-sincrone-fara-perii-pentru-tractiune-electrica\/\" target=\"_blank\" class=\"button color-2 small \" style=\"border-radius: 2px;\">Detalii<\/a>[\/vc_column][\/vc_row]<\/p>\n","protected":false},"excerpt":{"rendered":"<p>[vc_row top_padding=&#8221;40&#8243; bottom_padding=&#8221;40&#8243;][vc_column column_padding=&#8221;padding-2&#8243; text_align=&#8221;center&#8221; width=&#8221;1\/2&#8243;][\/vc_column][vc_column column_padding=&#8221;padding-2&#8243; text_align=&#8221;center&#8221; width=&#8221;1\/2&#8243;][\/vc_column][\/vc_row]<\/p>\n","protected":false},"author":1,"featured_media":0,"parent":18388,"menu_order":243,"comment_status":"closed","ping_status":"closed","template":"","meta":[],"folder":[47],"_links":{"self":[{"href":"http:\/\/www.icpe.ro\/ro\/wp-json\/wp\/v2\/pages\/18510"}],"collection":[{"href":"http:\/\/www.icpe.ro\/ro\/wp-json\/wp\/v2\/pages"}],"about":[{"href":"http:\/\/www.icpe.ro\/ro\/wp-json\/wp\/v2\/types\/page"}],"author":[{"embeddable":true,"href":"http:\/\/www.icpe.ro\/ro\/wp-json\/wp\/v2\/users\/1"}],"replies":[{"embeddable":true,"href":"http:\/\/www.icpe.ro\/ro\/wp-json\/wp\/v2\/comments?post=18510"}],"version-history":[{"count":0,"href":"http:\/\/www.icpe.ro\/ro\/wp-json\/wp\/v2\/pages\/18510\/revisions"}],"up":[{"embeddable":true,"href":"http:\/\/www.icpe.ro\/ro\/wp-json\/wp\/v2\/pages\/18388"}],"wp:attachment":[{"href":"http:\/\/www.icpe.ro\/ro\/wp-json\/wp\/v2\/media?parent=18510"}],"wp:term":[{"taxonomy":"folder","embeddable":true,"href":"http:\/\/www.icpe.ro\/ro\/wp-json\/wp\/v2\/folder?post=18510"}],"curies":[{"name":"wp","href":"https:\/\/api.w.org\/{rel}","templated":true}]}}