{"id":18370,"date":"2017-11-08T13:38:51","date_gmt":"2017-11-08T10:38:51","guid":{"rendered":"http:\/\/www.incdie-icpe.ro\/ro\/?page_id=18370"},"modified":"2018-10-05T11:09:32","modified_gmt":"2018-10-05T08:09:32","slug":"noutati","status":"publish","type":"page","link":"http:\/\/www.icpe.ro\/ro\/optimpv\/noutati\/","title":{"rendered":"Nout\u0103\u021bi"},"content":{"rendered":"<p>[vc_row type=&#8221;full_width_section&#8221;][vc_column width=&#8221;1\/1&#8243;][vc_raw_html]JTNDc3R5bGUlM0UlMEEudG9wbmF2JTIwJTdCJTBBJTBBJTIwJTIwJTIwJTIwbGlzdC1zdHlsZSUzQW5vbmUlM0IlMEElMjAlMjAlMjAlMjBtYXJnaW4lM0EwJTNCJTBBJTIwJTIwJTIwJTIwcGFkZGluZyUzQTAlM0IlMEElMjAlMjAlMjAlMjB0ZXh0LWFsaWduJTNBY2VudGVyJTNCJTBBJTdEJTBBJTBBLnRvcG5hdiUyMGxpJTIwJTdCJTBBJTIwJTIwZGlzcGxheSUzQWlubGluZSUzQiUwQSU3RCUwQSUwQS50b3BuYXYlMjBhJTdCJTBBJTIwJTIwZGlzcGxheSUzQWlubGluZS1ibG9jayUzQiUwQSUyMCUyMGNvbG9yJTNBJTIwJTIzMDAwJTNCJTBBJTIwJTIwJTIwJTIwcGFkZGluZyUzQTE4cHglMjAzNnB4JTNCJTBBJTIwJTIwZm9udC1zaXplJTNBMTdweCUzQiUwQSU3RCUwQS50b3BuYXYlMjBhJTNBaG92ZXIlMjAlN0IlMEElMjAlMjBiYWNrZ3JvdW5kLWNvbG9yJTNBJTIwJTIzZGRkJTNCJTBBJTIwJTIwY29sb3IlM0ElMjBibGFjayUzQiUwQSU3RCUwQSUwQS50b3BuYXYlMjAuaWNvbiUyMCU3QiUwQSUyMCUyMGRpc3BsYXklM0ElMjBub25lJTNCJTBBJTdEJTBBLmFjdGl2ZSUyMCU3QiUwQSUyMCUyMCUyMCUyMGJhY2tncm91bmQtY29sb3IlM0ElMjAlMjNmN2Y3ZjclM0IlMEElMjAlMjAlMjAlMjBmb250LXdlaWdodCUzQSUyMGJvbGQlM0IlMEElN0QlMEElMEElNDBtZWRpYSUyMHNjcmVlbiUyMGFuZCUyMCUyOG1heC13aWR0aCUzQSUyMDYwMHB4JTI5JTIwJTdCJTBBJTIwJTIwLnRvcG5hdiUyMGElM0Fub3QlMjglM0FmaXJzdC1jaGlsZCUyOSUyMCU3QmRpc3BsYXklM0ElMjBub25lJTNCJTdEJTBBJTIwJTIwLnRvcG5hdiUyMGEuaWNvbiUyMCU3QiUwQSUyMCUyMCUyMCUyMGZsb2F0JTNBJTIwcmlnaHQlM0IlMEElMjAlMjAlMjAlMjBkaXNwbGF5JTNBJTIwYmxvY2slM0IlMEElMjAlMjAlN0QlMEElN0QlMEElMEElNDBtZWRpYSUyMHNjcmVlbiUyMGFuZCUyMCUyOG1heC13aWR0aCUzQSUyMDYwMHB4JTI5JTIwJTdCJTBBJTIwJTIwLnRvcG5hdi5yZXNwb25zaXZlJTIwJTdCcG9zaXRpb24lM0ElMjByZWxhdGl2ZSUzQiU3RCUwQSUyMCUyMC50b3BuYXYucmVzcG9uc2l2ZSUyMC5pY29uJTIwJTdCJTBBJTIwJTIwJTIwJTIwcG9zaXRpb24lM0ElMjBhYnNvbHV0ZSUzQiUwQSUyMCUyMCUyMCUyMHJpZ2h0JTNBJTIwMCUzQiUwQSUyMCUyMCUyMCUyMHRvcCUzQSUyMDAlM0IlMEElMjAlMjAlN0QlMEElMjAlMjAudG9wbmF2LnJlc3BvbnNpdmUlMjBhJTIwJTdCJTBBJTIwJTIwJTIwJTIwZmxvYXQlM0ElMjBub25lJTNCJTBBJTIwJTIwJTIwJTIwZGlzcGxheSUzQSUyMGJsb2NrJTNCJTBBJTIwJTIwJTIwJTIwdGV4dC1hbGlnbiUzQSUyMGxlZnQlM0IlMEElMjAlMjAlN0QlMEElMEElN0QlMEElM0MlMkZzdHlsZSUzRSUwQSUwQSUwQSUwQSUzQ2RpdiUyMGNsYXNzJTNEJTIydG9wbmF2JTIyJTIwaWQlM0QlMjJteVRvcG5hdiUyMiUzRSUwQSUyMCUyMCUzQ2ElMjBocmVmJTNEJTIyaHR0cCUzQSUyRiUyRnd3dy5pY3BlLnJvJTJGcm8lMkZvcHRpbXB2JTJGJTIyJTNFQWNhcyVDNCU4MyUzQyUyRmElM0UlMEElMjAlMjAlM0NhJTIwaHJlZiUzRCUyMmh0dHAlM0ElMkYlMkZ3d3cuaWNwZS5ybyUyRnJvJTJGb3B0aW1wdiUyRmRlc3ByZS1wcm9pZWN0JTIyJTNFRGVzcHJlJTIwcHJvaWVjdCUzQyUyRmElM0UlMEElMjAlMjAlM0NhJTIwaHJlZiUzRCUyMmh0dHAlM0ElMkYlMkZ3d3cuaWNwZS5ybyUyRnJvJTJGb3B0aW1wdiUyRmNvbnNvcnRpdSUyMiUzRUNvbnNvciVDOCU5Qml1JTNDJTJGYSUzRSUwQSUyMCUyMCUzQ2ElMjBocmVmJTNEJTIyaHR0cCUzQSUyRiUyRnd3dy5pY3BlLnJvJTJGcm8lMkZvcHRpbXB2JTJGZXRhcGUlMjIlM0VFdGFwZSUzQyUyRmElM0UlMEElMjAlMjAlM0NhJTIwaHJlZiUzRCUyMmh0dHAlM0ElMkYlMkZ3d3cuaWNwZS5ybyUyRnJvJTJGb3B0aW1wdiUyRm5vdXRhdGklMjIlM0VOb3V0JUM0JTgzJUM4JTlCaSUzQyUyRmElM0UlMEElMjAlMjAlM0NhJTIwaHJlZiUzRCUyMmh0dHAlM0ElMkYlMkZ3d3cuaWNwZS5ybyUyRnJvJTJGb3B0aW1wdiUyRmNvbnRhY3QlMjIlM0VDb250YWN0JTNDJTJGYSUzRSUwQSUyMCUyMCUzQ2xpJTIwc3R5bGUlM0QlMjJmbG9hdCUzQXJpZ2h0JTIyJTNFJTNDYSUyMGNsYXNzJTNEJTIyYWN0aXZlJTIyJTIwaHJlZiUzRCUyMmh0dHAlM0ElMkYlMkZ3d3cuaWNwZS5ybyUyRm9wdGltcHYlMkYlMjIlM0VFTiUzQyUyRmElM0UlM0MlMkZsaSUzRSUwQSUwQSUyMCUyMCUzQ2ElMjBocmVmJTNEJTIyamF2YXNjcmlwdCUzQXZvaWQlMjgwJTI5JTNCJTIyJTIwc3R5bGUlM0QlMjJmb250LXNpemUlM0ExNXB4JTNCJTIyJTIwY2xhc3MlM0QlMjJpY29uJTIyJTIwb25jbGljayUzRCUyMm15RnVuY3Rpb24lMjglMjklMjIlM0UlMjYlMjM5Nzc2JTNCJTNDJTJGYSUzRSUwQSUzQyUyRmRpdiUzRSUwQSUwQSUzQ3NjcmlwdCUzRSUwQWZ1bmN0aW9uJTIwbXlGdW5jdGlvbiUyOCUyOSUyMCU3QiUwQSUyMCUyMCUyMCUyMHZhciUyMHglMjAlM0QlMjBkb2N1bWVudC5nZXRFbGVtZW50QnlJZCUyOCUyMm15VG9wbmF2JTIyJTI5JTNCJTBBJTIwJTIwJTIwJTIwaWYlMjAlMjh4LmNsYXNzTmFtZSUyMCUzRCUzRCUzRCUyMCUyMnRvcG5hdiUyMiUyOSUyMCU3QiUwQSUyMCUyMCUyMCUyMCUyMCUyMCUyMCUyMHguY2xhc3NOYW1lJTIwJTJCJTNEJTIwJTIyJTIwcmVzcG9uc2l2ZSUyMiUzQiUwQSUyMCUyMCUyMCUyMCU3RCUyMGVsc2UlMjAlN0IlMEElMjAlMjAlMjAlMjAlMjAlMjAlMjAlMjB4LmNsYXNzTmFtZSUyMCUzRCUyMCUyMnRvcG5hdiUyMiUzQiUwQSUyMCUyMCUyMCUyMCU3RCUwQSU3RCUwQSUzQyUyRnNjcmlwdCUzRSUwQQ==[\/vc_raw_html][\/vc_column][\/vc_row][vc_row][vc_column width=&#8221;1\/1&#8243;]<div class=\"single_image wpb_content_element align-center    \" data-animation=\"none\" data-delay=\"0\"><img width=\"300\" height=\"152\" src=\"http:\/\/www.icpe.ro\/ro\/wp-content\/uploads\/2014\/12\/Optimpv.jpg\" class=\"attachment-full\" alt=\"\" loading=\"lazy\" \/><\/div>[\/vc_column][\/vc_row][vc_row bg_color=&#8221;#efefef&#8221; top_padding=&#8221;20&#8243; bottom_padding=&#8221;20&#8243;][vc_column width=&#8221;1\/1&#8243;]<h1 class=\"headline font-inherit fontsize-m fontweight-700 lh-inherit align-center transform-uppercase \" style=\"margin: 0 0 0 0;\">Nout\u0103\u021bi<\/h1>[\/vc_column][\/vc_row][vc_row top_padding=&#8221;40&#8243; bottom_padding=&#8221;40&#8243;][vc_column width=&#8221;1\/1&#8243;][vc_column_text]<strong>Finalizarea etapei a 3-a &#8211; 2018<\/strong><\/p>\n<p>Execu\u0163ia modulelor OPERATION, MAINTENANCE, OPTIM, p\u0103r\u0163i compnente ale solu\u0163iei informatice OPTIMPV s-a bazat pe o solu\u0163ie conceput\u0103 special pentru arhitectura cloud, oferind o serie de caracteristici, cum ar fi: furnizarea bazei de date ca serviciu \u00een cloud, optimizare, integrare \u0219i analiz\u0103 Big Data, facilit\u0103\u021bi de securitate etc&#8230;<\/p>\n<p><center><br \/>\n<img loading=\"lazy\" class=\"size-full wp-image-19926 aligncenter\" src=\"http:\/\/www.icpe.ro\/ro\/wp-content\/uploads\/2018\/10\/OPTIMPV_2018_Foto_01.jpg\" alt=\"\" width=\"575\" height=\"316\" srcset=\"http:\/\/www.icpe.ro\/ro\/wp-content\/uploads\/2018\/10\/OPTIMPV_2018_Foto_01.jpg 575w, http:\/\/www.icpe.ro\/ro\/wp-content\/uploads\/2018\/10\/OPTIMPV_2018_Foto_01-300x165.jpg 300w\" sizes=\"(max-width: 575px) 100vw, 575px\" \/><\/center><\/p>\n<p>Func\u0163ionalitatea platformei este asigurat\u0103 \u015fi prin sistemele de monitorizare \u00een timp real a m\u0103rimilor care influen\u0163eaz\u0103 func\u0163ionalitatea respectiv parametri meteorologici din aria de interes, precum \u015fi parametri electrici specifici procedurilor opera\u0163ionale ale centralei fotovoltaice.<br \/>\nPrototipul a dep\u0103\u015fit etapele de testare \u00een condi\u0163ii reale de func\u0163ionare.<\/p>\n<p><center><br \/>\n<img loading=\"lazy\" class=\"aligncenter size-full wp-image-19927\" src=\"http:\/\/www.icpe.ro\/ro\/wp-content\/uploads\/2018\/10\/OPTIMPV_2018_Foto_02.jpg\" alt=\"\" width=\"446\" height=\"297\" srcset=\"http:\/\/www.icpe.ro\/ro\/wp-content\/uploads\/2018\/10\/OPTIMPV_2018_Foto_02.jpg 446w, http:\/\/www.icpe.ro\/ro\/wp-content\/uploads\/2018\/10\/OPTIMPV_2018_Foto_02-300x200.jpg 300w\" sizes=\"(max-width: 446px) 100vw, 446px\" \/>\u00a0 <img loading=\"lazy\" class=\"aligncenter size-full wp-image-19928\" src=\"http:\/\/www.icpe.ro\/ro\/wp-content\/uploads\/2018\/10\/OPTIMPV_2018_Foto_03.jpg\" alt=\"\" width=\"196\" height=\"295\" \/><\/center>&nbsp;<\/p>\n<p><center><img loading=\"lazy\" class=\"aligncenter size-full wp-image-19929\" src=\"http:\/\/www.icpe.ro\/ro\/wp-content\/uploads\/2018\/10\/OPTIMPV_2018_Foto_04.jpg\" alt=\"\" width=\"565\" height=\"509\" srcset=\"http:\/\/www.icpe.ro\/ro\/wp-content\/uploads\/2018\/10\/OPTIMPV_2018_Foto_04.jpg 565w, http:\/\/www.icpe.ro\/ro\/wp-content\/uploads\/2018\/10\/OPTIMPV_2018_Foto_04-300x270.jpg 300w\" sizes=\"(max-width: 565px) 100vw, 565px\" \/><\/center>[\/vc_column_text]<div class=\"newdivider align-center\" style=\"border-bottom-style: solid; border-color: #999999; border-bottom-width: 2px; margin-top: 0; margin-bottom: 0; width: 100%; \"><\/div><div class=\"clear\"><\/div>[\/vc_column][\/vc_row][vc_row top_padding=&#8221;10&#8243; bottom_padding=&#8221;40&#8243;][vc_column width=&#8221;1\/1&#8243;][vc_column_text]<strong>INTERNATIONAL ELECTRIC &amp; AUTOMATION SHOW 2018<\/strong><\/p>\n<p><em><strong>18 &#8211; 20 Septembrie 2018 Palatul Parlamentului, Bucure\u0219ti, Rom\u00e2nia<\/strong><\/em><\/p>\n<p>Anul acesta 2018 IEAS a evoluat c\u0103tre ideea unui eveniment de business integrativ ce ofer\u0103 informa\u021bii \u00een exclusivitate din industria automatiz\u0103rilor, echipamentelor electrice \u0219i a energiei.<\/p>\n<p><center><img loading=\"lazy\" class=\"aligncenter size-full wp-image-19930\" src=\"http:\/\/www.icpe.ro\/ro\/wp-content\/uploads\/2018\/10\/OPTIMPV_2018_Foto_05.jpg\" alt=\"\" width=\"488\" height=\"322\" srcset=\"http:\/\/www.icpe.ro\/ro\/wp-content\/uploads\/2018\/10\/OPTIMPV_2018_Foto_05.jpg 488w, http:\/\/www.icpe.ro\/ro\/wp-content\/uploads\/2018\/10\/OPTIMPV_2018_Foto_05-300x198.jpg 300w\" sizes=\"(max-width: 488px) 100vw, 488px\" \/>\u00a0 <img loading=\"lazy\" class=\"aligncenter size-full wp-image-19931\" src=\"http:\/\/www.icpe.ro\/ro\/wp-content\/uploads\/2018\/10\/OPTIMPV_2018_Foto_06.jpg\" alt=\"\" width=\"488\" height=\"322\" srcset=\"http:\/\/www.icpe.ro\/ro\/wp-content\/uploads\/2018\/10\/OPTIMPV_2018_Foto_06.jpg 488w, http:\/\/www.icpe.ro\/ro\/wp-content\/uploads\/2018\/10\/OPTIMPV_2018_Foto_06-300x198.jpg 300w\" sizes=\"(max-width: 488px) 100vw, 488px\" \/><\/center><center><br \/>\n<img loading=\"lazy\" class=\"aligncenter size-full wp-image-19932\" src=\"http:\/\/www.icpe.ro\/ro\/wp-content\/uploads\/2018\/10\/OPTIMPV_2018_Foto_07.jpg\" alt=\"\" width=\"488\" height=\"322\" srcset=\"http:\/\/www.icpe.ro\/ro\/wp-content\/uploads\/2018\/10\/OPTIMPV_2018_Foto_07.jpg 488w, http:\/\/www.icpe.ro\/ro\/wp-content\/uploads\/2018\/10\/OPTIMPV_2018_Foto_07-300x198.jpg 300w\" sizes=\"(max-width: 488px) 100vw, 488px\" \/>\u00a0 <img loading=\"lazy\" class=\"aligncenter size-full wp-image-19933\" src=\"http:\/\/www.icpe.ro\/ro\/wp-content\/uploads\/2018\/10\/OPTIMPV_2018_Foto_09.jpg\" alt=\"\" width=\"488\" height=\"320\" srcset=\"http:\/\/www.icpe.ro\/ro\/wp-content\/uploads\/2018\/10\/OPTIMPV_2018_Foto_09.jpg 488w, http:\/\/www.icpe.ro\/ro\/wp-content\/uploads\/2018\/10\/OPTIMPV_2018_Foto_09-300x197.jpg 300w\" sizes=\"(max-width: 488px) 100vw, 488px\" \/><\/center><br \/>\nParticiparea Icpe a fost cu dou\u0103 standuri unde au avut loc prezent\u0103ri on-line ale platformei OPTIMPV.<\/p>\n<p>[\/vc_column_text]<div class=\"newdivider align-center\" style=\"border-bottom-style: solid; border-color: #999999; border-bottom-width: 2px; margin-top: 0; margin-bottom: 0; width: 100%; \"><\/div><div class=\"clear\"><\/div>[\/vc_column][\/vc_row][vc_row top_padding=&#8221;10&#8243; bottom_padding=&#8221;40&#8243;][vc_column width=&#8221;1\/2&#8243;][vc_column_text]<strong>Provoc\u0103ri legate de managementul, consumul \u0219i integrarea surselor de energie regenerabil\u0103 \u00een contextul smart grid<\/strong><\/p>\n<p><em><strong>22 Noiembrie 2017<\/strong><\/em><\/p>\n<p>Miercuri, 22 Noiembrie 2017 la Atelierul Digital ASE Bucure\u0219ti, Icpe a participat la manifestarea \u0219tiin\u021bific\u0103 intitulat\u0103: \u201eProvoc\u0103ri Legate se Managementul, Consumul \u0219i Integrarea Surselor de Energie Regenerabil\u0103 \u00een Contextul Smart Grid\u201d, organizat\u0103 de ASE \u00een calitate de partener al proiectului OPTIMPV.<\/p>\n<p>\u00cen cadrul acestui eveniment dedicat proiectului OPTIMPV au fost prezentate date referitoare la obiectivele proiectului, perioada de desf\u0103\u0219urare, consor\u021biul de c\u0103tre membrii echipei de cercetare Icpe, ASE si ENERGY PRO. Totodat\u0103 s-au diseminat rezultatele cercet\u0103rii ob\u021binute p\u00e2n\u0103 \u00een prezent, prin prezent\u0103rile realizate \u0219i anume:<\/p>\n<ul>\n<li>univ.dr. C\u0103t\u0103lin PLOAE (ASE): \u201eConsidera\u021bii Privind Evolu\u021bia Pie\u021bei Certificatelor Verzi \u00een Rom\u00e2nia\u201d<\/li>\n<li>ing. Viorel URSU (Icpe): \u201eEvaluarea Performan\u021bei Centralelor Fotovoltaice \u2013 Referin\u021be Normative\u201d<\/li>\n<li>univ.dr. Adela B\u00c2RA (ASE): \u201eMetode Pentru Predic\u021bia Energiei Produse \u00een Centralele Electrice Eoliene \u0219i Fotovoltaice\u201d<\/li>\n<li>drd. Gabriel V\u0102T\u0102\u0218ELU (Icpe): \u201e\u00cen C\u0103utarea Bunelor Practici: Centrala Electric\u0103 Fotovoltaic\u0103 Icpe Agigea, \u00centre Construc\u021bie \u0219i Exploatare\u201d<\/li>\n<li>drd. Mihai HANEK (Icpe): \u201eMonitorizarea Parametrilor Meteorologici Pentru Evaluarea Performan\u021belor CEF\u201d<\/li>\n<li>univ.dr. Adela B\u00c2RA (ASE): \u201eSolu\u021bii Informatice \u00een Contextul Smart Grid\u201d.<\/li>\n<\/ul>\n<p>[\/vc_column_text][\/vc_column][vc_column width=&#8221;1\/2&#8243;]<div class=\"single_image wpb_content_element align-left    \" data-animation=\"none\" data-delay=\"0\"><img width=\"438\" height=\"328\" src=\"http:\/\/www.icpe.ro\/ro\/wp-content\/uploads\/2017\/12\/ase2.jpg\" class=\"attachment-full\" alt=\"\" loading=\"lazy\" srcset=\"http:\/\/www.icpe.ro\/ro\/wp-content\/uploads\/2017\/12\/ase2.jpg 438w, http:\/\/www.icpe.ro\/ro\/wp-content\/uploads\/2017\/12\/ase2-300x225.jpg 300w\" sizes=\"(max-width: 438px) 100vw, 438px\" \/><\/div><div class=\"single_image wpb_content_element align-left    \" data-animation=\"none\" data-delay=\"0\"><img width=\"436\" height=\"327\" src=\"http:\/\/www.icpe.ro\/ro\/wp-content\/uploads\/2017\/12\/ase3.jpg\" class=\"attachment-full\" alt=\"\" loading=\"lazy\" srcset=\"http:\/\/www.icpe.ro\/ro\/wp-content\/uploads\/2017\/12\/ase3.jpg 436w, http:\/\/www.icpe.ro\/ro\/wp-content\/uploads\/2017\/12\/ase3-300x225.jpg 300w\" sizes=\"(max-width: 436px) 100vw, 436px\" \/><\/div>[\/vc_column][\/vc_row][vc_row][vc_column width=&#8221;1\/1&#8243;]<div class=\"newdivider align-center\" style=\"border-bottom-style: solid; border-color: #999999; border-bottom-width: 2px; margin-top: 0; margin-bottom: 0; width: 100%; \"><\/div><div class=\"clear\"><\/div>[\/vc_column][\/vc_row][vc_row top_padding=&#8221;40&#8243; bottom_padding=&#8221;40&#8243;][vc_column width=&#8221;1\/2&#8243;][vc_column_text]<strong>Salonul Cercet\u0103rii Rom\u00e2ne\u0219ti 2017<\/strong><\/p>\n<p><em><strong>25-27 octombrie 2017<\/strong><\/em><\/p>\n<p>\u00cen perioada de 25-27 octombrie 2017, la Palatul Parlamentului din Bucure\u0219ti, au fost organizate \u00een paralel dou\u0103 evenimente: Salonul Cercet\u0103rii Rom\u00e2ne\u0219ti \u201eConceput \u00een Rom\u00e2nia\u201c \u2013 2017 \u015fi a X-a edi\u021bie a Forumului Inov\u0103rii.<\/p>\n<p>\u00cen cadrul Salonului Cercet\u0103rii Rom\u00e2ne\u0219ti Icpe a participat ca expozant, organiz\u00e2nd un stand pentru prezentarea rezultatelor cercet\u0103rilor din cadrul companiei prin intermediul: exponatelor, pliantelor, rollup-urilor \u0219i prezent\u0103rilor Power Point de c\u0103tre membrii echipelor de cercetare. Aceste prezent\u0103ri au captat aten\u021bia publicului participant, au facilitat stabilirea de noi conexiuni cu poten\u021biali utilizatori \u0219i\/sau speciali\u0219ti, din \u021bar\u0103 \u0219i din str\u0103in\u0103tate.<\/p>\n<p>OPTIMPV s-a bucurat de o larg\u0103 audien\u0163\u0103 \u00een cadrul sesiunii de conferin\u0163e organizate la stand. Analiza performan\u0163elor centalelor fotovoltaice a st\u00e2rnit un mare interes \u00een contexul noilor cerin\u0163e privind predic\u0163ia de energie.[\/vc_column_text][\/vc_column][vc_column width=&#8221;1\/2&#8243;]<div class=\"single_image wpb_content_element align-left    \" data-animation=\"none\" data-delay=\"0\"><img width=\"321\" height=\"241\" src=\"http:\/\/www.icpe.ro\/ro\/wp-content\/uploads\/2017\/12\/Picture-1.jpg\" class=\"attachment-full\" alt=\"\" loading=\"lazy\" srcset=\"http:\/\/www.icpe.ro\/ro\/wp-content\/uploads\/2017\/12\/Picture-1.jpg 321w, http:\/\/www.icpe.ro\/ro\/wp-content\/uploads\/2017\/12\/Picture-1-300x225.jpg 300w\" sizes=\"(max-width: 321px) 100vw, 321px\" \/><\/div><div class=\"single_image wpb_content_element align-left    \" data-animation=\"none\" data-delay=\"0\"><img width=\"321\" height=\"241\" src=\"http:\/\/www.icpe.ro\/ro\/wp-content\/uploads\/2017\/12\/Picture2.jpg\" class=\"attachment-full\" alt=\"\" loading=\"lazy\" srcset=\"http:\/\/www.icpe.ro\/ro\/wp-content\/uploads\/2017\/12\/Picture2.jpg 321w, http:\/\/www.icpe.ro\/ro\/wp-content\/uploads\/2017\/12\/Picture2-300x225.jpg 300w\" sizes=\"(max-width: 321px) 100vw, 321px\" \/><\/div>[\/vc_column][\/vc_row][vc_row][vc_column width=&#8221;1\/1&#8243;]<div class=\"newdivider align-center\" style=\"border-bottom-style: solid; border-color: #999999; border-bottom-width: 2px; margin-top: 0; margin-bottom: 0; width: 100%; \"><\/div><div class=\"clear\"><\/div>[\/vc_column][\/vc_row][vc_row top_padding=&#8221;40&#8243; bottom_padding=&#8221;40&#8243;][vc_column width=&#8221;1\/2&#8243;][vc_column_text]<strong>ATEE 2017<\/strong><\/p>\n<p><em><strong>23-25 Martie 2017<\/strong><\/em><\/p>\n<p>The 10th International Symposium on ADVANCED TOPICS IN ELECTRICAL ENGINEERING \u2013 ATEE &#8211; este forumul care stimuleaz\u0103 schimbul activ \u0219i eficient de informa\u021bii \u00eentre cercet\u0103tori \u00een diferite domenii ale ingineriei electrice teoretice \u0219i aplicate. La eveniment au participat \u0219i lideri cheie din companiile private \u0219i de stat implicate \u00een acest domeniu. Pentru proiectul OPTIMPV, au fost comunicate date referitoare la obiectivele proiectului, perioada de desf\u0103\u0219urare, consor\u021biul \u0219i s-au prezentat rezultatele ob\u021binute p\u00e2n\u0103 \u00een prezent, de c\u0103tre membrii echipei de cercetare Icpe.[\/vc_column_text][\/vc_column][vc_column width=&#8221;1\/2&#8243;]<div class=\"single_image wpb_content_element align-left    \" data-animation=\"none\" data-delay=\"0\"><img width=\"429\" height=\"241\" src=\"http:\/\/www.icpe.ro\/ro\/wp-content\/uploads\/2017\/12\/Picture1.jpg\" class=\"attachment-full\" alt=\"\" loading=\"lazy\" srcset=\"http:\/\/www.icpe.ro\/ro\/wp-content\/uploads\/2017\/12\/Picture1.jpg 429w, http:\/\/www.icpe.ro\/ro\/wp-content\/uploads\/2017\/12\/Picture1-300x169.jpg 300w\" sizes=\"(max-width: 429px) 100vw, 429px\" \/><\/div><div class=\"single_image wpb_content_element align-left    \" data-animation=\"none\" data-delay=\"0\"><img width=\"429\" height=\"241\" src=\"http:\/\/www.icpe.ro\/ro\/wp-content\/uploads\/2017\/12\/Picture2-1.jpg\" class=\"attachment-full\" alt=\"\" loading=\"lazy\" srcset=\"http:\/\/www.icpe.ro\/ro\/wp-content\/uploads\/2017\/12\/Picture2-1.jpg 429w, http:\/\/www.icpe.ro\/ro\/wp-content\/uploads\/2017\/12\/Picture2-1-300x169.jpg 300w\" sizes=\"(max-width: 429px) 100vw, 429px\" \/><\/div>[\/vc_column][\/vc_row][vc_row bg_color=&#8221;#262626&#8243; top_padding=&#8221;70&#8243; bottom_padding=&#8221;70&#8243; bg_type=&#8221;bg_color&#8221;][vc_column width=&#8221;1\/2&#8243;][vc_column_text]\u00a9 Icpe | Tehnologii pentru dezvoltare durabil\u0103<br \/>\n<a href=\"http:\/\/www.icpe.ro\/ro\/termeni\" target=\"_blank\" rel=\"noopener\">Termeni \u0219i Condi\u021bii<\/a>[\/vc_column_text][\/vc_column][vc_column text_align=&#8221;center&#8221; width=&#8221;1\/2&#8243;]<a href=\"http:\/\/www.icpe.ro\/ro\/institutul\/proiecte\/\" target=\"_blank\" class=\"button color-3 small \" style=\"border-radius: 2px;\">Vezi mai multe proiecte<\/a>[\/vc_column][\/vc_row]<\/p>\n","protected":false},"excerpt":{"rendered":"<p>[vc_row type=&#8221;full_width_section&#8221;][vc_column width=&#8221;1\/1&#8243;][vc_raw_html]JTNDc3R5bGUlM0UlMEEudG9wbmF2JTIwJTdCJTBBJTBBJTIwJTIwJTIwJTIwbGlzdC1zdHlsZSUzQW5vbmUlM0IlMEElMjAlMjAlMjAlMjBtYXJnaW4lM0EwJTNCJTBBJTIwJTIwJTIwJTIwcGFkZGluZyUzQTAlM0IlMEElMjAlMjAlMjAlMjB0ZXh0LWFsaWduJTNBY2VudGVyJTNCJTBBJTdEJTBBJTBBLnRvcG5hdiUyMGxpJTIwJTdCJTBBJTIwJTIwZGlzcGxheSUzQWlubGluZSUzQiUwQSU3RCUwQSUwQS50b3BuYXYlMjBhJTdCJTBBJTIwJTIwZGlzcGxheSUzQWlubGluZS1ibG9jayUzQiUwQSUyMCUyMGNvbG9yJTNBJTIwJTIzMDAwJTNCJTBBJTIwJTIwJTIwJTIwcGFkZGluZyUzQTE4cHglMjAzNnB4JTNCJTBBJTIwJTIwZm9udC1zaXplJTNBMTdweCUzQiUwQSU3RCUwQS50b3BuYXYlMjBhJTNBaG92ZXIlMjAlN0IlMEElMjAlMjBiYWNrZ3JvdW5kLWNvbG9yJTNBJTIwJTIzZGRkJTNCJTBBJTIwJTIwY29sb3IlM0ElMjBibGFjayUzQiUwQSU3RCUwQSUwQS50b3BuYXYlMjAuaWNvbiUyMCU3QiUwQSUyMCUyMGRpc3BsYXklM0ElMjBub25lJTNCJTBBJTdEJTBBLmFjdGl2ZSUyMCU3QiUwQSUyMCUyMCUyMCUyMGJhY2tncm91bmQtY29sb3IlM0ElMjAlMjNmN2Y3ZjclM0IlMEElMjAlMjAlMjAlMjBmb250LXdlaWdodCUzQSUyMGJvbGQlM0IlMEElN0QlMEElMEElNDBtZWRpYSUyMHNjcmVlbiUyMGFuZCUyMCUyOG1heC13aWR0aCUzQSUyMDYwMHB4JTI5JTIwJTdCJTBBJTIwJTIwLnRvcG5hdiUyMGElM0Fub3QlMjglM0FmaXJzdC1jaGlsZCUyOSUyMCU3QmRpc3BsYXklM0ElMjBub25lJTNCJTdEJTBBJTIwJTIwLnRvcG5hdiUyMGEuaWNvbiUyMCU3QiUwQSUyMCUyMCUyMCUyMGZsb2F0JTNBJTIwcmlnaHQlM0IlMEElMjAlMjAlMjAlMjBkaXNwbGF5JTNBJTIwYmxvY2slM0IlMEElMjAlMjAlN0QlMEElN0QlMEElMEElNDBtZWRpYSUyMHNjcmVlbiUyMGFuZCUyMCUyOG1heC13aWR0aCUzQSUyMDYwMHB4JTI5JTIwJTdCJTBBJTIwJTIwLnRvcG5hdi5yZXNwb25zaXZlJTIwJTdCcG9zaXRpb24lM0ElMjByZWxhdGl2ZSUzQiU3RCUwQSUyMCUyMC50b3BuYXYucmVzcG9uc2l2ZSUyMC5pY29uJTIwJTdCJTBBJTIwJTIwJTIwJTIwcG9zaXRpb24lM0ElMjBhYnNvbHV0ZSUzQiUwQSUyMCUyMCUyMCUyMHJpZ2h0JTNBJTIwMCUzQiUwQSUyMCUyMCUyMCUyMHRvcCUzQSUyMDAlM0IlMEElMjAlMjAlN0QlMEElMjAlMjAudG9wbmF2LnJlc3BvbnNpdmUlMjBhJTIwJTdCJTBBJTIwJTIwJTIwJTIwZmxvYXQlM0ElMjBub25lJTNCJTBBJTIwJTIwJTIwJTIwZGlzcGxheSUzQSUyMGJsb2NrJTNCJTBBJTIwJTIwJTIwJTIwdGV4dC1hbGlnbiUzQSUyMGxlZnQlM0IlMEElMjAlMjAlN0QlMEElMEElN0QlMEElM0MlMkZzdHlsZSUzRSUwQSUwQSUwQSUwQSUzQ2RpdiUyMGNsYXNzJTNEJTIydG9wbmF2JTIyJTIwaWQlM0QlMjJteVRvcG5hdiUyMiUzRSUwQSUyMCUyMCUzQ2ElMjBocmVmJTNEJTIyaHR0cCUzQSUyRiUyRnd3dy5pY3BlLnJvJTJGcm8lMkZvcHRpbXB2JTJGJTIyJTNFQWNhcyVDNCU4MyUzQyUyRmElM0UlMEElMjAlMjAlM0NhJTIwaHJlZiUzRCUyMmh0dHAlM0ElMkYlMkZ3d3cuaWNwZS5ybyUyRnJvJTJGb3B0aW1wdiUyRmRlc3ByZS1wcm9pZWN0JTIyJTNFRGVzcHJlJTIwcHJvaWVjdCUzQyUyRmElM0UlMEElMjAlMjAlM0NhJTIwaHJlZiUzRCUyMmh0dHAlM0ElMkYlMkZ3d3cuaWNwZS5ybyUyRnJvJTJGb3B0aW1wdiUyRmNvbnNvcnRpdSUyMiUzRUNvbnNvciVDOCU5Qml1JTNDJTJGYSUzRSUwQSUyMCUyMCUzQ2ElMjBocmVmJTNEJTIyaHR0cCUzQSUyRiUyRnd3dy5pY3BlLnJvJTJGcm8lMkZvcHRpbXB2JTJGZXRhcGUlMjIlM0VFdGFwZSUzQyUyRmElM0UlMEElMjAlMjAlM0NhJTIwaHJlZiUzRCUyMmh0dHAlM0ElMkYlMkZ3d3cuaWNwZS5ybyUyRnJvJTJGb3B0aW1wdiUyRm5vdXRhdGklMjIlM0VOb3V0JUM0JTgzJUM4JTlCaSUzQyUyRmElM0UlMEElMjAlMjAlM0NhJTIwaHJlZiUzRCUyMmh0dHAlM0ElMkYlMkZ3d3cuaWNwZS5ybyUyRnJvJTJGb3B0aW1wdiUyRmNvbnRhY3QlMjIlM0VDb250YWN0JTNDJTJGYSUzRSUwQSUyMCUyMCUzQ2xpJTIwc3R5bGUlM0QlMjJmbG9hdCUzQXJpZ2h0JTIyJTNFJTNDYSUyMGNsYXNzJTNEJTIyYWN0aXZlJTIyJTIwaHJlZiUzRCUyMmh0dHAlM0ElMkYlMkZ3d3cuaWNwZS5ybyUyRm9wdGltcHYlMkYlMjIlM0VFTiUzQyUyRmElM0UlM0MlMkZsaSUzRSUwQSUwQSUyMCUyMCUzQ2ElMjBocmVmJTNEJTIyamF2YXNjcmlwdCUzQXZvaWQlMjgwJTI5JTNCJTIyJTIwc3R5bGUlM0QlMjJmb250LXNpemUlM0ExNXB4JTNCJTIyJTIwY2xhc3MlM0QlMjJpY29uJTIyJTIwb25jbGljayUzRCUyMm15RnVuY3Rpb24lMjglMjklMjIlM0UlMjYlMjM5Nzc2JTNCJTNDJTJGYSUzRSUwQSUzQyUyRmRpdiUzRSUwQSUwQSUzQ3NjcmlwdCUzRSUwQWZ1bmN0aW9uJTIwbXlGdW5jdGlvbiUyOCUyOSUyMCU3QiUwQSUyMCUyMCUyMCUyMHZhciUyMHglMjAlM0QlMjBkb2N1bWVudC5nZXRFbGVtZW50QnlJZCUyOCUyMm15VG9wbmF2JTIyJTI5JTNCJTBBJTIwJTIwJTIwJTIwaWYlMjAlMjh4LmNsYXNzTmFtZSUyMCUzRCUzRCUzRCUyMCUyMnRvcG5hdiUyMiUyOSUyMCU3QiUwQSUyMCUyMCUyMCUyMCUyMCUyMCUyMCUyMHguY2xhc3NOYW1lJTIwJTJCJTNEJTIwJTIyJTIwcmVzcG9uc2l2ZSUyMiUzQiUwQSUyMCUyMCUyMCUyMCU3RCUyMGVsc2UlMjAlN0IlMEElMjAlMjAlMjAlMjAlMjAlMjAlMjAlMjB4LmNsYXNzTmFtZSUyMCUzRCUyMCUyMnRvcG5hdiUyMiUzQiUwQSUyMCUyMCUyMCUyMCU3RCUwQSU3RCUwQSUzQyUyRnNjcmlwdCUzRSUwQQ==[\/vc_raw_html][\/vc_column][\/vc_row][vc_row][vc_column width=&#8221;1\/1&#8243;][\/vc_column][\/vc_row][vc_row bg_color=&#8221;#efefef&#8221; top_padding=&#8221;20&#8243; bottom_padding=&#8221;20&#8243;][vc_column width=&#8221;1\/1&#8243;][\/vc_column][\/vc_row][vc_row top_padding=&#8221;40&#8243; bottom_padding=&#8221;40&#8243;][vc_column width=&#8221;1\/1&#8243;][vc_column_text]Finalizarea etapei a 3-a &#8211; 2018 Execu\u0163ia modulelor OPERATION, MAINTENANCE, OPTIM, p\u0103r\u0163i compnente ale solu\u0163iei informatice OPTIMPV s-a bazat pe o solu\u0163ie conceput\u0103 special pentru arhitectura cloud, oferind o serie de caracteristici, cum ar fi: furnizarea bazei de date ca serviciu \u00een cloud, optimizare, integrare \u0219i analiz\u0103 Big Data, facilit\u0103\u021bi de securitate etc&#8230; Func\u0163ionalitatea platformei este asigurat\u0103 \u015fi prin sistemele de monitorizare \u00een timp real a m\u0103rimilor care influen\u0163eaz\u0103 func\u0163ionalitatea respectiv parametri meteorologici din aria de interes, precum \u015fi parametri electrici specifici procedurilor opera\u0163ionale ale centralei fotovoltaice. Prototipul a dep\u0103\u015fit etapele de testare \u00een condi\u0163ii reale de func\u0163ionare. \u00a0 &nbsp; [\/vc_column_text][\/vc_column][\/vc_row][vc_row top_padding=&#8221;10&#8243; bottom_padding=&#8221;40&#8243;][vc_column width=&#8221;1\/1&#8243;][vc_column_text]INTERNATIONAL ELECTRIC &amp; AUTOMATION SHOW 2018 18 &#8211; 20 Septembrie 2018 Palatul Parlamentului, Bucure\u0219ti, Rom\u00e2nia Anul acesta 2018 IEAS a evoluat c\u0103tre ideea unui eveniment de business integrativ ce ofer\u0103 informa\u021bii \u00een exclusivitate din industria automatiz\u0103rilor, echipamentelor electrice \u0219i a energiei. \u00a0 \u00a0 Participarea Icpe a fost cu dou\u0103 standuri unde au avut loc prezent\u0103ri on-line ale platformei OPTIMPV. [\/vc_column_text][\/vc_column][\/vc_row][vc_row top_padding=&#8221;10&#8243; bottom_padding=&#8221;40&#8243;][vc_column width=&#8221;1\/2&#8243;][vc_column_text]Provoc\u0103ri legate de managementul, consumul \u0219i integrarea surselor de energie regenerabil\u0103 \u00een contextul smart grid 22 Noiembrie 2017 Miercuri, 22 Noiembrie 2017 la Atelierul Digital [&hellip;]<\/p>\n","protected":false},"author":1,"featured_media":0,"parent":18338,"menu_order":249,"comment_status":"closed","ping_status":"closed","template":"","meta":[],"folder":[44],"_links":{"self":[{"href":"http:\/\/www.icpe.ro\/ro\/wp-json\/wp\/v2\/pages\/18370"}],"collection":[{"href":"http:\/\/www.icpe.ro\/ro\/wp-json\/wp\/v2\/pages"}],"about":[{"href":"http:\/\/www.icpe.ro\/ro\/wp-json\/wp\/v2\/types\/page"}],"author":[{"embeddable":true,"href":"http:\/\/www.icpe.ro\/ro\/wp-json\/wp\/v2\/users\/1"}],"replies":[{"embeddable":true,"href":"http:\/\/www.icpe.ro\/ro\/wp-json\/wp\/v2\/comments?post=18370"}],"version-history":[{"count":0,"href":"http:\/\/www.icpe.ro\/ro\/wp-json\/wp\/v2\/pages\/18370\/revisions"}],"up":[{"embeddable":true,"href":"http:\/\/www.icpe.ro\/ro\/wp-json\/wp\/v2\/pages\/18338"}],"wp:attachment":[{"href":"http:\/\/www.icpe.ro\/ro\/wp-json\/wp\/v2\/media?parent=18370"}],"wp:term":[{"taxonomy":"folder","embeddable":true,"href":"http:\/\/www.icpe.ro\/ro\/wp-json\/wp\/v2\/folder?post=18370"}],"curies":[{"name":"wp","href":"https:\/\/api.w.org\/{rel}","templated":true}]}}