{"id":18347,"date":"2017-11-08T10:59:47","date_gmt":"2017-11-08T07:59:47","guid":{"rendered":"http:\/\/www.incdie-icpe.ro\/ro\/?page_id=18347"},"modified":"2018-02-02T12:44:14","modified_gmt":"2018-02-02T09:44:14","slug":"despre-proiect","status":"publish","type":"page","link":"http:\/\/www.icpe.ro\/ro\/optimpv\/despre-proiect\/","title":{"rendered":"Despre proiect"},"content":{"rendered":"<p>[vc_row type=&#8221;full_width_section&#8221;][vc_column width=&#8221;1\/1&#8243;][vc_raw_html]JTNDc3R5bGUlM0UlMEEudG9wbmF2JTIwJTdCJTBBJTBBJTIwJTIwJTIwJTIwbGlzdC1zdHlsZSUzQW5vbmUlM0IlMEElMjAlMjAlMjAlMjBtYXJnaW4lM0EwJTNCJTBBJTIwJTIwJTIwJTIwcGFkZGluZyUzQTAlM0IlMEElMjAlMjAlMjAlMjB0ZXh0LWFsaWduJTNBY2VudGVyJTNCJTBBJTdEJTBBJTBBLnRvcG5hdiUyMGxpJTIwJTdCJTBBJTIwJTIwZGlzcGxheSUzQWlubGluZSUzQiUwQSU3RCUwQSUwQS50b3BuYXYlMjBhJTdCJTBBJTIwJTIwZGlzcGxheSUzQWlubGluZS1ibG9jayUzQiUwQSUyMCUyMGNvbG9yJTNBJTIwJTIzMDAwJTNCJTBBJTIwJTIwJTIwJTIwcGFkZGluZyUzQTE4cHglMjAzNnB4JTNCJTBBJTIwJTIwZm9udC1zaXplJTNBMTdweCUzQiUwQSU3RCUwQS50b3BuYXYlMjBhJTNBaG92ZXIlMjAlN0IlMEElMjAlMjBiYWNrZ3JvdW5kLWNvbG9yJTNBJTIwJTIzZGRkJTNCJTBBJTIwJTIwY29sb3IlM0ElMjBibGFjayUzQiUwQSU3RCUwQSUwQS50b3BuYXYlMjAuaWNvbiUyMCU3QiUwQSUyMCUyMGRpc3BsYXklM0ElMjBub25lJTNCJTBBJTdEJTBBLmFjdGl2ZSUyMCU3QiUwQSUyMCUyMCUyMCUyMGJhY2tncm91bmQtY29sb3IlM0ElMjAlMjNmN2Y3ZjclM0IlMEElMjAlMjAlMjAlMjBmb250LXdlaWdodCUzQSUyMGJvbGQlM0IlMEElN0QlMEElMEElNDBtZWRpYSUyMHNjcmVlbiUyMGFuZCUyMCUyOG1heC13aWR0aCUzQSUyMDYwMHB4JTI5JTIwJTdCJTBBJTIwJTIwLnRvcG5hdiUyMGElM0Fub3QlMjglM0FmaXJzdC1jaGlsZCUyOSUyMCU3QmRpc3BsYXklM0ElMjBub25lJTNCJTdEJTBBJTIwJTIwLnRvcG5hdiUyMGEuaWNvbiUyMCU3QiUwQSUyMCUyMCUyMCUyMGZsb2F0JTNBJTIwcmlnaHQlM0IlMEElMjAlMjAlMjAlMjBkaXNwbGF5JTNBJTIwYmxvY2slM0IlMEElMjAlMjAlN0QlMEElN0QlMEElMEElNDBtZWRpYSUyMHNjcmVlbiUyMGFuZCUyMCUyOG1heC13aWR0aCUzQSUyMDYwMHB4JTI5JTIwJTdCJTBBJTIwJTIwLnRvcG5hdi5yZXNwb25zaXZlJTIwJTdCcG9zaXRpb24lM0ElMjByZWxhdGl2ZSUzQiU3RCUwQSUyMCUyMC50b3BuYXYucmVzcG9uc2l2ZSUyMC5pY29uJTIwJTdCJTBBJTIwJTIwJTIwJTIwcG9zaXRpb24lM0ElMjBhYnNvbHV0ZSUzQiUwQSUyMCUyMCUyMCUyMHJpZ2h0JTNBJTIwMCUzQiUwQSUyMCUyMCUyMCUyMHRvcCUzQSUyMDAlM0IlMEElMjAlMjAlN0QlMEElMjAlMjAudG9wbmF2LnJlc3BvbnNpdmUlMjBhJTIwJTdCJTBBJTIwJTIwJTIwJTIwZmxvYXQlM0ElMjBub25lJTNCJTBBJTIwJTIwJTIwJTIwZGlzcGxheSUzQSUyMGJsb2NrJTNCJTBBJTIwJTIwJTIwJTIwdGV4dC1hbGlnbiUzQSUyMGxlZnQlM0IlMEElMjAlMjAlN0QlMEElMEElN0QlMEElM0MlMkZzdHlsZSUzRSUwQSUwQSUwQSUwQSUzQ2RpdiUyMGNsYXNzJTNEJTIydG9wbmF2JTIyJTIwaWQlM0QlMjJteVRvcG5hdiUyMiUzRSUwQSUyMCUyMCUzQ2ElMjBocmVmJTNEJTIyaHR0cCUzQSUyRiUyRnd3dy5pY3BlLnJvJTJGcm8lMkZvcHRpbXB2JTJGJTIyJTNFQWNhcyVDNCU4MyUzQyUyRmElM0UlMEElMjAlMjAlM0NhJTIwaHJlZiUzRCUyMmh0dHAlM0ElMkYlMkZ3d3cuaWNwZS5ybyUyRnJvJTJGb3B0aW1wdiUyRmRlc3ByZS1wcm9pZWN0JTIyJTNFRGVzcHJlJTIwcHJvaWVjdCUzQyUyRmElM0UlMEElMjAlMjAlM0NhJTIwaHJlZiUzRCUyMmh0dHAlM0ElMkYlMkZ3d3cuaWNwZS5ybyUyRnJvJTJGb3B0aW1wdiUyRmNvbnNvcnRpdSUyMiUzRUNvbnNvciVDOCU5Qml1JTNDJTJGYSUzRSUwQSUyMCUyMCUzQ2ElMjBocmVmJTNEJTIyaHR0cCUzQSUyRiUyRnd3dy5pY3BlLnJvJTJGcm8lMkZvcHRpbXB2JTJGZXRhcGUlMjIlM0VFdGFwZSUzQyUyRmElM0UlMEElMjAlMjAlM0NhJTIwaHJlZiUzRCUyMmh0dHAlM0ElMkYlMkZ3d3cuaWNwZS5ybyUyRnJvJTJGb3B0aW1wdiUyRm5vdXRhdGklMjIlM0VOb3V0JUM0JTgzJUM4JTlCaSUzQyUyRmElM0UlMEElMjAlMjAlM0NhJTIwaHJlZiUzRCUyMmh0dHAlM0ElMkYlMkZ3d3cuaWNwZS5ybyUyRnJvJTJGb3B0aW1wdiUyRmNvbnRhY3QlMjIlM0VDb250YWN0JTNDJTJGYSUzRSUwQSUyMCUyMCUzQ2xpJTIwc3R5bGUlM0QlMjJmbG9hdCUzQXJpZ2h0JTIyJTNFJTNDYSUyMGNsYXNzJTNEJTIyYWN0aXZlJTIyJTIwaHJlZiUzRCUyMmh0dHAlM0ElMkYlMkZ3d3cuaWNwZS5ybyUyRm9wdGltcHYlMkYlMjIlM0VFTiUzQyUyRmElM0UlM0MlMkZsaSUzRSUwQSUyMCUyMCUzQ2ElMjBocmVmJTNEJTIyamF2YXNjcmlwdCUzQXZvaWQlMjgwJTI5JTNCJTIyJTIwc3R5bGUlM0QlMjJmb250LXNpemUlM0ExNXB4JTNCJTIyJTIwY2xhc3MlM0QlMjJpY29uJTIyJTIwb25jbGljayUzRCUyMm15RnVuY3Rpb24lMjglMjklMjIlM0UlMjYlMjM5Nzc2JTNCJTNDJTJGYSUzRSUwQSUzQyUyRmRpdiUzRSUwQSUwQSUzQ3NjcmlwdCUzRSUwQWZ1bmN0aW9uJTIwbXlGdW5jdGlvbiUyOCUyOSUyMCU3QiUwQSUyMCUyMCUyMCUyMHZhciUyMHglMjAlM0QlMjBkb2N1bWVudC5nZXRFbGVtZW50QnlJZCUyOCUyMm15VG9wbmF2JTIyJTI5JTNCJTBBJTIwJTIwJTIwJTIwaWYlMjAlMjh4LmNsYXNzTmFtZSUyMCUzRCUzRCUzRCUyMCUyMnRvcG5hdiUyMiUyOSUyMCU3QiUwQSUyMCUyMCUyMCUyMCUyMCUyMCUyMCUyMHguY2xhc3NOYW1lJTIwJTJCJTNEJTIwJTIyJTIwcmVzcG9uc2l2ZSUyMiUzQiUwQSUyMCUyMCUyMCUyMCU3RCUyMGVsc2UlMjAlN0IlMEElMjAlMjAlMjAlMjAlMjAlMjAlMjAlMjB4LmNsYXNzTmFtZSUyMCUzRCUyMCUyMnRvcG5hdiUyMiUzQiUwQSUyMCUyMCUyMCUyMCU3RCUwQSU3RCUwQSUzQyUyRnNjcmlwdCUzRSUwQQ==[\/vc_raw_html][\/vc_column][\/vc_row][vc_row][vc_column width=&#8221;1\/1&#8243;]<div class=\"single_image wpb_content_element align-center    \" data-animation=\"none\" data-delay=\"0\"><img width=\"300\" height=\"152\" src=\"http:\/\/www.icpe.ro\/ro\/wp-content\/uploads\/2014\/12\/Optimpv.jpg\" class=\"attachment-full\" alt=\"\" loading=\"lazy\" \/><\/div>[\/vc_column][\/vc_row][vc_row bg_color=&#8221;#efefef&#8221; top_padding=&#8221;20&#8243; bottom_padding=&#8221;20&#8243;][vc_column width=&#8221;1\/1&#8243;]<h1 class=\"headline font-inherit fontsize-m fontweight-700 lh-inherit align-center transform-uppercase \" style=\"margin: 0 0 0 0;\">Despre proiect<\/h1>[\/vc_column][\/vc_row][vc_row top_padding=&#8221;40&#8243; bottom_padding=&#8221;40&#8243;][vc_column width=&#8221;1\/2&#8243;][vc_column_text]Proiectul OPTIMPV este orientat spre definitivarea unei solu\u0163ii optime determinate informatic care s\u0103 eficientizeze, din punct de vedere energetic, dar \u015fi din punct de vedere al rentabilit\u0103\u021bii economice, procesul oper\u0103rii centralelor electrice fotovoltaice (CEF). Operarea tehnic\u0103 a CEF are la baz\u0103 un proces decizional care integreaz\u0103 un ansamblu de surse informatice m\u0103surate sau prestabilite, destul de eterogene \u015fi cu un grad de predictibilitate restr\u00e2ns.<\/p>\n<p><strong>OPTIMPV<\/strong>\u00a0se adreseaz\u0103 \u00een special segmentului de pia\u0163\u0103 a CEF cu puteri p\u00e2n\u0103 \u00een 3-5 MW care prezint\u0103 deja o r\u0103sp\u00e2ndire mai larg\u0103 \u015fi care vor c\u0103p\u0103ta o dezvoltare mai accelerat\u0103 bazat\u0103 pe legea 122\/2015 \u00een contextul implement\u0103rii schemei de sprijin feed-in tariff \u015fi a sus\u0163inerii schemei de contracte bilaterale \u00eentre IMM. In acela\u015fi timp prin influen\u0163a CEF asupra terenurilor agricole se vor dezvolta sisteme PV \u00een zona construit\u0103 (acoperi\u015f, fa\u0163ade etc) \u015fi prin urmare puterea instalat\u0103 pe unitatea de produc\u0163ie nu va dep\u0103\u015fi 3-5 MW \u00een cele mai multe cazuri.[\/vc_column_text][\/vc_column][vc_column width=&#8221;1\/2&#8243;][vc_column_text]OPTIMPV este un proiect finan\u021bat de c\u0103tre\u00a0<a href=\"http:\/\/uefiscdi.gov.ro\/\">UEFISCDI<\/a>\u00a0prin programul P2 &#8211; Cre\u0219terea competitivit\u0103\u021bii economiei rom\u00e2ne\u0219ti prin CDI, subprogramul Transfer la operatorul economic.<\/p>\n<p>Proiectul se desf\u0103\u0219oar\u0103 \u00een perioada octombrie 2016 \u2013 septembrie 2018.[\/vc_column_text][\/vc_column][\/vc_row][vc_row bg_type=&#8221;bg_color&#8221; ult_hide_row=&#8221;ult_hide_row_value&#8221; ult_hide_row_tablet=&#8221;tablet&#8221; ult_hide_row_tablet_small=&#8221;xs_tablet&#8221; ult_hide_row_mobile=&#8221;mobile&#8221; ult_hide_row_mobile_large=&#8221;xl_mobile&#8221;][vc_column width=&#8221;1\/1&#8243;]<div class=\"spacer\" style=\"height: 250px;\"><\/div>[\/vc_column][\/vc_row][vc_row bg_color=&#8221;#262626&#8243; top_padding=&#8221;70&#8243; bottom_padding=&#8221;70&#8243; bg_type=&#8221;bg_color&#8221;][vc_column width=&#8221;1\/2&#8243;][vc_column_text]\u00a9 Icpe | Tehnologii pentru dezvoltare durabil\u0103<br \/>\n<a href=\"http:\/\/www.icpe.ro\/ro\/termeni\" target=\"_blank\" rel=\"noopener\">Termeni \u0219i Condi\u021bii<\/a>[\/vc_column_text][\/vc_column][vc_column text_align=&#8221;center&#8221; width=&#8221;1\/2&#8243;]<a href=\"http:\/\/www.icpe.ro\/ro\/institutul\/proiecte\/\" target=\"_blank\" class=\"button color-3 small \" style=\"border-radius: 2px;\">Vezi mai multe proiecte<\/a>[\/vc_column][\/vc_row]<\/p>\n","protected":false},"excerpt":{"rendered":"<p>[vc_row type=&#8221;full_width_section&#8221;][vc_column width=&#8221;1\/1&#8243;][vc_raw_html]JTNDc3R5bGUlM0UlMEEudG9wbmF2JTIwJTdCJTBBJTBBJTIwJTIwJTIwJTIwbGlzdC1zdHlsZSUzQW5vbmUlM0IlMEElMjAlMjAlMjAlMjBtYXJnaW4lM0EwJTNCJTBBJTIwJTIwJTIwJTIwcGFkZGluZyUzQTAlM0IlMEElMjAlMjAlMjAlMjB0ZXh0LWFsaWduJTNBY2VudGVyJTNCJTBBJTdEJTBBJTBBLnRvcG5hdiUyMGxpJTIwJTdCJTBBJTIwJTIwZGlzcGxheSUzQWlubGluZSUzQiUwQSU3RCUwQSUwQS50b3BuYXYlMjBhJTdCJTBBJTIwJTIwZGlzcGxheSUzQWlubGluZS1ibG9jayUzQiUwQSUyMCUyMGNvbG9yJTNBJTIwJTIzMDAwJTNCJTBBJTIwJTIwJTIwJTIwcGFkZGluZyUzQTE4cHglMjAzNnB4JTNCJTBBJTIwJTIwZm9udC1zaXplJTNBMTdweCUzQiUwQSU3RCUwQS50b3BuYXYlMjBhJTNBaG92ZXIlMjAlN0IlMEElMjAlMjBiYWNrZ3JvdW5kLWNvbG9yJTNBJTIwJTIzZGRkJTNCJTBBJTIwJTIwY29sb3IlM0ElMjBibGFjayUzQiUwQSU3RCUwQSUwQS50b3BuYXYlMjAuaWNvbiUyMCU3QiUwQSUyMCUyMGRpc3BsYXklM0ElMjBub25lJTNCJTBBJTdEJTBBLmFjdGl2ZSUyMCU3QiUwQSUyMCUyMCUyMCUyMGJhY2tncm91bmQtY29sb3IlM0ElMjAlMjNmN2Y3ZjclM0IlMEElMjAlMjAlMjAlMjBmb250LXdlaWdodCUzQSUyMGJvbGQlM0IlMEElN0QlMEElMEElNDBtZWRpYSUyMHNjcmVlbiUyMGFuZCUyMCUyOG1heC13aWR0aCUzQSUyMDYwMHB4JTI5JTIwJTdCJTBBJTIwJTIwLnRvcG5hdiUyMGElM0Fub3QlMjglM0FmaXJzdC1jaGlsZCUyOSUyMCU3QmRpc3BsYXklM0ElMjBub25lJTNCJTdEJTBBJTIwJTIwLnRvcG5hdiUyMGEuaWNvbiUyMCU3QiUwQSUyMCUyMCUyMCUyMGZsb2F0JTNBJTIwcmlnaHQlM0IlMEElMjAlMjAlMjAlMjBkaXNwbGF5JTNBJTIwYmxvY2slM0IlMEElMjAlMjAlN0QlMEElN0QlMEElMEElNDBtZWRpYSUyMHNjcmVlbiUyMGFuZCUyMCUyOG1heC13aWR0aCUzQSUyMDYwMHB4JTI5JTIwJTdCJTBBJTIwJTIwLnRvcG5hdi5yZXNwb25zaXZlJTIwJTdCcG9zaXRpb24lM0ElMjByZWxhdGl2ZSUzQiU3RCUwQSUyMCUyMC50b3BuYXYucmVzcG9uc2l2ZSUyMC5pY29uJTIwJTdCJTBBJTIwJTIwJTIwJTIwcG9zaXRpb24lM0ElMjBhYnNvbHV0ZSUzQiUwQSUyMCUyMCUyMCUyMHJpZ2h0JTNBJTIwMCUzQiUwQSUyMCUyMCUyMCUyMHRvcCUzQSUyMDAlM0IlMEElMjAlMjAlN0QlMEElMjAlMjAudG9wbmF2LnJlc3BvbnNpdmUlMjBhJTIwJTdCJTBBJTIwJTIwJTIwJTIwZmxvYXQlM0ElMjBub25lJTNCJTBBJTIwJTIwJTIwJTIwZGlzcGxheSUzQSUyMGJsb2NrJTNCJTBBJTIwJTIwJTIwJTIwdGV4dC1hbGlnbiUzQSUyMGxlZnQlM0IlMEElMjAlMjAlN0QlMEElMEElN0QlMEElM0MlMkZzdHlsZSUzRSUwQSUwQSUwQSUwQSUzQ2RpdiUyMGNsYXNzJTNEJTIydG9wbmF2JTIyJTIwaWQlM0QlMjJteVRvcG5hdiUyMiUzRSUwQSUyMCUyMCUzQ2ElMjBocmVmJTNEJTIyaHR0cCUzQSUyRiUyRnd3dy5pY3BlLnJvJTJGcm8lMkZvcHRpbXB2JTJGJTIyJTNFQWNhcyVDNCU4MyUzQyUyRmElM0UlMEElMjAlMjAlM0NhJTIwaHJlZiUzRCUyMmh0dHAlM0ElMkYlMkZ3d3cuaWNwZS5ybyUyRnJvJTJGb3B0aW1wdiUyRmRlc3ByZS1wcm9pZWN0JTIyJTNFRGVzcHJlJTIwcHJvaWVjdCUzQyUyRmElM0UlMEElMjAlMjAlM0NhJTIwaHJlZiUzRCUyMmh0dHAlM0ElMkYlMkZ3d3cuaWNwZS5ybyUyRnJvJTJGb3B0aW1wdiUyRmNvbnNvcnRpdSUyMiUzRUNvbnNvciVDOCU5Qml1JTNDJTJGYSUzRSUwQSUyMCUyMCUzQ2ElMjBocmVmJTNEJTIyaHR0cCUzQSUyRiUyRnd3dy5pY3BlLnJvJTJGcm8lMkZvcHRpbXB2JTJGZXRhcGUlMjIlM0VFdGFwZSUzQyUyRmElM0UlMEElMjAlMjAlM0NhJTIwaHJlZiUzRCUyMmh0dHAlM0ElMkYlMkZ3d3cuaWNwZS5ybyUyRnJvJTJGb3B0aW1wdiUyRm5vdXRhdGklMjIlM0VOb3V0JUM0JTgzJUM4JTlCaSUzQyUyRmElM0UlMEElMjAlMjAlM0NhJTIwaHJlZiUzRCUyMmh0dHAlM0ElMkYlMkZ3d3cuaWNwZS5ybyUyRnJvJTJGb3B0aW1wdiUyRmNvbnRhY3QlMjIlM0VDb250YWN0JTNDJTJGYSUzRSUwQSUyMCUyMCUzQ2xpJTIwc3R5bGUlM0QlMjJmbG9hdCUzQXJpZ2h0JTIyJTNFJTNDYSUyMGNsYXNzJTNEJTIyYWN0aXZlJTIyJTIwaHJlZiUzRCUyMmh0dHAlM0ElMkYlMkZ3d3cuaWNwZS5ybyUyRm9wdGltcHYlMkYlMjIlM0VFTiUzQyUyRmElM0UlM0MlMkZsaSUzRSUwQSUyMCUyMCUzQ2ElMjBocmVmJTNEJTIyamF2YXNjcmlwdCUzQXZvaWQlMjgwJTI5JTNCJTIyJTIwc3R5bGUlM0QlMjJmb250LXNpemUlM0ExNXB4JTNCJTIyJTIwY2xhc3MlM0QlMjJpY29uJTIyJTIwb25jbGljayUzRCUyMm15RnVuY3Rpb24lMjglMjklMjIlM0UlMjYlMjM5Nzc2JTNCJTNDJTJGYSUzRSUwQSUzQyUyRmRpdiUzRSUwQSUwQSUzQ3NjcmlwdCUzRSUwQWZ1bmN0aW9uJTIwbXlGdW5jdGlvbiUyOCUyOSUyMCU3QiUwQSUyMCUyMCUyMCUyMHZhciUyMHglMjAlM0QlMjBkb2N1bWVudC5nZXRFbGVtZW50QnlJZCUyOCUyMm15VG9wbmF2JTIyJTI5JTNCJTBBJTIwJTIwJTIwJTIwaWYlMjAlMjh4LmNsYXNzTmFtZSUyMCUzRCUzRCUzRCUyMCUyMnRvcG5hdiUyMiUyOSUyMCU3QiUwQSUyMCUyMCUyMCUyMCUyMCUyMCUyMCUyMHguY2xhc3NOYW1lJTIwJTJCJTNEJTIwJTIyJTIwcmVzcG9uc2l2ZSUyMiUzQiUwQSUyMCUyMCUyMCUyMCU3RCUyMGVsc2UlMjAlN0IlMEElMjAlMjAlMjAlMjAlMjAlMjAlMjAlMjB4LmNsYXNzTmFtZSUyMCUzRCUyMCUyMnRvcG5hdiUyMiUzQiUwQSUyMCUyMCUyMCUyMCU3RCUwQSU3RCUwQSUzQyUyRnNjcmlwdCUzRSUwQQ==[\/vc_raw_html][\/vc_column][\/vc_row][vc_row][vc_column width=&#8221;1\/1&#8243;][\/vc_column][\/vc_row][vc_row bg_color=&#8221;#efefef&#8221; top_padding=&#8221;20&#8243; bottom_padding=&#8221;20&#8243;][vc_column width=&#8221;1\/1&#8243;][\/vc_column][\/vc_row][vc_row top_padding=&#8221;40&#8243; bottom_padding=&#8221;40&#8243;][vc_column width=&#8221;1\/2&#8243;][vc_column_text]Proiectul OPTIMPV este orientat spre definitivarea unei solu\u0163ii optime determinate informatic care s\u0103 eficientizeze, din punct de vedere energetic, dar \u015fi din punct de vedere al rentabilit\u0103\u021bii economice, procesul oper\u0103rii centralelor electrice fotovoltaice (CEF). Operarea tehnic\u0103 a CEF are la baz\u0103 un proces decizional care integreaz\u0103 un ansamblu de surse informatice m\u0103surate sau prestabilite, destul de eterogene \u015fi cu un grad de predictibilitate restr\u00e2ns. OPTIMPV\u00a0se adreseaz\u0103 \u00een special segmentului de pia\u0163\u0103 a CEF cu puteri p\u00e2n\u0103 \u00een 3-5 MW care prezint\u0103 deja o r\u0103sp\u00e2ndire mai larg\u0103 \u015fi care vor c\u0103p\u0103ta o dezvoltare mai accelerat\u0103 bazat\u0103 pe legea 122\/2015 \u00een contextul implement\u0103rii schemei de sprijin feed-in tariff \u015fi a sus\u0163inerii schemei de contracte bilaterale \u00eentre IMM. In acela\u015fi timp prin influen\u0163a CEF asupra terenurilor agricole se vor dezvolta sisteme PV \u00een zona construit\u0103 (acoperi\u015f, fa\u0163ade etc) \u015fi prin urmare puterea instalat\u0103 pe unitatea de produc\u0163ie nu va dep\u0103\u015fi 3-5 MW \u00een cele mai multe cazuri.[\/vc_column_text][\/vc_column][vc_column width=&#8221;1\/2&#8243;][vc_column_text]OPTIMPV este un proiect finan\u021bat de c\u0103tre\u00a0UEFISCDI\u00a0prin programul P2 &#8211; Cre\u0219terea competitivit\u0103\u021bii economiei rom\u00e2ne\u0219ti prin CDI, subprogramul Transfer la operatorul economic. Proiectul se desf\u0103\u0219oar\u0103 \u00een perioada octombrie 2016 \u2013 septembrie 2018.[\/vc_column_text][\/vc_column][\/vc_row][vc_row bg_type=&#8221;bg_color&#8221; ult_hide_row=&#8221;ult_hide_row_value&#8221; ult_hide_row_tablet=&#8221;tablet&#8221; ult_hide_row_tablet_small=&#8221;xs_tablet&#8221; ult_hide_row_mobile=&#8221;mobile&#8221; [&hellip;]<\/p>\n","protected":false},"author":1,"featured_media":0,"parent":18338,"menu_order":97,"comment_status":"closed","ping_status":"closed","template":"","meta":[],"folder":[44],"_links":{"self":[{"href":"http:\/\/www.icpe.ro\/ro\/wp-json\/wp\/v2\/pages\/18347"}],"collection":[{"href":"http:\/\/www.icpe.ro\/ro\/wp-json\/wp\/v2\/pages"}],"about":[{"href":"http:\/\/www.icpe.ro\/ro\/wp-json\/wp\/v2\/types\/page"}],"author":[{"embeddable":true,"href":"http:\/\/www.icpe.ro\/ro\/wp-json\/wp\/v2\/users\/1"}],"replies":[{"embeddable":true,"href":"http:\/\/www.icpe.ro\/ro\/wp-json\/wp\/v2\/comments?post=18347"}],"version-history":[{"count":0,"href":"http:\/\/www.icpe.ro\/ro\/wp-json\/wp\/v2\/pages\/18347\/revisions"}],"up":[{"embeddable":true,"href":"http:\/\/www.icpe.ro\/ro\/wp-json\/wp\/v2\/pages\/18338"}],"wp:attachment":[{"href":"http:\/\/www.icpe.ro\/ro\/wp-json\/wp\/v2\/media?parent=18347"}],"wp:term":[{"taxonomy":"folder","embeddable":true,"href":"http:\/\/www.icpe.ro\/ro\/wp-json\/wp\/v2\/folder?post=18347"}],"curies":[{"name":"wp","href":"https:\/\/api.w.org\/{rel}","templated":true}]}}