{"id":18000,"date":"2017-11-02T17:22:14","date_gmt":"2017-11-02T14:22:14","guid":{"rendered":"http:\/\/www.incdie-icpe.ro\/ro\/?page_id=18000"},"modified":"2018-01-16T12:45:05","modified_gmt":"2018-01-16T09:45:05","slug":"sigurante-fuzibile-inalta-tensiune","status":"publish","type":"page","link":"http:\/\/www.icpe.ro\/ro\/aparate-electrice\/sigurante-fuzibile-inalta-tensiune\/","title":{"rendered":"Siguran\u0163e fuzibile de \u00eenalt\u0103 tensiune"},"content":{"rendered":"<p>[vc_row top_padding=&#8221;40&#8243; bottom_padding=&#8221;40&#8243;][vc_column column_padding=&#8221;padding-2&#8243; text_align=&#8221;center&#8221; width=&#8221;1\/2&#8243;]<h1 class=\"headline font-inherit fontsize-s fontweight-600 lh-inherit align-center transform-inherit \" style=\"margin: 0 0 20px 0;\">Elemente de \u00eenlocuire de \u00eenalt\u0103 tensiune tip FV-1,5 kV \u0219i FIV-TI-3 kV pentru trac\u021biunea electric\u0103<\/p>\n<\/h1><a href=\"http:\/\/www.icpe.ro\/w-files\/SiguranteCFR.pdf\" target=\"_blank\" class=\"button color-2 small \" style=\"border-radius: 2px;\">Descarc\u0103 fi\u0219a tehnic\u0103<\/a><div class=\"divider-title align-center\" ><\/div><h1 class=\"headline font-inherit fontsize-s fontweight-600 lh-inherit align-center transform-inherit \" style=\"margin: 0 0 20px 0;\">Elemente de \u00eenlocuire de \u00eenalt\u0103 tensiune pentru protec\u0163ia bateriilor de condensatoare electrice<\/h1><a href=\"http:\/\/www.icpe.ro\/files\/8\/1_2015_Elemente_inlocuire_inalta_tensiune.pdf\" target=\"_blank\" class=\"button color-2 small \" style=\"border-radius: 2px;\">Descarc\u0103 fi\u0219a tehnic\u0103<\/a><div class=\"divider-title align-center\" ><\/div><h1 class=\"headline font-inherit fontsize-s fontweight-600 lh-inherit align-center transform-inherit \" style=\"margin: 0 0 20px 0;\">Elemente de \u00eenlocuire pentru protec\u0163ia motoarelor tip MOT,<br \/>\nUn = 7,2 kV, In = 25 &#8230; 250 A<\/h1><a href=\"http:\/\/www.icpe.ro\/files\/8\/3_2015_Elemente_inlocuire_MOT.pdf\" target=\"_blank\" class=\"button color-2 small \" style=\"border-radius: 2px;\">Descarc\u0103 fi\u0219a tehnic\u0103<\/a>[\/vc_column][vc_column column_padding=&#8221;padding-2&#8243; text_align=&#8221;center&#8221; width=&#8221;1\/2&#8243;]<h1 class=\"headline font-inherit fontsize-s fontweight-600 lh-inherit align-center transform-inherit \" style=\"margin: 0 0 20px 0;\">Elemente de \u00eenlocuire de medie tensiune pentru protec\u0163ia transformatoarelor electrice de putere \u015fi de m\u0103sur\u0103 de tensiune<\/h1><a href=\"http:\/\/www.icpe.ro\/files\/8\/2_2015_Elemente_inlocuire_medie_tensiune.pdf\" target=\"_blank\" class=\"button color-2 small \" style=\"border-radius: 2px;\">Descarc\u0103 fi\u0219a tehnic\u0103<\/a><div class=\"divider-title align-center\" ><\/div><h1 class=\"headline font-inherit fontsize-s fontweight-600 lh-inherit align-center transform-inherit \" style=\"margin: 0 0 20px 0;\">Soclu tip SFIM, Un = 7,2 kV, In = 250 A pentru protec\u0163ia motoarelor electrice<\/h1><a href=\"http:\/\/www.icpe.ro\/files\/8\/4_2015_Soclu_inalta_tensiune.pdf\" target=\"_blank\" class=\"button color-2 small \" style=\"border-radius: 2px;\">Descarc\u0103 fi\u0219a tehnic\u0103<\/a><div class=\"divider-title align-center\" ><\/div><h1 class=\"headline font-inherit fontsize-s fontweight-600 lh-inherit align-center transform-inherit \" style=\"margin: 0 0 20px 0;\">Soclu tip SFITp, Un=24 kV, In=100 A pentru protec\u0163ia transformatoarelor electrice<\/h1><a href=\"http:\/\/www.icpe.ro\/w-files\/SFIT24kV.pdf\" target=\"_blank\" class=\"button color-2 small \" style=\"border-radius: 2px;\">Descarc\u0103 fi\u0219a tehnic\u0103<\/a>[\/vc_column][\/vc_row][vc_row bg_image=&#8221;18012&#8243; parallax_bg=&#8221;true&#8221; top_padding=&#8221;250&#8243; bottom_padding=&#8221;250&#8243;][vc_column width=&#8221;1\/1&#8243;][\/vc_column][\/vc_row]<\/p>\n","protected":false},"excerpt":{"rendered":"<p>[vc_row top_padding=&#8221;40&#8243; bottom_padding=&#8221;40&#8243;][vc_column column_padding=&#8221;padding-2&#8243; text_align=&#8221;center&#8221; width=&#8221;1\/2&#8243;][\/vc_column][vc_column column_padding=&#8221;padding-2&#8243; text_align=&#8221;center&#8221; width=&#8221;1\/2&#8243;][\/vc_column][\/vc_row][vc_row bg_image=&#8221;18012&#8243; parallax_bg=&#8221;true&#8221; top_padding=&#8221;250&#8243; bottom_padding=&#8221;250&#8243;][vc_column width=&#8221;1\/1&#8243;][\/vc_column][\/vc_row]<\/p>\n","protected":false},"author":1,"featured_media":0,"parent":17920,"menu_order":312,"comment_status":"closed","ping_status":"closed","template":"","meta":[],"folder":[48],"_links":{"self":[{"href":"http:\/\/www.icpe.ro\/ro\/wp-json\/wp\/v2\/pages\/18000"}],"collection":[{"href":"http:\/\/www.icpe.ro\/ro\/wp-json\/wp\/v2\/pages"}],"about":[{"href":"http:\/\/www.icpe.ro\/ro\/wp-json\/wp\/v2\/types\/page"}],"author":[{"embeddable":true,"href":"http:\/\/www.icpe.ro\/ro\/wp-json\/wp\/v2\/users\/1"}],"replies":[{"embeddable":true,"href":"http:\/\/www.icpe.ro\/ro\/wp-json\/wp\/v2\/comments?post=18000"}],"version-history":[{"count":0,"href":"http:\/\/www.icpe.ro\/ro\/wp-json\/wp\/v2\/pages\/18000\/revisions"}],"up":[{"embeddable":true,"href":"http:\/\/www.icpe.ro\/ro\/wp-json\/wp\/v2\/pages\/17920"}],"wp:attachment":[{"href":"http:\/\/www.icpe.ro\/ro\/wp-json\/wp\/v2\/media?parent=18000"}],"wp:term":[{"taxonomy":"folder","embeddable":true,"href":"http:\/\/www.icpe.ro\/ro\/wp-json\/wp\/v2\/folder?post=18000"}],"curies":[{"name":"wp","href":"https:\/\/api.w.org\/{rel}","templated":true}]}}