{"id":17920,"date":"2017-11-02T11:43:29","date_gmt":"2017-11-02T08:43:29","guid":{"rendered":"http:\/\/www.incdie-icpe.ro\/ro\/?page_id=17920"},"modified":"2021-03-01T18:54:33","modified_gmt":"2021-03-01T15:54:33","slug":"aparate-electrice","status":"publish","type":"page","link":"http:\/\/www.icpe.ro\/ro\/aparate-electrice\/","title":{"rendered":"Aparate Electrice"},"content":{"rendered":"<p>[vc_row type=&#8221;full_width_section&#8221; video_bg=&#8221;use_video&#8221; enable_video_color_overlay=&#8221;true&#8221; video_overlay_color=&#8221;rgba(196,196,196,0.84)&#8221; video_mp4=&#8221;\/w-files\/video-aparate-electrice.mp4&#8243; video_image=&#8221;17415&#8243; text_align=&#8221;center&#8221; top_padding=&#8221;100&#8243; bottom_padding=&#8221;100&#8243;][vc_column width=&#8221;1\/1&#8243;]<h1 class=\"headline font-inherit fontsize-l fontweight-800 lh-inherit align-center transform-inherit \" style=\"margin: 0 0 20px 0;\">APARATE ELECTRICE<\/h1><div class=\"spacer\" style=\"height: 100px;\"><\/div>[\/vc_column][\/vc_row][vc_row][vc_column width=&#8221;1\/2&#8243;]<div class=\"spacer\" style=\"height: 50px;\"><\/div><h2 class=\"headline font-inherit fontsize-xs fontweight-inherit lh-inherit align-left transform-inherit \" style=\"margin: 40px 40px 20px 0;\">Departamentul de Aparate Electrice, este primul departament \u00eenfiin\u0163at \u00een cadrul Icpe \u00een anul 1950. Pe parcursul activit\u0103\u0163ii sale, departamentul de Aparate Electrice a avut numeroase direc\u0163ii de cercetare \u015fi dezvoltare \u015ftiin\u0163ific\u0103 precum:<\/h2><h2 class=\"headline font-inherit fontsize-xs fontweight-700 lh-inherit align-left transform-inherit \" style=\"margin: 40px 40px 20px 0;\"># Siguran\u0163e fuzibile de joas\u0103 \u015fi medie tensiune<br \/>\n# Dezvoltarea laboratoarelor proprii de joas\u0103 \u015fi medie tensiune<br \/>\n# Echipamente de protec\u0163ie de joas\u0103 \u015fi medie tensiune<br \/>\n# Aparate electrice cu comuta\u0163ie \u00een vid<br \/>\n# Electromagne\u0163i de uz general \u015fi pentru industria metalurgic\u0103<br \/>\n# Activit\u0103\u0163i de cercetare pentru industria metalurgic\u0103 \u015fi a energiei nucleare<br \/>\n# Mediu de analiz\u0103 electromagnetic\u0103<br \/>\n# Prelucr\u0103ri metalice prin magnetoformare<\/h2>[\/vc_column][vc_column width=&#8221;1\/2&#8243;]<div class=\"spacer\" style=\"height: 50px;\"><\/div><h2 class=\"headline font-inherit fontsize-xs fontweight-700 lh-inherit align-left transform-inherit \" style=\"margin: 40px 0 10px 10px;\">PRODUSE<\/h2><a href=\"\/ro\/aparate-electrice\/contactoare\" target=\"_self\" class=\"button color-3 small \" style=\"border-radius: 2px;\">Contactoare<\/a>[vc_row_inner][vc_column_inner]<a href=\"\/ro\/aparate-electrice\/intreruptoare\" target=\"_self\" class=\"button color-3 small \" style=\"border-radius: 2px;\">Intreruptoare<\/a>[\/vc_column_inner][\/vc_row_inner]<a href=\"\/ro\/aparate-electrice\/sigurante-fuzibile-inalta-tensiune\" target=\"_self\" class=\"button color-3 small \" style=\"border-radius: 2px;\">Siguran\u0163e fuzibile de \u00eenalt\u0103 tensiune<\/a><a href=\"\/ro\/aparate-electrice\/sigurante-fuzibile-joasa-tensiune\" target=\"_self\" class=\"button color-3 small \" style=\"border-radius: 2px;\">Siguran\u0163e fuzibile de joas\u0103 tensiune<\/a><a href=\"http:\/\/www.icpe.ro\/ro\/aparate-electrice\/carucior-debrosabil\/\" target=\"_self\" class=\"button color-3 small \" style=\"border-radius: 2px;\">C\u0103rucior debro\u0219abil 7.2 kV 160 A<\/a>[\/vc_column][\/vc_row][vc_row][vc_column width=&#8221;1\/2&#8243;]<h2 class=\"headline font-inherit fontsize-xs fontweight-inherit lh-inherit align-left transform-inherit \" style=\"margin: 40px 40px 20px 0;\">Departamentul de Aparate Electrice are \u00een portofoliul s\u0103u organizarea \u015fi participarea la numeroase manifest\u0103ri tehnico-\u015ftiin\u0163ifice, pe plan na\u0163ional \u015fi interna\u0163ional, cu diseminarea a numeroaselor rezultate ob\u0163inute \u00een urma cercet\u0103rii \u015fi valorificate prin articole \u015ftiin\u0163ifice \u015fi brevete de inven\u0163ie.<\/p>\n<p>Baz\u00e2ndu-se pe experien\u0163a acumulat\u0103 \u00een timp, speciali\u015ftii departamentului de Aparate Electrice ofer\u0103 consultan\u0163\u0103 \u015ftiin\u0163ific\u0103 \u015fi tehnic\u0103, \u00een urm\u0103toarele domenii:<\/h2>[\/vc_column][vc_column width=&#8221;1\/2&#8243;]<h2 class=\"headline font-inherit fontsize-xs fontweight-700 lh-inherit align-left transform-inherit \" style=\"margin: 40px 40px 20px 0;\">1. Echipamente de comuta\u0163ie de curent continuu \u015fi curent alternativ<\/p>\n<p>2. Comuta\u0163ia \u00een vid avansat<\/p>\n<p>3. Dispozitive electromagnetice cu magne\u0163i permanen\u0163i<\/p>\n<p>4. Siguran\u0163e fuzibile de joas\u0103 \u015fi medie tensiune<\/p>\n<p>5. Tehnici de proiectare \u015fi analiz\u0103 asistat\u0103 de calculator<\/h2><div class=\"spacer\" style=\"height: 10px;\"><\/div>[\/vc_column][\/vc_row][vc_row bg_image=&#8221;17932&#8243; parallax_bg=&#8221;true&#8221; top_padding=&#8221;200&#8243; bottom_padding=&#8221;200&#8243;][vc_column width=&#8221;1\/4&#8243;][\/vc_column][vc_column width=&#8221;1\/2&#8243;][vc_tta_accordion style=&#8221;flat&#8221; color=&#8221;black&#8221; c_align=&#8221;center&#8221; active_section=&#8221;&#8221; no_fill=&#8221;true&#8221; collapsible_all=&#8221;true&#8221;][vc_tta_section title=&#8221;<span style =``color:white;``>CERE OFERTA<\/span>&#8221; tab_id=&#8221;1509525379031-f2541fa9-b0f8&#8243;]<div role=\"form\" class=\"wpcf7\" id=\"wpcf7-f19336-o1\" lang=\"en-US\" dir=\"ltr\">\n<div class=\"screen-reader-response\" aria-live=\"polite\"><\/div>\n<form action=\"\/ro\/wp-json\/wp\/v2\/pages\/17920#wpcf7-f19336-o1\" method=\"post\" class=\"wpcf7-form\" enctype=\"multipart\/form-data\" novalidate=\"novalidate\">\n<div style=\"display: none;\">\n<input type=\"hidden\" name=\"_wpcf7\" value=\"19336\" \/>\n<input type=\"hidden\" name=\"_wpcf7_version\" value=\"5.1.9\" \/>\n<input type=\"hidden\" name=\"_wpcf7_locale\" value=\"en_US\" \/>\n<input type=\"hidden\" name=\"_wpcf7_unit_tag\" value=\"wpcf7-f19336-o1\" \/>\n<input type=\"hidden\" name=\"_wpcf7_container_post\" value=\"0\" \/>\n<\/div>\n<div class=\"box style-3 wpb_content_element\">\n<p>Numele dumneavoastr\u0103<br \/>\n    <span class=\"wpcf7-form-control-wrap your-name\"><input type=\"text\" name=\"your-name\" value=\"\" size=\"40\" class=\"wpcf7-form-control wpcf7-text wpcf7-validates-as-required\" aria-required=\"true\" aria-invalid=\"false\" \/><\/span> <\/p>\n<p>Companie<br \/>\n    <span class=\"wpcf7-form-control-wrap company\"><input type=\"text\" name=\"company\" value=\"\" size=\"40\" class=\"wpcf7-form-control wpcf7-text wpcf7-validates-as-required\" aria-required=\"true\" aria-invalid=\"false\" \/><\/span> <\/p>\n<p>E-Mail<br \/>\n    <span class=\"wpcf7-form-control-wrap your-email\"><input type=\"email\" name=\"your-email\" value=\"\" size=\"40\" class=\"wpcf7-form-control wpcf7-text wpcf7-email wpcf7-validates-as-required wpcf7-validates-as-email\" aria-required=\"true\" aria-invalid=\"false\" \/><\/span> <\/p>\n<p>Telefon<br \/>\n    <span class=\"wpcf7-form-control-wrap phone\"><input type=\"text\" name=\"phone\" value=\"\" size=\"40\" class=\"wpcf7-form-control wpcf7-text wpcf7-validates-as-required\" aria-required=\"true\" aria-invalid=\"false\" \/><\/span> <\/p>\n<p>Detalii<br \/>\n    <span class=\"wpcf7-form-control-wrap details\"><input type=\"text\" name=\"details\" value=\"\" size=\"40\" class=\"wpcf7-form-control wpcf7-text wpcf7-validates-as-required\" aria-required=\"true\" aria-invalid=\"false\" \/><\/span> <\/p>\n<p>\u00cencarc\u0103 fi\u0219ier (op\u021bional)<br \/>\n<span class=\"wpcf7-form-control-wrap file-341\"><input type=\"file\" name=\"file-341\" size=\"40\" class=\"wpcf7-form-control wpcf7-file\" accept=\".png,.jpg,.doc,.pdf,.xlsx,.docx,.xls,.xlt,.xml\" aria-invalid=\"false\" \/><\/span> <\/p>\n<\/div>\n<p><span class=\"wpcf7-form-control-wrap wpgdprc\"><span class=\"wpcf7-form-control wpcf7-validates-as-required wpcf7-wpgdprc\"><span class=\"wpcf7-list-item\"><input type=\"checkbox\" name=\"wpgdprc\" value=\"1\" aria-required=\"true\" aria-invalid=\"false\" \/><span class=\"wpcf7-list-item-label\">Sunt de acord cu procesarea datelor mele conform<\/span><\/span><\/span><\/span><br \/>\n&nbsp;&nbsp;&nbsp;&nbsp;&nbsp;&nbsp;&nbsp;<a href=\"http:\/\/www.icpe.ro\/ro\/politici\/protectia-datelor\/\" target=\"_blank\" title=\"Politicii de protec\u021bie a datelor\">Politicii de protec\u021bie a datelor<\/a><\/p>\n<p><input type=\"submit\" style=\"font-face: 'Comic Sans MS'; color: white; background-color: #b92e31;\" value=\"Cere Oferta\"><\/p>\n<div class=\"wpcf7-response-output wpcf7-display-none\" aria-hidden=\"true\"><\/div><\/form><\/div>[\/vc_tta_section][\/vc_tta_accordion][\/vc_column][vc_column width=&#8221;1\/4&#8243;][\/vc_column][\/vc_row]<\/p>\n","protected":false},"excerpt":{"rendered":"<p>[vc_row type=&#8221;full_width_section&#8221; video_bg=&#8221;use_video&#8221; enable_video_color_overlay=&#8221;true&#8221; video_overlay_color=&#8221;rgba(196,196,196,0.84)&#8221; video_mp4=&#8221;\/w-files\/video-aparate-electrice.mp4&#8243; video_image=&#8221;17415&#8243; text_align=&#8221;center&#8221; top_padding=&#8221;100&#8243; bottom_padding=&#8221;100&#8243;][vc_column width=&#8221;1\/1&#8243;][\/vc_column][\/vc_row][vc_row][vc_column width=&#8221;1\/2&#8243;][\/vc_column][vc_column width=&#8221;1\/2&#8243;][vc_row_inner][vc_column_inner][\/vc_column_inner][\/vc_row_inner][\/vc_column][\/vc_row][vc_row][vc_column width=&#8221;1\/2&#8243;][\/vc_column][vc_column width=&#8221;1\/2&#8243;][\/vc_column][\/vc_row][vc_row bg_image=&#8221;17932&#8243; parallax_bg=&#8221;true&#8221; top_padding=&#8221;200&#8243; bottom_padding=&#8221;200&#8243;][vc_column width=&#8221;1\/4&#8243;][\/vc_column][vc_column width=&#8221;1\/2&#8243;][vc_tta_accordion style=&#8221;flat&#8221; color=&#8221;black&#8221; c_align=&#8221;center&#8221; active_section=&#8221;&#8221; no_fill=&#8221;true&#8221; collapsible_all=&#8221;true&#8221;][vc_tta_section title=&#8221;CERE OFERTA&#8221; tab_id=&#8221;1509525379031-f2541fa9-b0f8&#8243;][\/vc_tta_section][\/vc_tta_accordion][\/vc_column][vc_column width=&#8221;1\/4&#8243;][\/vc_column][\/vc_row]<\/p>\n","protected":false},"author":1,"featured_media":0,"parent":0,"menu_order":16,"comment_status":"closed","ping_status":"closed","template":"","meta":[],"folder":[48],"_links":{"self":[{"href":"http:\/\/www.icpe.ro\/ro\/wp-json\/wp\/v2\/pages\/17920"}],"collection":[{"href":"http:\/\/www.icpe.ro\/ro\/wp-json\/wp\/v2\/pages"}],"about":[{"href":"http:\/\/www.icpe.ro\/ro\/wp-json\/wp\/v2\/types\/page"}],"author":[{"embeddable":true,"href":"http:\/\/www.icpe.ro\/ro\/wp-json\/wp\/v2\/users\/1"}],"replies":[{"embeddable":true,"href":"http:\/\/www.icpe.ro\/ro\/wp-json\/wp\/v2\/comments?post=17920"}],"version-history":[{"count":0,"href":"http:\/\/www.icpe.ro\/ro\/wp-json\/wp\/v2\/pages\/17920\/revisions"}],"wp:attachment":[{"href":"http:\/\/www.icpe.ro\/ro\/wp-json\/wp\/v2\/media?parent=17920"}],"wp:term":[{"taxonomy":"folder","embeddable":true,"href":"http:\/\/www.icpe.ro\/ro\/wp-json\/wp\/v2\/folder?post=17920"}],"curies":[{"name":"wp","href":"https:\/\/api.w.org\/{rel}","templated":true}]}}