{"id":17900,"date":"2017-11-01T16:59:54","date_gmt":"2017-11-01T13:59:54","guid":{"rendered":"http:\/\/www.incdie-icpe.ro\/ro\/?page_id=17900"},"modified":"2025-06-03T10:21:44","modified_gmt":"2025-06-03T07:21:44","slug":"oem","status":"publish","type":"page","link":"http:\/\/www.icpe.ro\/ro\/oem\/","title":{"rendered":"OEM \/ Industrial"},"content":{"rendered":"<p>[vc_row][vc_column width=&#8221;1\/2&#8243;]<div class=\"spacer\" style=\"height: 60px;\"><\/div>[vc_column_text]Programele de fabrica\u0163ie ale Icpe acoper\u0103 o gam\u0103 larg\u0103 de produse inovatoare ce sunt dezvoltate \u015fi proiectate \u00een acord cu necesit\u0103\u0163ile specifice beneficiarilor.<\/p>\n<p>Statulul de OEM, proiectarea la cerere, pia\u0163a de ni\u015f\u0103, cercetarea \u015fi tradi\u0163ia inovatoare sunt principalele piese ale mozaicului ce se constituie \u00een imaginea Icpe ca fabricant.[\/vc_column_text][\/vc_column][vc_column width=&#8221;1\/2&#8243;]<div class=\"spacer\" style=\"height: 60px;\"><\/div>[vc_tta_accordion style=&#8221;flat&#8221; shape=&#8221;square&#8221; color=&#8221;white&#8221; c_icon=&#8221;chevron&#8221; active_section=&#8221;&#8221; no_fill=&#8221;true&#8221; collapsible_all=&#8221;true&#8221;][vc_tta_section title=&#8221;Capabilit\u0103\u021bi&#8221; tab_id=&#8221;1509544839336-588a37e5-48b5&#8243;][vc_column_text]Ac\u0163iunea pe pie\u0163ele de ni\u015f\u0103 \u00eensemn\u0103 o flexibilitate extrem\u0103, vitez\u0103 de reac\u0163ie, capabilitatea de a dezvolta produse noi \u00eentr-un timp scurt, tehnologie de prototip (prototyping capability), capabilit\u0103\u0163i de fabrica\u0163ie Hi-Tech, acces la un sistem de autosourcing certificat \u015fi mai ales, o echip\u0103 de speciali\u015fti \u00een m\u00e2na c\u0103rora st\u0103 de fapt \u00eentreaga for\u0163\u0103 a companiei.[\/vc_column_text][\/vc_tta_section][vc_tta_section title=&#8221;Echipamente&#8221; tab_id=&#8221;1509544839384-3f67ae34-0d0b&#8221;][vc_column_text]Programele de fabrica\u0163ie foarte sofisticate se realizeaz\u0103 pe echipamente deosebite, cu o for\u0163\u0103 de munc\u0103 supercalificat\u0103.[\/vc_column_text][\/vc_tta_section][vc_tta_section title=&#8221;Produse \/ Programe de fabrica\u021bie&#8221; tab_id=&#8221;1509545323486-e852c3b2-00a7&#8243;][vc_column_text]Baz\u00e2ndu-se pe propriile brevete \u015fi propria cercetare, Icpe ofer\u0103 o gam\u0103 larg\u0103 de produse particularizate, dezvoltate pentru a satisface cerin\u0163ele beneficiarilor din lumea \u00eentreag\u0103.<\/p>\n<p>Pentru a-\u015fi asigura succesul de pia\u0163\u0103 cu produsele sale, Icpe a fost totdeauna interesat de \u00een\u0163elegerea nevoilor \u015fi a\u015ftept\u0103rilor at\u00e2t ale beneficiarilor curen\u0163i c\u00e2t \u015fi a celor poten\u0163iali, identific\u00e2nd \u015fi aplic\u00e2nd metodele optime de evaluare a gradului de satistacere a cerin\u0163elor beneficiarilor pentru fiecare caz \u00een parte.<\/p>\n<div id=\"content\">\n<div id=\"actualcontent\">\n<ul>\n<li><a title=\"Cabluri electrice speciale\" href=\"\/ro\/cabluri-electrice-speciale\" target=\"_blank\" rel=\"noopener\">Cabluri Electrice Speciale<\/a><\/li>\n<li><a title=\"Aparate Electrice\" href=\"\/ro\/aparate-electrice\" target=\"_blank\" rel=\"noopener\">Aparate Electrice<\/a><\/li>\n<\/ul>\n<\/div>\n<\/div>\n<p>[\/vc_column_text][\/vc_tta_section][\/vc_tta_accordion]<div class=\"spacer\" style=\"height: 60px;\"><\/div>[\/vc_column][\/vc_row][vc_row bg_image=&#8221;17902&#8243; parallax_bg=&#8221;true&#8221;][vc_column width=&#8221;1\/1&#8243;]<div class=\"spacer\" style=\"height: 300px;\"><\/div>[\/vc_column][\/vc_row]<\/p>\n","protected":false},"excerpt":{"rendered":"<p>[vc_row][vc_column width=&#8221;1\/2&#8243;][vc_column_text]Programele de fabrica\u0163ie ale Icpe acoper\u0103 o gam\u0103 larg\u0103 de produse inovatoare ce sunt dezvoltate \u015fi proiectate \u00een acord cu necesit\u0103\u0163ile specifice beneficiarilor. Statulul de OEM, proiectarea la cerere, pia\u0163a de ni\u015f\u0103, cercetarea \u015fi tradi\u0163ia inovatoare sunt principalele piese ale mozaicului ce se constituie \u00een imaginea Icpe ca fabricant.[\/vc_column_text][\/vc_column][vc_column width=&#8221;1\/2&#8243;][vc_tta_accordion style=&#8221;flat&#8221; shape=&#8221;square&#8221; color=&#8221;white&#8221; c_icon=&#8221;chevron&#8221; active_section=&#8221;&#8221; no_fill=&#8221;true&#8221; collapsible_all=&#8221;true&#8221;][vc_tta_section title=&#8221;Capabilit\u0103\u021bi&#8221; tab_id=&#8221;1509544839336-588a37e5-48b5&#8243;][vc_column_text]Ac\u0163iunea pe pie\u0163ele de ni\u015f\u0103 \u00eensemn\u0103 o flexibilitate extrem\u0103, vitez\u0103 de reac\u0163ie, capabilitatea de a dezvolta produse noi \u00eentr-un timp scurt, tehnologie de prototip (prototyping capability), capabilit\u0103\u0163i de fabrica\u0163ie Hi-Tech, acces la un sistem de autosourcing certificat \u015fi mai ales, o echip\u0103 de speciali\u015fti \u00een m\u00e2na c\u0103rora st\u0103 de fapt \u00eentreaga for\u0163\u0103 a companiei.[\/vc_column_text][\/vc_tta_section][vc_tta_section title=&#8221;Echipamente&#8221; tab_id=&#8221;1509544839384-3f67ae34-0d0b&#8221;][vc_column_text]Programele de fabrica\u0163ie foarte sofisticate se realizeaz\u0103 pe echipamente deosebite, cu o for\u0163\u0103 de munc\u0103 supercalificat\u0103.[\/vc_column_text][\/vc_tta_section][vc_tta_section title=&#8221;Produse \/ Programe de fabrica\u021bie&#8221; tab_id=&#8221;1509545323486-e852c3b2-00a7&#8243;][vc_column_text]Baz\u00e2ndu-se pe propriile brevete \u015fi propria cercetare, Icpe ofer\u0103 o gam\u0103 larg\u0103 de produse particularizate, dezvoltate pentru a satisface cerin\u0163ele beneficiarilor din lumea \u00eentreag\u0103. Pentru a-\u015fi asigura succesul de pia\u0163\u0103 cu produsele sale, Icpe a fost totdeauna interesat de \u00een\u0163elegerea nevoilor \u015fi a\u015ftept\u0103rilor at\u00e2t ale beneficiarilor curen\u0163i c\u00e2t \u015fi a celor poten\u0163iali, identific\u00e2nd \u015fi aplic\u00e2nd metodele optime de evaluare a gradului de satistacere a cerin\u0163elor [&hellip;]<\/p>\n","protected":false},"author":1,"featured_media":0,"parent":0,"menu_order":265,"comment_status":"closed","ping_status":"closed","template":"","meta":[],"folder":[46],"_links":{"self":[{"href":"http:\/\/www.icpe.ro\/ro\/wp-json\/wp\/v2\/pages\/17900"}],"collection":[{"href":"http:\/\/www.icpe.ro\/ro\/wp-json\/wp\/v2\/pages"}],"about":[{"href":"http:\/\/www.icpe.ro\/ro\/wp-json\/wp\/v2\/types\/page"}],"author":[{"embeddable":true,"href":"http:\/\/www.icpe.ro\/ro\/wp-json\/wp\/v2\/users\/1"}],"replies":[{"embeddable":true,"href":"http:\/\/www.icpe.ro\/ro\/wp-json\/wp\/v2\/comments?post=17900"}],"version-history":[{"count":0,"href":"http:\/\/www.icpe.ro\/ro\/wp-json\/wp\/v2\/pages\/17900\/revisions"}],"wp:attachment":[{"href":"http:\/\/www.icpe.ro\/ro\/wp-json\/wp\/v2\/media?parent=17900"}],"wp:term":[{"taxonomy":"folder","embeddable":true,"href":"http:\/\/www.icpe.ro\/ro\/wp-json\/wp\/v2\/folder?post=17900"}],"curies":[{"name":"wp","href":"https:\/\/api.w.org\/{rel}","templated":true}]}}