{"id":17836,"date":"2017-10-31T16:30:17","date_gmt":"2017-10-31T13:30:17","guid":{"rendered":"http:\/\/www.incdie-icpe.ro\/ro\/?page_id=17836"},"modified":"2021-03-01T18:22:20","modified_gmt":"2021-03-01T15:22:20","slug":"cabluri-electrice-speciale","status":"publish","type":"page","link":"http:\/\/www.icpe.ro\/ro\/cabluri-electrice-speciale\/","title":{"rendered":"Cabluri Electrice Speciale"},"content":{"rendered":"<p>[vc_row type=&#8221;full_width_section&#8221; video_bg=&#8221;use_video&#8221; video_mp4=&#8221;\/w-files\/Cables.mp4&#8243; video_image=&#8221;17415&#8243; text_align=&#8221;center&#8221; top_padding=&#8221;100&#8243; bottom_padding=&#8221;100&#8243;][vc_column width=&#8221;1\/1&#8243;]<h1 class=\"headline font-inherit fontsize-l fontweight-800 lh-inherit align-center transform-inherit \" style=\"margin: 0 0 20px 0;\">CABLURI ELECTRICE SPECIALE<\/h1><div class=\"spacer\" style=\"height: 100px;\"><\/div>[\/vc_column][\/vc_row][vc_row][vc_column width=&#8221;1\/2&#8243;]<h2 class=\"headline font-inherit fontsize-xs fontweight-inherit lh-inherit align-left transform-inherit \" style=\"margin: 40px 40px 20px 0;\">Icpe, o companie cu o \u00eendelungat\u0103 experien\u0163\u0103 \u00een produc\u0163ia cablurilor electrice de\u0163ine singura linie de fabrica\u0163ie din \u0163ar\u0103 pentru cabluri \u015fi conductoare cu izola\u0163ie din r\u0103\u015fin\u0103 fluorocarbonic\u0103 pentru temperaturi \u00eenalte (200\u00b0C), destinate func\u0163ion\u0103rii \u00een medii agresive chimic \u015fi mecanic, cu rezisten\u0163\u0103 m\u0103rit\u0103 la propagarea fl\u0103c\u0103rii. Cercet\u0103rile continue contribuie la realizarea unor noi serii de produse competitive \u00een conformitate cu standardele SR EN ISO 9001:2008, SR EN ISO 14001\/2005.<\/h2>[\/vc_column][vc_column width=&#8221;1\/2&#8243;]<div class=\"spacer\" style=\"height: 50px;\"><\/div><a href=\"http:\/\/www.icpe.ro\/files\/0\/icpe_cabluri_2012_OK.pdf\" target=\"_blank\" class=\"button color-3 small \" style=\"border-radius: 2px;\"><i class='fa fa-file-text'><\/i>Bro\u0219ura Cabluri Electrice Speciale<\/a><a href=\"http:\/\/www.icpe.ro\/files\/0\/Plasa_de_Incalzire_Icpe_2014.pdf\" target=\"_blank\" class=\"button color-3 small \" style=\"border-radius: 2px;\"><i class='fa fa-file-text'><\/i>Bro\u0219ura \u00cenc\u0103lzire Electric\u0103 \u00een Pardoseal\u0103 &#8211; Plas\u0103 \u00cenc\u0103lzire <\/a><a href=\"http:\/\/www.icpe.ro\/files\/0\/Cablu_de_Incalzire_Icpe_2014.pdf\" target=\"_blank\" class=\"button color-3 small \" style=\"border-radius: 2px;\"><i class='fa fa-file-text'><\/i>Bro\u0219ura \u00cenc\u0103lzire Electric\u0103 \u00een Pardoseal\u0103 &#8211; Cablu \u00cenc\u0103lzire <\/a>[\/vc_column][\/vc_row][vc_row][vc_column width=&#8221;1\/2&#8243;]<h2 class=\"headline font-inherit fontsize-xs fontweight-700 lh-inherit align-left transform-inherit \" style=\"margin: 40px 40px 20px 0;\">Materiale utilizate \u00een produc\u0163ia de cabluri electrice:<\/h2><h2 class=\"headline font-inherit fontsize-xs fontweight-inherit lh-inherit align-left transform-inherit \" style=\"margin: 40px 40px 20px 0;\">1. Cupru unifilar sau li\u0163at, neacoperit, stanat sau argintat pentru conductori \u015fi cabluri electrice de joas\u0103 tensiune<br \/>\n2. Aliaje rezistive cupru-nichel pentru cabluri de \u00eenc\u0103lzire electric\u0103<br \/>\n3. Aliaj nichel-crom pentru cablurile de detec\u0163ie a pierderilor de abur \u00een magistralele termice<br \/>\n4. Aliaje nichel-crom, nichel-aluminiu, cupru-nichel pentru cabluri de extensie termocupluri<br \/>\n5. R\u0103\u015fin\u0103 fluorocarbonic\u0103 FEP, PFA Dyneon\u00ae, poliuretan termoplast TPU, PVC pentru izolare\/aplicare manta cabluri<br \/>\n6. Fibra de sticl\u0103 pentru protec\u0163ia termic\u0103 a conductorilor \u015fi cablurilor<br \/>\n7. Cupru stanat pentru ecranarea cablurilor speciale, cu grad de acoperire de min. 85%<\/p>\n<p>Folosind materiale precum FEP, fibr\u0103 de sticl\u0103, PVC TI3, TPU, Icpe produce o gam\u0103 larg\u0103 de conductori speciali, cabluri de detec\u0163ie, cabluri de compensare \u015fi extensie pentru termocupluri, cabluri de \u00eenc\u0103lzire care, \u00een func\u0163ie de configura\u0163ie, pot fi utilizate pentru conexiuni electrice, \u00eenc\u0103lzire \u015fi degivrare, echipamente electrice pentru automatiz\u0103ri, cuptoare industriale etc.<\/h2>[\/vc_column][vc_column width=&#8221;1\/2&#8243;]<h2 class=\"headline font-inherit fontsize-xs fontweight-700 lh-inherit align-left transform-inherit \" style=\"margin: 40px 40px 20px 0;\">Icpe produce:<\/h2><h2 class=\"headline font-inherit fontsize-xs fontweight-inherit lh-inherit align-left transform-inherit \" style=\"margin: 40px 40px 20px 0;\">1. Conductori electrici cu izola\u0163ie din r\u0103\u015fin\u0103 fluorocarbonic\u0103 FEP Dyneon\u00ae pentru temperaturi \u00eenalte (200 \u00baC) \u015fi tensiune de func\u0163ionare 250\/600\/1000V, utiliza\u0163i pentru realizarea conexiunilor interioare \u00een echipamente electronice fixe sau mobile<br \/>\n2. Cabluri mono\/multipolare din cupru, cu izola\u0163ie \u015fi manta din r\u0103\u015fin\u0103 fluorocarbonic\u0103 FEP, cu ecran din cupru stanat, utilizate \u00een automatiz\u0103ri, pentru comand\u0103, transmitere semnal<br \/>\n3. Cabluri de prelungire \u015fi compensare pentru termocupluri, pentru realizarea conexiunii electrice \u00eentre capetele libere ale termocuplului \u015fi echipamentele de m\u0103sur\u0103 \u015fi control<br \/>\n4. Cablu de detec\u0163ie a avariilor magistralelor termice destinat echip\u0103rii \u0163evilor preizolate din componen\u0163a magistralelor termice<br \/>\n5. Cabluri de \u00eenc\u0103lzire electric\u0103 cu puteri intre 300W si 3000W pentru \u00eenc\u0103lzire electric\u0103 \u00een pardoseal\u0103, pl\u0103ci minerale radiante, degivrare conducte \u015fi \u0163evi, degivrare alei, rampe de acces, sc\u0103ri exterioare, parc\u0103ri, etc.<br \/>\n6. Trese flexibile metalice din s\u00e2rm\u0103 de cupru stanat pentru ecranare electromagnetic\u0103 \u015fi protec\u0163ie mecanic\u0103<\/h2><div class=\"spacer\" style=\"height: 10px;\"><\/div>[\/vc_column][\/vc_row][vc_row bg_image=&#8221;17865&#8243; parallax_bg=&#8221;true&#8221; top_padding=&#8221;200&#8243; bottom_padding=&#8221;200&#8243;][vc_column width=&#8221;1\/4&#8243;][\/vc_column][vc_column width=&#8221;1\/2&#8243;][vc_tta_accordion style=&#8221;flat&#8221; color=&#8221;black&#8221; c_align=&#8221;center&#8221; active_section=&#8221;&#8221; no_fill=&#8221;true&#8221; collapsible_all=&#8221;true&#8221;][vc_tta_section title=&#8221;<span style =``color:white;``>CERE OFERTA<\/span>&#8221; tab_id=&#8221;1509525379031-f2541fa9-b0f8&#8243;]<div role=\"form\" class=\"wpcf7\" id=\"wpcf7-f19337-o1\" lang=\"en-US\" dir=\"ltr\">\n<div class=\"screen-reader-response\" aria-live=\"polite\"><\/div>\n<form action=\"\/ro\/wp-json\/wp\/v2\/pages\/17836#wpcf7-f19337-o1\" method=\"post\" class=\"wpcf7-form\" enctype=\"multipart\/form-data\" novalidate=\"novalidate\">\n<div style=\"display: none;\">\n<input type=\"hidden\" name=\"_wpcf7\" value=\"19337\" \/>\n<input type=\"hidden\" name=\"_wpcf7_version\" value=\"5.1.9\" \/>\n<input type=\"hidden\" name=\"_wpcf7_locale\" value=\"en_US\" \/>\n<input type=\"hidden\" name=\"_wpcf7_unit_tag\" value=\"wpcf7-f19337-o1\" \/>\n<input type=\"hidden\" name=\"_wpcf7_container_post\" value=\"0\" \/>\n<\/div>\n<div class=\"box style-3 wpb_content_element\">\n<p>Numele dumneavoastr\u0103<br \/>\n    <span class=\"wpcf7-form-control-wrap your-name\"><input type=\"text\" name=\"your-name\" value=\"\" size=\"40\" class=\"wpcf7-form-control wpcf7-text wpcf7-validates-as-required\" aria-required=\"true\" aria-invalid=\"false\" \/><\/span> <\/p>\n<p>Companie<br \/>\n    <span class=\"wpcf7-form-control-wrap company\"><input type=\"text\" name=\"company\" value=\"\" size=\"40\" class=\"wpcf7-form-control wpcf7-text wpcf7-validates-as-required\" aria-required=\"true\" aria-invalid=\"false\" \/><\/span> <\/p>\n<p>E-Mail<br \/>\n    <span class=\"wpcf7-form-control-wrap your-email\"><input type=\"email\" name=\"your-email\" value=\"\" size=\"40\" class=\"wpcf7-form-control wpcf7-text wpcf7-email wpcf7-validates-as-required wpcf7-validates-as-email\" aria-required=\"true\" aria-invalid=\"false\" \/><\/span> <\/p>\n<p>Telefon<br \/>\n    <span class=\"wpcf7-form-control-wrap phone\"><input type=\"text\" name=\"phone\" value=\"\" size=\"40\" class=\"wpcf7-form-control wpcf7-text wpcf7-validates-as-required\" aria-required=\"true\" aria-invalid=\"false\" \/><\/span> <\/p>\n<p>Detalii<br \/>\n    <span class=\"wpcf7-form-control-wrap details\"><input type=\"text\" name=\"details\" value=\"\" size=\"40\" class=\"wpcf7-form-control wpcf7-text wpcf7-validates-as-required\" aria-required=\"true\" aria-invalid=\"false\" \/><\/span> <\/p>\n<p>\u00cencarc\u0103 fi\u0219ier (op\u021bional)<br \/>\n<span class=\"wpcf7-form-control-wrap file-793\"><input type=\"file\" name=\"file-793\" size=\"40\" class=\"wpcf7-form-control wpcf7-file\" accept=\".png,.jpg,.doc,.pdf,.xlsx,.docx,.xls,.xlt,.xml\" aria-invalid=\"false\" \/><\/span> <\/p>\n<\/div>\n<p>\n<span class=\"wpcf7-form-control-wrap wpgdprc\"><span class=\"wpcf7-form-control wpcf7-validates-as-required wpcf7-wpgdprc\"><span class=\"wpcf7-list-item\"><input type=\"checkbox\" name=\"wpgdprc\" value=\"1\" aria-required=\"true\" aria-invalid=\"false\" \/><span class=\"wpcf7-list-item-label\">Sunt de acord cu procesarea datelor mele conform<\/span><\/span><\/span><\/span><br \/>\n&nbsp;&nbsp;&nbsp;&nbsp;&nbsp;&nbsp;&nbsp;<a href=\"http:\/\/www.icpe.ro\/ro\/politici\/protectia-datelor\/\" target=\"_blank\" title=\"Politicii de protec\u021bie a datelor\">Politicii de protec\u021bie a datelor<\/a><\/p>\n<p><input type=\"submit\" value=\"Cere Oferta\" class=\"wpcf7-form-control wpcf7-submit\" \/><\/p>\n<div class=\"wpcf7-response-output wpcf7-display-none\" aria-hidden=\"true\"><\/div><\/form><\/div>[\/vc_tta_section][\/vc_tta_accordion][\/vc_column][vc_column width=&#8221;1\/4&#8243;][\/vc_column][\/vc_row]<\/p>\n","protected":false},"excerpt":{"rendered":"<p>[vc_row type=&#8221;full_width_section&#8221; video_bg=&#8221;use_video&#8221; video_mp4=&#8221;\/w-files\/Cables.mp4&#8243; video_image=&#8221;17415&#8243; text_align=&#8221;center&#8221; top_padding=&#8221;100&#8243; bottom_padding=&#8221;100&#8243;][vc_column width=&#8221;1\/1&#8243;][\/vc_column][\/vc_row][vc_row][vc_column width=&#8221;1\/2&#8243;][\/vc_column][vc_column width=&#8221;1\/2&#8243;][\/vc_column][\/vc_row][vc_row][vc_column width=&#8221;1\/2&#8243;][\/vc_column][vc_column width=&#8221;1\/2&#8243;][\/vc_column][\/vc_row][vc_row bg_image=&#8221;17865&#8243; parallax_bg=&#8221;true&#8221; top_padding=&#8221;200&#8243; bottom_padding=&#8221;200&#8243;][vc_column width=&#8221;1\/4&#8243;][\/vc_column][vc_column width=&#8221;1\/2&#8243;][vc_tta_accordion style=&#8221;flat&#8221; color=&#8221;black&#8221; c_align=&#8221;center&#8221; active_section=&#8221;&#8221; no_fill=&#8221;true&#8221; collapsible_all=&#8221;true&#8221;][vc_tta_section title=&#8221;CERE OFERTA&#8221; tab_id=&#8221;1509525379031-f2541fa9-b0f8&#8243;][\/vc_tta_section][\/vc_tta_accordion][\/vc_column][vc_column width=&#8221;1\/4&#8243;][\/vc_column][\/vc_row]<\/p>\n","protected":false},"author":1,"featured_media":0,"parent":0,"menu_order":30,"comment_status":"closed","ping_status":"closed","template":"","meta":[],"folder":[],"_links":{"self":[{"href":"http:\/\/www.icpe.ro\/ro\/wp-json\/wp\/v2\/pages\/17836"}],"collection":[{"href":"http:\/\/www.icpe.ro\/ro\/wp-json\/wp\/v2\/pages"}],"about":[{"href":"http:\/\/www.icpe.ro\/ro\/wp-json\/wp\/v2\/types\/page"}],"author":[{"embeddable":true,"href":"http:\/\/www.icpe.ro\/ro\/wp-json\/wp\/v2\/users\/1"}],"replies":[{"embeddable":true,"href":"http:\/\/www.icpe.ro\/ro\/wp-json\/wp\/v2\/comments?post=17836"}],"version-history":[{"count":0,"href":"http:\/\/www.icpe.ro\/ro\/wp-json\/wp\/v2\/pages\/17836\/revisions"}],"wp:attachment":[{"href":"http:\/\/www.icpe.ro\/ro\/wp-json\/wp\/v2\/media?parent=17836"}],"wp:term":[{"taxonomy":"folder","embeddable":true,"href":"http:\/\/www.icpe.ro\/ro\/wp-json\/wp\/v2\/folder?post=17836"}],"curies":[{"name":"wp","href":"https:\/\/api.w.org\/{rel}","templated":true}]}}