{"id":17811,"date":"2017-09-27T11:33:24","date_gmt":"2017-09-27T08:33:24","guid":{"rendered":"http:\/\/www.incdie-icpe.ro\/ro\/?page_id=17811"},"modified":"2017-12-14T12:29:35","modified_gmt":"2017-12-14T09:29:35","slug":"dezvoltare-materiale-contact-electric-tip-w-cu-ni","status":"publish","type":"page","link":"http:\/\/www.icpe.ro\/ro\/lucrari-stiintifice\/dezvoltare-materiale-contact-electric-tip-w-cu-ni\/","title":{"rendered":"Dezvoltarea materialelor de contact electric de tip W-Cu-Ni cu propriet\u0103\u0163i mecanice \u00eembun\u0103t\u0103\u0163ite prin procesul Spark Plasma Sintering"},"content":{"rendered":"<p>[vc_row][vc_column bg_color=&#8221;#c6c6c6&#8243; column_padding=&#8221;custom-padding&#8221; column_custompadding=&#8221;37px 40px 40px 40px&#8221; width=&#8221;1\/2&#8243;]<h2 class=\"headline font-inherit fontsize-m fontweight-400 lh-inherit align-center transform-inherit \" style=\"margin: 0 0 20px 0;\">ABSTRACT<\/h2><h2 class=\"headline font-inherit fontsize-xs fontweight-400 lh-inherit align-left transform-inherit \" style=\"margin: 0 0 20px 0; color: #282828;\"><\/h2>[\/vc_column][vc_column column_padding=&#8221;custom-padding&#8221; column_custompadding=&#8221;40px 40px 40px 40px&#8221; width=&#8221;1\/2&#8243;]<h2 class=\"headline font-inherit fontsize-s fontweight-800 lh-inherit align-left transform-inherit \" style=\"margin: 0 0 20px 0; color: #dd3333;\">Dezvoltarea materialelor de contact electric de tip W-Cu-Ni cu propriet\u0103\u0163i mecanice \u00eembun\u0103t\u0103\u0163ite prin procesul Spark Plasma Sintering<\/h2>[vc_column_text]DATA:<strong> 2014<\/strong><\/p>\n<p>AUTORI: <strong>Magdalena LUNGU, Violeta TSAKIRIS, Elena ENESCU, Delia P\u0102TROI, Virgil MARINESCU, Dorinel T\u0102LPEANU, Dan PAVELESCU, Gheorghe DUMITRESCU, Alexandru RADULIAN <\/strong><\/p>\n<p>PUBLICAT \u00ceN:<strong> Acta Physica Polonica A, Vol 125 (2014), No. 2, p. 327-330, ISSN: [e]1898-794X ; [p]0587-4246<br \/>\n<\/strong>[\/vc_column_text]<a href=\"http:\/\/przyrbwn.icm.edu.pl\/APP\/PDF\/125\/a125z2p052.pdf\" target=\"_blank\" class=\"button color-5 small \" style=\"border-radius: 2px;\"><i class='fa fa-file-pdf-o'><\/i>Descarc\u0103 lucrarea<\/a>[\/vc_column][\/vc_row]<\/p>\n","protected":false},"excerpt":{"rendered":"<p>[vc_row][vc_column bg_color=&#8221;#c6c6c6&#8243; column_padding=&#8221;custom-padding&#8221; column_custompadding=&#8221;37px 40px 40px 40px&#8221; width=&#8221;1\/2&#8243;][\/vc_column][vc_column column_padding=&#8221;custom-padding&#8221; column_custompadding=&#8221;40px 40px 40px 40px&#8221; width=&#8221;1\/2&#8243;][vc_column_text]DATA: 2014 AUTORI: Magdalena LUNGU, Violeta TSAKIRIS, Elena ENESCU, Delia P\u0102TROI, Virgil MARINESCU, Dorinel T\u0102LPEANU, Dan PAVELESCU, Gheorghe DUMITRESCU, Alexandru RADULIAN PUBLICAT \u00ceN: Acta Physica Polonica A, Vol 125 (2014), No. 2, p. 327-330, ISSN: [e]1898-794X ; [p]0587-4246 [\/vc_column_text][\/vc_column][\/vc_row]<\/p>\n","protected":false},"author":2,"featured_media":0,"parent":17451,"menu_order":111,"comment_status":"closed","ping_status":"closed","template":"","meta":[],"folder":[43],"_links":{"self":[{"href":"http:\/\/www.icpe.ro\/ro\/wp-json\/wp\/v2\/pages\/17811"}],"collection":[{"href":"http:\/\/www.icpe.ro\/ro\/wp-json\/wp\/v2\/pages"}],"about":[{"href":"http:\/\/www.icpe.ro\/ro\/wp-json\/wp\/v2\/types\/page"}],"author":[{"embeddable":true,"href":"http:\/\/www.icpe.ro\/ro\/wp-json\/wp\/v2\/users\/2"}],"replies":[{"embeddable":true,"href":"http:\/\/www.icpe.ro\/ro\/wp-json\/wp\/v2\/comments?post=17811"}],"version-history":[{"count":0,"href":"http:\/\/www.icpe.ro\/ro\/wp-json\/wp\/v2\/pages\/17811\/revisions"}],"up":[{"embeddable":true,"href":"http:\/\/www.icpe.ro\/ro\/wp-json\/wp\/v2\/pages\/17451"}],"wp:attachment":[{"href":"http:\/\/www.icpe.ro\/ro\/wp-json\/wp\/v2\/media?parent=17811"}],"wp:term":[{"taxonomy":"folder","embeddable":true,"href":"http:\/\/www.icpe.ro\/ro\/wp-json\/wp\/v2\/folder?post=17811"}],"curies":[{"name":"wp","href":"https:\/\/api.w.org\/{rel}","templated":true}]}}