{"id":17765,"date":"2017-09-27T08:37:29","date_gmt":"2017-09-27T05:37:29","guid":{"rendered":"http:\/\/www.incdie-icpe.ro\/ro\/?page_id=17765"},"modified":"2017-12-14T12:29:43","modified_gmt":"2017-12-14T09:29:43","slug":"materiale-contacte-electrice-tehnologia-spark-plasma-sintering","status":"publish","type":"page","link":"http:\/\/www.icpe.ro\/ro\/lucrari-stiintifice\/materiale-contacte-electrice-tehnologia-spark-plasma-sintering\/","title":{"rendered":"Materiale de contacte electrice ob\u0163inute prin tehnologia Spark Plasma Sintering  pentru contactoarele cu comuta\u0163ie \u00een vid"},"content":{"rendered":"<p>[vc_row][vc_column bg_color=&#8221;#c6c6c6&#8243; column_padding=&#8221;custom-padding&#8221; column_custompadding=&#8221;37px 40px 40px 40px&#8221; width=&#8221;1\/2&#8243;]<h2 class=\"headline font-inherit fontsize-m fontweight-400 lh-inherit align-center transform-inherit \" style=\"margin: 0 0 20px 0;\">ABSTRACT<\/h2><h2 class=\"headline font-inherit fontsize-xs fontweight-400 lh-inherit align-left transform-inherit \" style=\"margin: 0 0 20px 0; color: #282828;\"><\/h2>[\/vc_column][vc_column column_padding=&#8221;custom-padding&#8221; column_custompadding=&#8221;40px 40px 40px 40px&#8221; width=&#8221;1\/2&#8243;]<h2 class=\"headline font-inherit fontsize-s fontweight-800 lh-inherit align-left transform-inherit \" style=\"margin: 0 0 20px 0; color: #dd3333;\">Materiale de contacte electrice ob\u0163inute prin tehnologia Spark Plasma Sintering pentru contactoarele cu comuta\u0163ie \u00een vid<\/h2>[vc_column_text]DATA:<strong> 2015<\/strong><\/p>\n<p>AUTORI:\u00a0<strong>Violeta TSAKIRIS, Elena ENESCU, Magdalena LUNGU, Mariana LUCACI, Alexandru RADULIAN, Dorinel T\u0102LPEANU, Gabriela SB\u00c2RCEA, Alina CARAMITU, Virgil MARINESCU, Ion IOANA<\/strong><\/p>\n<p>PREZENTAT LA:<strong> 9th INTERNATIONAL SYMPOSIUM ON ADVANCED TOPICS IN ELECTRICAL ENGINEERING, May 7-9, 2015 Bucharest, Romania, DOI:\u00a010.1109\/ATEE.2015.7133851, ISSN:\u00a02068-7966<br \/>\n<\/strong>[\/vc_column_text]<a href=\"http:\/\/ieeexplore.ieee.org\/document\/7133851\/\" target=\"_blank\" class=\"button color-5 small \" style=\"border-radius: 2px;\"><i class='fa fa-book'><\/i>Cite\u0219te online<\/a>[\/vc_column][\/vc_row]<\/p>\n","protected":false},"excerpt":{"rendered":"<p>[vc_row][vc_column bg_color=&#8221;#c6c6c6&#8243; column_padding=&#8221;custom-padding&#8221; column_custompadding=&#8221;37px 40px 40px 40px&#8221; width=&#8221;1\/2&#8243;][\/vc_column][vc_column column_padding=&#8221;custom-padding&#8221; column_custompadding=&#8221;40px 40px 40px 40px&#8221; width=&#8221;1\/2&#8243;][vc_column_text]DATA: 2015 AUTORI:\u00a0Violeta TSAKIRIS, Elena ENESCU, Magdalena LUNGU, Mariana LUCACI, Alexandru RADULIAN, Dorinel T\u0102LPEANU, Gabriela SB\u00c2RCEA, Alina CARAMITU, Virgil MARINESCU, Ion IOANA PREZENTAT LA: 9th INTERNATIONAL SYMPOSIUM ON ADVANCED TOPICS IN ELECTRICAL ENGINEERING, May 7-9, 2015 Bucharest, Romania, DOI:\u00a010.1109\/ATEE.2015.7133851, ISSN:\u00a02068-7966 [\/vc_column_text][\/vc_column][\/vc_row]<\/p>\n","protected":false},"author":2,"featured_media":0,"parent":17451,"menu_order":208,"comment_status":"closed","ping_status":"closed","template":"","meta":[],"folder":[43],"_links":{"self":[{"href":"http:\/\/www.icpe.ro\/ro\/wp-json\/wp\/v2\/pages\/17765"}],"collection":[{"href":"http:\/\/www.icpe.ro\/ro\/wp-json\/wp\/v2\/pages"}],"about":[{"href":"http:\/\/www.icpe.ro\/ro\/wp-json\/wp\/v2\/types\/page"}],"author":[{"embeddable":true,"href":"http:\/\/www.icpe.ro\/ro\/wp-json\/wp\/v2\/users\/2"}],"replies":[{"embeddable":true,"href":"http:\/\/www.icpe.ro\/ro\/wp-json\/wp\/v2\/comments?post=17765"}],"version-history":[{"count":0,"href":"http:\/\/www.icpe.ro\/ro\/wp-json\/wp\/v2\/pages\/17765\/revisions"}],"up":[{"embeddable":true,"href":"http:\/\/www.icpe.ro\/ro\/wp-json\/wp\/v2\/pages\/17451"}],"wp:attachment":[{"href":"http:\/\/www.icpe.ro\/ro\/wp-json\/wp\/v2\/media?parent=17765"}],"wp:term":[{"taxonomy":"folder","embeddable":true,"href":"http:\/\/www.icpe.ro\/ro\/wp-json\/wp\/v2\/folder?post=17765"}],"curies":[{"name":"wp","href":"https:\/\/api.w.org\/{rel}","templated":true}]}}