{"id":17755,"date":"2017-09-27T07:44:01","date_gmt":"2017-09-27T04:44:01","guid":{"rendered":"http:\/\/www.incdie-icpe.ro\/ro\/?page_id=17755"},"modified":"2017-12-14T12:29:46","modified_gmt":"2017-12-14T09:29:46","slug":"nou-sistem-management-energetic-cladiri-icpe","status":"publish","type":"page","link":"http:\/\/www.icpe.ro\/ro\/lucrari-stiintifice\/nou-sistem-management-energetic-cladiri-icpe\/","title":{"rendered":"Noul sistem de management energetic al cl\u0103dirii de birouri Icpe"},"content":{"rendered":"<p>[vc_row][vc_column bg_color=&#8221;#c6c6c6&#8243; column_padding=&#8221;custom-padding&#8221; column_custompadding=&#8221;37px 40px 40px 40px&#8221; width=&#8221;1\/2&#8243;]<h2 class=\"headline font-inherit fontsize-m fontweight-400 lh-inherit align-center transform-inherit \" style=\"margin: 0 0 20px 0;\">ABSTRACT<\/h2><h2 class=\"headline font-inherit fontsize-xs fontweight-400 lh-inherit align-left transform-inherit \" style=\"margin: 0 0 20px 0; color: #282828;\">Aceast\u0103 lucrare prezint\u0103 \u00eembun\u0103t\u0103\u0163irile aduse cl\u0103dirii de birouri Icpe. Conceptul, care se afl\u0103 \u00een spatele noului sistem de management al energiei din cl\u0103dire (BEMS), se bazeaz\u0103 pe extinderea capacit\u0103\u0163ilor existente \u00een ceea ce prive\u015fte conexiunile \u015fi intr\u0103rile \u00een sistem \u015fi cre\u015fterea num\u0103rului de senzori \u015fi contoare pentru a \u00eembun\u0103t\u0103\u0163i calitatea general\u0103 a datelor, reu\u015find s\u0103 izoleze zone mici din cl\u0103dire. Informa\u0163iile prezentate se bazeaz\u0103 pe toate fluidele energetice g\u0103site \u00een Icpe Office Building, cum ar fi agentul de \u00eenc\u0103lzire, agentul de r\u0103cire, curentul electric \u015fi apa menajer\u0103. S-a realizat o analiz\u0103 de profunzime a modului de func\u0163ionare al sistemelor de cl\u0103diri \u015fi pe baza acesteia o strategie adecvat\u0103 care a fost dezvoltat\u0103 pentru a monitoriza \u015fi controla toate aspectele importante ale cl\u0103dirii.<\/h2>[\/vc_column][vc_column column_padding=&#8221;custom-padding&#8221; column_custompadding=&#8221;40px 40px 40px 40px&#8221; width=&#8221;1\/2&#8243;]<h2 class=\"headline font-inherit fontsize-s fontweight-800 lh-inherit align-left transform-inherit \" style=\"margin: 0 0 20px 0; color: #dd3333;\">Noul sistem de management energetic al cl\u0103dirii de birouri Icpe<\/h2>[vc_column_text]DATA:<strong> 2015<\/strong><\/p>\n<p>AUTORI:\u00a0<strong>Bogdan ONOSE, Cristian BOBOC, Mihaela CHEFNEUX<\/strong><\/p>\n<p>PUBLICAT \u00ceN:<strong> EEA 2015 | vol. 63 | nr. 4 | art. 5<br \/>\n<\/strong>[\/vc_column_text]<a href=\"http:\/\/www.eea-journal.ro\/ro\/d\/5\/p\/EEA63_4_5\" target=\"_blank\" class=\"button color-5 small \" style=\"border-radius: 2px;\"><i class='fa fa-book'><\/i>Cite\u0219te online<\/a><a href=\"http:\/\/www.eea-journal.ro\/includes\/showArticle.php?identificatorArticol=526\" target=\"_blank\" class=\"button color-5 small \" style=\"border-radius: 2px;\"><i class='fa fa-file-pdf-o'><\/i>Descarc\u0103 lucrarea<\/a>[\/vc_column][\/vc_row]<\/p>\n","protected":false},"excerpt":{"rendered":"<p>[vc_row][vc_column bg_color=&#8221;#c6c6c6&#8243; column_padding=&#8221;custom-padding&#8221; column_custompadding=&#8221;37px 40px 40px 40px&#8221; width=&#8221;1\/2&#8243;][\/vc_column][vc_column column_padding=&#8221;custom-padding&#8221; column_custompadding=&#8221;40px 40px 40px 40px&#8221; width=&#8221;1\/2&#8243;][vc_column_text]DATA: 2015 AUTORI:\u00a0Bogdan ONOSE, Cristian BOBOC, Mihaela CHEFNEUX PUBLICAT \u00ceN: EEA 2015 | vol. 63 | nr. 4 | art. 5 [\/vc_column_text][\/vc_column][\/vc_row]<\/p>\n","protected":false},"author":2,"featured_media":0,"parent":17451,"menu_order":248,"comment_status":"closed","ping_status":"closed","template":"","meta":[],"folder":[43],"_links":{"self":[{"href":"http:\/\/www.icpe.ro\/ro\/wp-json\/wp\/v2\/pages\/17755"}],"collection":[{"href":"http:\/\/www.icpe.ro\/ro\/wp-json\/wp\/v2\/pages"}],"about":[{"href":"http:\/\/www.icpe.ro\/ro\/wp-json\/wp\/v2\/types\/page"}],"author":[{"embeddable":true,"href":"http:\/\/www.icpe.ro\/ro\/wp-json\/wp\/v2\/users\/2"}],"replies":[{"embeddable":true,"href":"http:\/\/www.icpe.ro\/ro\/wp-json\/wp\/v2\/comments?post=17755"}],"version-history":[{"count":0,"href":"http:\/\/www.icpe.ro\/ro\/wp-json\/wp\/v2\/pages\/17755\/revisions"}],"up":[{"embeddable":true,"href":"http:\/\/www.icpe.ro\/ro\/wp-json\/wp\/v2\/pages\/17451"}],"wp:attachment":[{"href":"http:\/\/www.icpe.ro\/ro\/wp-json\/wp\/v2\/media?parent=17755"}],"wp:term":[{"taxonomy":"folder","embeddable":true,"href":"http:\/\/www.icpe.ro\/ro\/wp-json\/wp\/v2\/folder?post=17755"}],"curies":[{"name":"wp","href":"https:\/\/api.w.org\/{rel}","templated":true}]}}