{"id":17723,"date":"2017-09-26T09:27:40","date_gmt":"2017-09-26T06:27:40","guid":{"rendered":"http:\/\/www.incdie-icpe.ro\/ro\/?page_id=17723"},"modified":"2017-12-14T12:29:33","modified_gmt":"2017-12-14T09:29:33","slug":"componente-electromecanice-sisteme-high-tech","status":"publish","type":"page","link":"http:\/\/www.icpe.ro\/ro\/lucrari-stiintifice\/componente-electromecanice-sisteme-high-tech\/","title":{"rendered":"Componente electromecanice pentru sisteme high-tech direct drive realizate cu linii tehnologice flexibile"},"content":{"rendered":"<p>[vc_row][vc_column bg_color=&#8221;#c6c6c6&#8243; column_padding=&#8221;custom-padding&#8221; column_custompadding=&#8221;37px 40px 40px 40px&#8221; width=&#8221;1\/2&#8243;]<h2 class=\"headline font-inherit fontsize-m fontweight-400 lh-inherit align-center transform-inherit \" style=\"margin: 0 0 20px 0;\">ABSTRACT<\/h2><h2 class=\"headline font-inherit fontsize-xs fontweight-400 lh-inherit align-left transform-inherit \" style=\"margin: 0 0 20px 0; color: #282828;\">\u00cen lucrare se prezint\u0103 proiectul de cercetare cu titlul &#8221;Componente electronice mecanice pentru sistemele de ac\u021bionare direct\u0103 de \u00eenalt\u0103 tehnologie dezvoltate folosind linii de produc\u021bie flexibile&#8221;. Sunt prezentate datele generale, obiectivele \u0219i capacitatea de realizare. Autorii insist\u0103 asupra rezultatelor ob\u021binute: o serie de motoare de cuplu cu sub-serii &#8211; o serie de motoare cu cuplu cu perii \u0219i o serie de motoare cu cuplu limitat, un serie de ma\u0219ini electrice rotative cu ac\u021bionare direct\u0103 \u0219i o serie de ma\u0219ini electrice liniare . Produsele propuse \u00een prezentul proiect sunt construite cu linii tehnologice flexibile, care permit execu\u021bia rapid\u0103 cu costuri minime ale ma\u0219inilor electrice de \u00eenalt\u0103 tehnologie, serii mici av\u00e2nd caracteristici diferite.<\/h2>[\/vc_column][vc_column column_padding=&#8221;custom-padding&#8221; column_custompadding=&#8221;40px 40px 40px 40px&#8221; width=&#8221;1\/2&#8243;]<h2 class=\"headline font-inherit fontsize-s fontweight-800 lh-inherit align-left transform-inherit \" style=\"margin: 0 0 20px 0; color: #dd3333;\">Componente electromecanice pentru sisteme high-tech direct drive realizate cu linii tehnologice flexibile<\/h2>[vc_column_text]DATA:<strong> 2015<\/strong><\/p>\n<p>AUTORI: <strong>Paul MINCIUNESCU, Mircea MODREANU<\/strong><\/p>\n<p>PUBLICAT \u00ceN:<strong> EEA 2015 | vol. 63 | nr. 4 | art. 1<\/strong>[\/vc_column_text]<a href=\"http:\/\/www.eea-journal.ro\/ro\/d\/5\/p\/EEA63_4_1\" target=\"_blank\" class=\"button color-5 small \" style=\"border-radius: 2px;\"><i class='fa fa-book'><\/i>Cite\u0219te online<\/a><a href=\"http:\/\/www.eea-journal.ro\/includes\/showArticle.php?identificatorArticol=522\" target=\"_blank\" class=\"button color-5 small \" style=\"border-radius: 2px;\"><i class='fa fa-file-pdf-o'><\/i>Descarc\u0103 lucrarea<\/a>[\/vc_column][\/vc_row]<\/p>\n","protected":false},"excerpt":{"rendered":"<p>[vc_row][vc_column bg_color=&#8221;#c6c6c6&#8243; column_padding=&#8221;custom-padding&#8221; column_custompadding=&#8221;37px 40px 40px 40px&#8221; width=&#8221;1\/2&#8243;][\/vc_column][vc_column column_padding=&#8221;custom-padding&#8221; column_custompadding=&#8221;40px 40px 40px 40px&#8221; width=&#8221;1\/2&#8243;][vc_column_text]DATA: 2015 AUTORI: Paul MINCIUNESCU, Mircea MODREANU PUBLICAT \u00ceN: EEA 2015 | vol. 63 | nr. 4 | art. 1[\/vc_column_text][\/vc_column][\/vc_row]<\/p>\n","protected":false},"author":2,"featured_media":0,"parent":17451,"menu_order":42,"comment_status":"closed","ping_status":"closed","template":"","meta":[],"folder":[43],"_links":{"self":[{"href":"http:\/\/www.icpe.ro\/ro\/wp-json\/wp\/v2\/pages\/17723"}],"collection":[{"href":"http:\/\/www.icpe.ro\/ro\/wp-json\/wp\/v2\/pages"}],"about":[{"href":"http:\/\/www.icpe.ro\/ro\/wp-json\/wp\/v2\/types\/page"}],"author":[{"embeddable":true,"href":"http:\/\/www.icpe.ro\/ro\/wp-json\/wp\/v2\/users\/2"}],"replies":[{"embeddable":true,"href":"http:\/\/www.icpe.ro\/ro\/wp-json\/wp\/v2\/comments?post=17723"}],"version-history":[{"count":0,"href":"http:\/\/www.icpe.ro\/ro\/wp-json\/wp\/v2\/pages\/17723\/revisions"}],"up":[{"embeddable":true,"href":"http:\/\/www.icpe.ro\/ro\/wp-json\/wp\/v2\/pages\/17451"}],"wp:attachment":[{"href":"http:\/\/www.icpe.ro\/ro\/wp-json\/wp\/v2\/media?parent=17723"}],"wp:term":[{"taxonomy":"folder","embeddable":true,"href":"http:\/\/www.icpe.ro\/ro\/wp-json\/wp\/v2\/folder?post=17723"}],"curies":[{"name":"wp","href":"https:\/\/api.w.org\/{rel}","templated":true}]}}