{"id":17715,"date":"2017-09-26T08:27:18","date_gmt":"2017-09-26T05:27:18","guid":{"rendered":"http:\/\/www.incdie-icpe.ro\/ro\/?page_id=17715"},"modified":"2017-12-14T12:29:48","modified_gmt":"2017-12-14T09:29:48","slug":"proiectare-modelare-motor-hibrid","status":"publish","type":"page","link":"http:\/\/www.icpe.ro\/ro\/lucrari-stiintifice\/proiectare-modelare-motor-hibrid\/","title":{"rendered":"Proiectarea \u015fi modelarea unui motor pas cu pas hibrid"},"content":{"rendered":"<p>[vc_row][vc_column bg_color=&#8221;#c6c6c6&#8243; column_padding=&#8221;custom-padding&#8221; column_custompadding=&#8221;37px 40px 40px 40px&#8221; width=&#8221;1\/2&#8243;]<h2 class=\"headline font-inherit fontsize-m fontweight-400 lh-inherit align-center transform-inherit \" style=\"margin: 0 0 20px 0;\">ABSTRACT<\/h2><h2 class=\"headline font-inherit fontsize-xs fontweight-400 lh-inherit align-left transform-inherit \" style=\"margin: 0 0 20px 0; color: #282828;\">Aceast\u0103 lucrare prezint\u0103 rezultatele model\u0103rii numerice tridimensionale pentru un motor pas cu pas hibrid, ob\u0163inute utiliz\u00e2nd metoda elementului finit, \u00een stadiul de proiectare. Proiectarea motorului pas cu pas hibrid pentru realizarea unei performan\u0163e specifice necesit\u0103 o dimensionare geometric\u0103 adecvat\u0103. Studiul ofer\u0103 solu\u0163ii economice \u015fi tehnice optime ob\u0163inute prin \u00eembun\u0103t\u0103\u0163iri succesive efectuate \u00een faza de proiectare, ob\u0163inute prin modelarea numeric\u0103 \u00een acord cu cerin\u0163ele specifica\u0163iei produsului.<\/h2>[\/vc_column][vc_column column_padding=&#8221;custom-padding&#8221; column_custompadding=&#8221;40px 40px 40px 40px&#8221; width=&#8221;1\/2&#8243;]<h2 class=\"headline font-inherit fontsize-s fontweight-800 lh-inherit align-left transform-inherit \" style=\"margin: 0 0 20px 0; color: #dd3333;\">Proiectarea \u015fi modelarea unui motor pas cu pas hibrid<\/h2>[vc_column_text]DATA:<strong> 2017<\/strong><\/p>\n<p>AUTORI: <strong>Ioana IONIC\u0102, Mircea MODREANU, Alexandru MOREGA, Cristian BOBOC<\/strong><\/p>\n<p>PREZENTAT LA:<strong> THE 10th INTERNATIONAL SYMPOSIUM ON ADVANCED TOPICS IN ELECTRICAL ENGINEERING, 2017, Bucharest, Romania.<br \/>\n<\/strong>[\/vc_column_text]<a href=\"http:\/\/ieeexplore.ieee.org\/document\/7905081\/\" target=\"_blank\" class=\"button color-5 small \" style=\"border-radius: 2px;\"><i class='fa fa-book'><\/i>Cite\u0219te online<\/a>[\/vc_column][\/vc_row]<\/p>\n","protected":false},"excerpt":{"rendered":"<p>[vc_row][vc_column bg_color=&#8221;#c6c6c6&#8243; column_padding=&#8221;custom-padding&#8221; column_custompadding=&#8221;37px 40px 40px 40px&#8221; width=&#8221;1\/2&#8243;][\/vc_column][vc_column column_padding=&#8221;custom-padding&#8221; column_custompadding=&#8221;40px 40px 40px 40px&#8221; width=&#8221;1\/2&#8243;][vc_column_text]DATA: 2017 AUTORI: Ioana IONIC\u0102, Mircea MODREANU, Alexandru MOREGA, Cristian BOBOC PREZENTAT LA: THE 10th INTERNATIONAL SYMPOSIUM ON ADVANCED TOPICS IN ELECTRICAL ENGINEERING, 2017, Bucharest, Romania. [\/vc_column_text][\/vc_column][\/vc_row]<\/p>\n","protected":false},"author":2,"featured_media":0,"parent":17451,"menu_order":295,"comment_status":"closed","ping_status":"closed","template":"","meta":[],"folder":[43],"_links":{"self":[{"href":"http:\/\/www.icpe.ro\/ro\/wp-json\/wp\/v2\/pages\/17715"}],"collection":[{"href":"http:\/\/www.icpe.ro\/ro\/wp-json\/wp\/v2\/pages"}],"about":[{"href":"http:\/\/www.icpe.ro\/ro\/wp-json\/wp\/v2\/types\/page"}],"author":[{"embeddable":true,"href":"http:\/\/www.icpe.ro\/ro\/wp-json\/wp\/v2\/users\/2"}],"replies":[{"embeddable":true,"href":"http:\/\/www.icpe.ro\/ro\/wp-json\/wp\/v2\/comments?post=17715"}],"version-history":[{"count":0,"href":"http:\/\/www.icpe.ro\/ro\/wp-json\/wp\/v2\/pages\/17715\/revisions"}],"up":[{"embeddable":true,"href":"http:\/\/www.icpe.ro\/ro\/wp-json\/wp\/v2\/pages\/17451"}],"wp:attachment":[{"href":"http:\/\/www.icpe.ro\/ro\/wp-json\/wp\/v2\/media?parent=17715"}],"wp:term":[{"taxonomy":"folder","embeddable":true,"href":"http:\/\/www.icpe.ro\/ro\/wp-json\/wp\/v2\/folder?post=17715"}],"curies":[{"name":"wp","href":"https:\/\/api.w.org\/{rel}","templated":true}]}}