{"id":17704,"date":"2017-09-26T07:25:19","date_gmt":"2017-09-26T04:25:19","guid":{"rendered":"http:\/\/www.incdie-icpe.ro\/ro\/?page_id=17704"},"modified":"2017-12-14T12:29:44","modified_gmt":"2017-12-14T09:29:44","slug":"modelare-tridimensionala-motor-cuplu-2","status":"publish","type":"page","link":"http:\/\/www.icpe.ro\/ro\/lucrari-stiintifice\/modelare-tridimensionala-motor-cuplu-2\/","title":{"rendered":"Modelare tridimensional\u0103 pentru un motor de cuplu cu unghi limitat de talie 16 (2)"},"content":{"rendered":"<p>[vc_row][vc_column bg_color=&#8221;#c6c6c6&#8243; column_padding=&#8221;custom-padding&#8221; column_custompadding=&#8221;37px 40px 40px 40px&#8221; width=&#8221;1\/2&#8243;]<h2 class=\"headline font-inherit fontsize-m fontweight-400 lh-inherit align-center transform-inherit \" style=\"margin: 0 0 20px 0;\">ABSTRACT<\/h2><h2 class=\"headline font-inherit fontsize-xs fontweight-400 lh-inherit align-left transform-inherit \" style=\"margin: 0 0 20px 0; color: #282828;\">Aceast\u0103 lucrare isi propune modelarea tridimensional\u0103 a unui motor cu cuplu cu unghi limitat folosind metoda elementelor finite, \u00een faza de proiectare. Rezultatele modelului tridimensional sunt comparate cu cele ale unui model bidimensional simplificat, utilizat \u00een mod obi\u0219nuit, iar avantajele sunt prezentate \u0219i discutate. Rezultatele de simulare numeric\u0103 3D sunt apoi verificate pe baza modelului experimental, cu scopul de a valida avantajele \u0219i precizia utiliz\u0103rii analizei FEM \u00een faza de proiectare a fabric\u0103rii prototipului.<\/h2>[\/vc_column][vc_column column_padding=&#8221;custom-padding&#8221; column_custompadding=&#8221;40px 40px 40px 40px&#8221; width=&#8221;1\/2&#8243;]<h2 class=\"headline font-inherit fontsize-s fontweight-800 lh-inherit align-left transform-inherit \" style=\"margin: 0 0 20px 0; color: #dd3333;\">Modelare tridimensional\u0103 pentru un motor de cuplu cu unghi limitat de talie 16 (2)<\/h2>[vc_column_text]DATA:<strong> 2016<\/strong><\/p>\n<p>AUTORI: <strong>Ioana IONIC\u0102, Mircea MODREANU, Alexandru MOREGA, Cristian BOBOC<\/strong><\/p>\n<p>PREZENTAT LA:<strong> Conferin\u0163\u0103 \u015fi Expozi\u0163ie Interna\u0163ional\u0103 \u00een Energetic\u0103 \u015fi Inginerie Electric\u0103, EPE, Ia\u015fi, 2016<br \/>\n<\/strong>[\/vc_column_text]<a href=\"http:\/\/ieeexplore.ieee.org\/document\/7781339\/\" target=\"_blank\" class=\"button color-5 small \" style=\"border-radius: 2px;\"><i class='fa fa-book'><\/i>Cite\u0219te online<\/a>[\/vc_column][\/vc_row]<\/p>\n","protected":false},"excerpt":{"rendered":"<p>[vc_row][vc_column bg_color=&#8221;#c6c6c6&#8243; column_padding=&#8221;custom-padding&#8221; column_custompadding=&#8221;37px 40px 40px 40px&#8221; width=&#8221;1\/2&#8243;][\/vc_column][vc_column column_padding=&#8221;custom-padding&#8221; column_custompadding=&#8221;40px 40px 40px 40px&#8221; width=&#8221;1\/2&#8243;][vc_column_text]DATA: 2016 AUTORI: Ioana IONIC\u0102, Mircea MODREANU, Alexandru MOREGA, Cristian BOBOC PREZENTAT LA: Conferin\u0163\u0103 \u015fi Expozi\u0163ie Interna\u0163ional\u0103 \u00een Energetic\u0103 \u015fi Inginerie Electric\u0103, EPE, Ia\u015fi, 2016 [\/vc_column_text][\/vc_column][\/vc_row]<\/p>\n","protected":false},"author":2,"featured_media":0,"parent":17451,"menu_order":220,"comment_status":"closed","ping_status":"closed","template":"","meta":[],"folder":[43],"_links":{"self":[{"href":"http:\/\/www.icpe.ro\/ro\/wp-json\/wp\/v2\/pages\/17704"}],"collection":[{"href":"http:\/\/www.icpe.ro\/ro\/wp-json\/wp\/v2\/pages"}],"about":[{"href":"http:\/\/www.icpe.ro\/ro\/wp-json\/wp\/v2\/types\/page"}],"author":[{"embeddable":true,"href":"http:\/\/www.icpe.ro\/ro\/wp-json\/wp\/v2\/users\/2"}],"replies":[{"embeddable":true,"href":"http:\/\/www.icpe.ro\/ro\/wp-json\/wp\/v2\/comments?post=17704"}],"version-history":[{"count":0,"href":"http:\/\/www.icpe.ro\/ro\/wp-json\/wp\/v2\/pages\/17704\/revisions"}],"up":[{"embeddable":true,"href":"http:\/\/www.icpe.ro\/ro\/wp-json\/wp\/v2\/pages\/17451"}],"wp:attachment":[{"href":"http:\/\/www.icpe.ro\/ro\/wp-json\/wp\/v2\/media?parent=17704"}],"wp:term":[{"taxonomy":"folder","embeddable":true,"href":"http:\/\/www.icpe.ro\/ro\/wp-json\/wp\/v2\/folder?post=17704"}],"curies":[{"name":"wp","href":"https:\/\/api.w.org\/{rel}","templated":true}]}}