{"id":17692,"date":"2017-09-25T15:21:47","date_gmt":"2017-09-25T12:21:47","guid":{"rendered":"http:\/\/www.incdie-icpe.ro\/ro\/?page_id=17692"},"modified":"2017-12-14T12:29:43","modified_gmt":"2017-12-14T09:29:43","slug":"modelare-tridimensionala-motor-cuplu","status":"publish","type":"page","link":"http:\/\/www.icpe.ro\/ro\/lucrari-stiintifice\/modelare-tridimensionala-motor-cuplu\/","title":{"rendered":"Modelare tridimensional\u0103 pentru un motor de cuplu cu unghi limitat de talie 16"},"content":{"rendered":"<p>[vc_row][vc_column bg_color=&#8221;#c6c6c6&#8243; column_padding=&#8221;custom-padding&#8221; column_custompadding=&#8221;37px 40px 40px 40px&#8221; width=&#8221;1\/2&#8243;]<h2 class=\"headline font-inherit fontsize-m fontweight-400 lh-inherit align-center transform-inherit \" style=\"margin: 0 0 20px 0;\">ABSTRACT<\/h2><h2 class=\"headline font-inherit fontsize-xs fontweight-400 lh-inherit align-left transform-inherit \" style=\"margin: 0 0 20px 0; color: #282828;\">\u020an aceast\u0103 lucrare ne propunem prezentarea unor modele numerice tridimensionale \u015fi analiza rezultatelor ob\u0163inute pentru un motor de cuplu cu unghi limitat, de talie 16. Rezultatele model\u0103rii tridimensionale sunt comparate cu rezultatele unei model\u0103ri bidimensionale. Au fost efectuate teste de acurate\u0163e pentru a valida rezultatele numerice ob\u0163inute, \u015fi s-a stabilit un model tridimensional, ale c\u0103rui rezultate se compar\u0103 bine cu cu rezultate experimentale. Modelarea numeric\u0103 ofer\u0103 posibilitatea evalu\u0103ri unor diferite configura\u0163ii ale motorului de cuplu cu unghi limitat.<\/h2>[\/vc_column][vc_column column_padding=&#8221;custom-padding&#8221; column_custompadding=&#8221;40px 40px 40px 40px&#8221; width=&#8221;1\/2&#8243;]<h2 class=\"headline font-inherit fontsize-s fontweight-800 lh-inherit align-left transform-inherit \" style=\"margin: 0 0 20px 0; color: #dd3333;\">Modelare tridimensional\u0103 pentru un motor de cuplu cu unghi limitat de talie 16<\/h2>[vc_column_text]DATA:<strong> 2016<\/strong><\/p>\n<p>AUTORI: <strong>Ioana IONIC\u0102, Mircea MODREANU, Alexandru MOREGA, Cristian BOBOC<\/strong><\/p>\n<p>PREZENTAT LA:<strong> Simpozionul de ma\u015fini electrice SME&#8217;16, 2016<br \/>\n<\/strong>[\/vc_column_text]<a href=\"http:\/\/www.sme.pub.ro\/\" target=\"_blank\" class=\"button color-5 small \" style=\"border-radius: 2px;\"><i class='fa fa-book'><\/i>Cite\u0219te online<\/a>[\/vc_column][\/vc_row]<\/p>\n","protected":false},"excerpt":{"rendered":"<p>[vc_row][vc_column bg_color=&#8221;#c6c6c6&#8243; column_padding=&#8221;custom-padding&#8221; column_custompadding=&#8221;37px 40px 40px 40px&#8221; width=&#8221;1\/2&#8243;][\/vc_column][vc_column column_padding=&#8221;custom-padding&#8221; column_custompadding=&#8221;40px 40px 40px 40px&#8221; width=&#8221;1\/2&#8243;][vc_column_text]DATA: 2016 AUTORI: Ioana IONIC\u0102, Mircea MODREANU, Alexandru MOREGA, Cristian BOBOC PREZENTAT LA: Simpozionul de ma\u015fini electrice SME&#8217;16, 2016 [\/vc_column_text][\/vc_column][\/vc_row]<\/p>\n","protected":false},"author":2,"featured_media":0,"parent":17451,"menu_order":219,"comment_status":"closed","ping_status":"closed","template":"","meta":[],"folder":[43],"_links":{"self":[{"href":"http:\/\/www.icpe.ro\/ro\/wp-json\/wp\/v2\/pages\/17692"}],"collection":[{"href":"http:\/\/www.icpe.ro\/ro\/wp-json\/wp\/v2\/pages"}],"about":[{"href":"http:\/\/www.icpe.ro\/ro\/wp-json\/wp\/v2\/types\/page"}],"author":[{"embeddable":true,"href":"http:\/\/www.icpe.ro\/ro\/wp-json\/wp\/v2\/users\/2"}],"replies":[{"embeddable":true,"href":"http:\/\/www.icpe.ro\/ro\/wp-json\/wp\/v2\/comments?post=17692"}],"version-history":[{"count":0,"href":"http:\/\/www.icpe.ro\/ro\/wp-json\/wp\/v2\/pages\/17692\/revisions"}],"up":[{"embeddable":true,"href":"http:\/\/www.icpe.ro\/ro\/wp-json\/wp\/v2\/pages\/17451"}],"wp:attachment":[{"href":"http:\/\/www.icpe.ro\/ro\/wp-json\/wp\/v2\/media?parent=17692"}],"wp:term":[{"taxonomy":"folder","embeddable":true,"href":"http:\/\/www.icpe.ro\/ro\/wp-json\/wp\/v2\/folder?post=17692"}],"curies":[{"name":"wp","href":"https:\/\/api.w.org\/{rel}","templated":true}]}}