{"id":17682,"date":"2017-09-25T14:51:16","date_gmt":"2017-09-25T11:51:16","guid":{"rendered":"http:\/\/www.incdie-icpe.ro\/ro\/?page_id=17682"},"modified":"2017-12-14T12:29:49","modified_gmt":"2017-12-14T09:29:49","slug":"sinteza-proprietati-degradare-fungica-celuloza","status":"publish","type":"page","link":"http:\/\/www.icpe.ro\/ro\/lucrari-stiintifice\/sinteza-proprietati-degradare-fungica-celuloza\/","title":{"rendered":"Sinteza, propriet\u0103\u0163ile \u015fi degradarea fungic\u0103 a celulozei &#8211; compozite poliuretanice pe baz\u0103 de ulei de ricin"},"content":{"rendered":"<p>[vc_row][vc_column bg_color=&#8221;#c6c6c6&#8243; column_padding=&#8221;custom-padding&#8221; column_custompadding=&#8221;37px 40px 40px 40px&#8221; width=&#8221;1\/2&#8243;]<h2 class=\"headline font-inherit fontsize-m fontweight-400 lh-inherit align-center transform-inherit \" style=\"margin: 0 0 20px 0;\">ABSTRACT<\/h2><h2 class=\"headline font-inherit fontsize-xs fontweight-400 lh-inherit align-left transform-inherit \" style=\"margin: 0 0 20px 0; color: #282828;\">Utilizarea materialelor regenerabile \u00een compozite polimerice este necesar\u0103 pentru p\u0103strarea mediului \u0219i \u00eembun\u0103t\u0103\u021birea nivelului de trai. Con\u021binutul diferit de celuloz\u0103 legat\u0103 cu monomer diizocianat a fost dispersat \u00een matricea poliuretanilor pe baz\u0103 de ulei de ricin \u0219i a produs compozite cu suprafe\u021be care dau na\u0219tere la atacuri fungice, prezent\u00e2nd astfel poten\u021bial de utilizare \u00een aplica\u021bii \u00een procesele de biodegradare \u0219i bioremediere a materialelor polimerice.<\/h2>[\/vc_column][vc_column column_padding=&#8221;custom-padding&#8221; column_custompadding=&#8221;40px 40px 40px 40px&#8221; width=&#8221;1\/2&#8243;]<h2 class=\"headline font-inherit fontsize-s fontweight-800 lh-inherit align-left transform-inherit \" style=\"margin: 0 0 20px 0; color: #dd3333;\">Sinteza, propriet\u0103\u0163ile \u015fi degradarea fungic\u0103 a celulozei &#8211; compozite poliuretanice pe baz\u0103 de ulei de ricin<\/h2>[vc_column_text]DATA:<strong> 2016<\/strong><\/p>\n<p>AUTORI: <strong>\u0218tefan OPREA, Violeta Otilia POTOLINC\u0102, Petronela GR\u0102DINARIU, Aurora JOGA, Bica ZORLESCU, Veronica OPREA<\/strong><\/p>\n<p>PREZENTAT LA: <strong>Proceedings of International Conference on Green Chemistry and Sustainable Engineering, Rome (Italy)<br \/>\n<\/strong>[\/vc_column_text]<a href=\"http:\/\/www.scienceknowconferences.com\" target=\"_self\" class=\"button color-5 small \" style=\"border-radius: 2px;\"><i class='fa fa-book'><\/i>Cite\u0219te on line<\/a>[\/vc_column][\/vc_row]<\/p>\n","protected":false},"excerpt":{"rendered":"<p>[vc_row][vc_column bg_color=&#8221;#c6c6c6&#8243; column_padding=&#8221;custom-padding&#8221; column_custompadding=&#8221;37px 40px 40px 40px&#8221; width=&#8221;1\/2&#8243;][\/vc_column][vc_column column_padding=&#8221;custom-padding&#8221; column_custompadding=&#8221;40px 40px 40px 40px&#8221; width=&#8221;1\/2&#8243;][vc_column_text]DATA: 2016 AUTORI: \u0218tefan OPREA, Violeta Otilia POTOLINC\u0102, Petronela GR\u0102DINARIU, Aurora JOGA, Bica ZORLESCU, Veronica OPREA PREZENTAT LA: Proceedings of International Conference on Green Chemistry and Sustainable Engineering, Rome (Italy) [\/vc_column_text][\/vc_column][\/vc_row]<\/p>\n","protected":false},"author":2,"featured_media":0,"parent":17451,"menu_order":316,"comment_status":"closed","ping_status":"closed","template":"","meta":[],"folder":[43],"_links":{"self":[{"href":"http:\/\/www.icpe.ro\/ro\/wp-json\/wp\/v2\/pages\/17682"}],"collection":[{"href":"http:\/\/www.icpe.ro\/ro\/wp-json\/wp\/v2\/pages"}],"about":[{"href":"http:\/\/www.icpe.ro\/ro\/wp-json\/wp\/v2\/types\/page"}],"author":[{"embeddable":true,"href":"http:\/\/www.icpe.ro\/ro\/wp-json\/wp\/v2\/users\/2"}],"replies":[{"embeddable":true,"href":"http:\/\/www.icpe.ro\/ro\/wp-json\/wp\/v2\/comments?post=17682"}],"version-history":[{"count":0,"href":"http:\/\/www.icpe.ro\/ro\/wp-json\/wp\/v2\/pages\/17682\/revisions"}],"up":[{"embeddable":true,"href":"http:\/\/www.icpe.ro\/ro\/wp-json\/wp\/v2\/pages\/17451"}],"wp:attachment":[{"href":"http:\/\/www.icpe.ro\/ro\/wp-json\/wp\/v2\/media?parent=17682"}],"wp:term":[{"taxonomy":"folder","embeddable":true,"href":"http:\/\/www.icpe.ro\/ro\/wp-json\/wp\/v2\/folder?post=17682"}],"curies":[{"name":"wp","href":"https:\/\/api.w.org\/{rel}","templated":true}]}}