{"id":17678,"date":"2017-09-25T12:31:57","date_gmt":"2017-09-25T09:31:57","guid":{"rendered":"http:\/\/www.incdie-icpe.ro\/ro\/?page_id=17678"},"modified":"2017-12-14T12:31:11","modified_gmt":"2017-12-14T09:31:11","slug":"studii-numerice-masini-electrice-speciale","status":"publish","type":"page","link":"http:\/\/www.icpe.ro\/ro\/lucrari-stiintifice\/studii-numerice-masini-electrice-speciale\/","title":{"rendered":"Studii numerice pentru ma\u015fini electrice speciale de tipul motoarelor de cuplu cu unghi limitat"},"content":{"rendered":"<p>[vc_row][vc_column bg_color=&#8221;#c6c6c6&#8243; column_padding=&#8221;custom-padding&#8221; column_custompadding=&#8221;37px 40px 40px 40px&#8221; width=&#8221;1\/2&#8243;]<h2 class=\"headline font-inherit fontsize-m fontweight-400 lh-inherit align-center transform-inherit \" style=\"margin: 0 0 20px 0;\">ABSTRACT<\/h2><h2 class=\"headline font-inherit fontsize-xs fontweight-400 lh-inherit align-left transform-inherit \" style=\"margin: 0 0 20px 0; color: #282828;\">Aceast\u0103 lucrare isi propune evaluarea mai multor configura\u021bii ale motorului de cuplu de curent continuu cu unghi limitat, avand ca scop ob\u021binerea unei valori ridicate a cuplului electromagnetic \u0219i a unui grad de uniformitate mai mare a caracteristicilor cuplu-unghi pe domeniul de lucru. Pentru analiza c\u00e2mpului magnetic s-a utilizat metoda elementului finit, care a permis \u00eembun\u0103t\u0103\u021biri succesive. Acest fapt conduce la satisfacerea cerin\u021belor de proiectare. Utilizarea modelelor numerice necesit\u0103 mai pu\u021bine prototipuri prin modele experimentale, care au ca rezultat un ciclu de design mai scurt \u0219i costuri reduse de fabricare.<\/h2>[\/vc_column][vc_column column_padding=&#8221;custom-padding&#8221; column_custompadding=&#8221;40px 40px 40px 40px&#8221; width=&#8221;1\/2&#8243;]<h2 class=\"headline font-inherit fontsize-s fontweight-800 lh-inherit align-left transform-inherit \" style=\"margin: 0 0 20px 0; color: #dd3333;\">Studii numerice pentru ma\u015fini electrice speciale de tipul motoarelor de cuplu cu unghi limitat<\/h2>[vc_column_text]DATA:<strong> 2016<\/strong><\/p>\n<p>AUTORI: <strong>Ioana IONIC\u0102, Mircea MODREANU, Alexandru MOREGA, Cristian BOBOC<\/strong><\/p>\n<p>PUBLICAT \u00ceN:<strong> EEA 2016 | vol. 64 | nr. 3 | art. 2<\/strong><\/p>\n<p>[\/vc_column_text]<a href=\"http:\/\/www.eea-journal.ro\/ro\/d\/5\/p\/EEA64_3_2\" target=\"_blank\" class=\"button color-5 small \" style=\"border-radius: 2px;\"><i class='fa fa-book'><\/i>Cite\u0219te online<\/a><a href=\"http:\/\/www.eea-journal.ro\/includes\/showArticle.php?identificatorArticol=593\" target=\"_blank\" class=\"button color-5 small \" style=\"border-radius: 2px;\"><i class='fa fa-file-pdf-o'><\/i>Descarc\u0103 lucrarea<\/a>[\/vc_column][\/vc_row]<\/p>\n","protected":false},"excerpt":{"rendered":"<p>[vc_row][vc_column bg_color=&#8221;#c6c6c6&#8243; column_padding=&#8221;custom-padding&#8221; column_custompadding=&#8221;37px 40px 40px 40px&#8221; width=&#8221;1\/2&#8243;][\/vc_column][vc_column column_padding=&#8221;custom-padding&#8221; column_custompadding=&#8221;40px 40px 40px 40px&#8221; width=&#8221;1\/2&#8243;][vc_column_text]DATA: 2016 AUTORI: Ioana IONIC\u0102, Mircea MODREANU, Alexandru MOREGA, Cristian BOBOC PUBLICAT \u00ceN: EEA 2016 | vol. 64 | nr. 3 | art. 2 [\/vc_column_text][\/vc_column][\/vc_row]<\/p>\n","protected":false},"author":2,"featured_media":0,"parent":17451,"menu_order":357,"comment_status":"closed","ping_status":"closed","template":"","meta":[],"folder":[43],"_links":{"self":[{"href":"http:\/\/www.icpe.ro\/ro\/wp-json\/wp\/v2\/pages\/17678"}],"collection":[{"href":"http:\/\/www.icpe.ro\/ro\/wp-json\/wp\/v2\/pages"}],"about":[{"href":"http:\/\/www.icpe.ro\/ro\/wp-json\/wp\/v2\/types\/page"}],"author":[{"embeddable":true,"href":"http:\/\/www.icpe.ro\/ro\/wp-json\/wp\/v2\/users\/2"}],"replies":[{"embeddable":true,"href":"http:\/\/www.icpe.ro\/ro\/wp-json\/wp\/v2\/comments?post=17678"}],"version-history":[{"count":0,"href":"http:\/\/www.icpe.ro\/ro\/wp-json\/wp\/v2\/pages\/17678\/revisions"}],"up":[{"embeddable":true,"href":"http:\/\/www.icpe.ro\/ro\/wp-json\/wp\/v2\/pages\/17451"}],"wp:attachment":[{"href":"http:\/\/www.icpe.ro\/ro\/wp-json\/wp\/v2\/media?parent=17678"}],"wp:term":[{"taxonomy":"folder","embeddable":true,"href":"http:\/\/www.icpe.ro\/ro\/wp-json\/wp\/v2\/folder?post=17678"}],"curies":[{"name":"wp","href":"https:\/\/api.w.org\/{rel}","templated":true}]}}