{"id":17664,"date":"2017-09-25T09:36:50","date_gmt":"2017-09-25T06:36:50","guid":{"rendered":"http:\/\/www.incdie-icpe.ro\/ro\/?page_id=17664"},"modified":"2017-12-14T12:29:46","modified_gmt":"2017-12-14T09:29:46","slug":"abordare-critica-gandirii-bazate-pe-risc","status":"publish","type":"page","link":"http:\/\/www.icpe.ro\/ro\/lucrari-stiintifice\/abordare-critica-gandirii-bazate-pe-risc\/","title":{"rendered":"O abordare critic\u0103 a \u201eg\u00e2ndirii bazate pe risc\u201d prezent\u0103 \u00een noua edi\u0163ie a standardului"},"content":{"rendered":"<p>[vc_row][vc_column bg_color=&#8221;#c6c6c6&#8243; column_padding=&#8221;custom-padding&#8221; column_custompadding=&#8221;37px 40px 40px 40px&#8221; width=&#8221;1\/2&#8243;]<h2 class=\"headline font-inherit fontsize-m fontweight-400 lh-inherit align-center transform-inherit \" style=\"margin: 0 0 20px 0;\">ABSTRACT<\/h2><h2 class=\"headline font-inherit fontsize-xs fontweight-400 lh-inherit align-left transform-inherit \" style=\"margin: 0 0 20px 0; color: #282828;\">Dup\u0103 decenii \u00een care &#8220;calitatea&#8221; a fost considerat\u0103 o piedic\u0103 a &#8220;non-calit\u0103\u021bii&#8221;, noua edi\u021bie a standardului ISO 9001: 2015 aduce un nou concept, definit ca &#8220;g\u00e2ndirea bazat\u0103 pe risc&#8221;. Riscul este definit ca efect al incertitudinii \u00een raport cu rezultatele a\u0219teptate. C\u00e2nd vorbim despre risc, edi\u021bia din 2015 a standardului ISO 9001 o define\u0219te \u00een raport cu incertitudinea din cadrul organiza\u021biei, care este necesar\u0103 pentru a planifica \u0219i implementa ac\u021biuni pentru a face fa\u021b\u0103 riscurilor \u0219i oportunit\u0103\u021bilor &#8220;. Este recunoscut faptul c\u0103 &#8220;g\u00e2ndirea bazat\u0103 pe risc&#8221; este o cerin\u021b\u0103 pentru a &#8220;reduce cerin\u021bele prescriptive&#8221; \u0219i de a le \u00eenlocui cu cerin\u021be bazate pe performan\u021b\u0103. Este necesar ca managementul la cel mai \u00eenalt nivel s\u0103 conduc\u0103 activit\u0103\u021bile de planificare pentru evitarea sau atenuarea efectelor negative ale riscurilor, ceea ce \u00eenseamn\u0103 a avea o atitudine proactiv\u0103 \u0219i benefic\u0103 pentru organiza\u021bie.<\/h2>[\/vc_column][vc_column column_padding=&#8221;custom-padding&#8221; column_custompadding=&#8221;40px 40px 40px 40px&#8221; width=&#8221;1\/2&#8243;]<h2 class=\"headline font-inherit fontsize-s fontweight-800 lh-inherit align-left transform-inherit \" style=\"margin: 0 0 20px 0; color: #dd3333;\">O abordare critic\u0103 a \u201eg\u00e2ndirii bazate pe risc\u201d prezent\u0103 \u00een noua edi\u0163ie a standardului<\/h2>[vc_column_text]DATA:<strong> 2017<\/strong><\/p>\n<p>AUTOR: <strong>Floarea VASILE<\/strong><\/p>\n<p>PUBLICAT \u00ceN:<strong> EEA 2017 | vol. 65 | nr. 2 | art. 1<br \/>\n<\/strong>[\/vc_column_text]<a href=\"http:\/\/www.eea-journal.ro\/ro\/d\/5\/p\/EEA65_1_3\" target=\"_blank\" class=\"button color-5 small \" style=\"border-radius: 2px;\"><i class='fa fa-book'><\/i>Cite\u0219te online<\/a><a href=\"http:\/\/www.eea-journal.ro\/includes\/showArticle.php?identificatorArticol=636\" target=\"_blank\" class=\"button color-5 small \" style=\"border-radius: 2px;\"><i class='fa fa-file-pdf-o'><\/i>Download<\/a>[\/vc_column][\/vc_row]<\/p>\n","protected":false},"excerpt":{"rendered":"<p>[vc_row][vc_column bg_color=&#8221;#c6c6c6&#8243; column_padding=&#8221;custom-padding&#8221; column_custompadding=&#8221;37px 40px 40px 40px&#8221; width=&#8221;1\/2&#8243;][\/vc_column][vc_column column_padding=&#8221;custom-padding&#8221; column_custompadding=&#8221;40px 40px 40px 40px&#8221; width=&#8221;1\/2&#8243;][vc_column_text]DATA: 2017 AUTOR: Floarea VASILE PUBLICAT \u00ceN: EEA 2017 | vol. 65 | nr. 2 | art. 1 [\/vc_column_text][\/vc_column][\/vc_row]<\/p>\n","protected":false},"author":2,"featured_media":0,"parent":17451,"menu_order":261,"comment_status":"closed","ping_status":"closed","template":"","meta":[],"folder":[43],"_links":{"self":[{"href":"http:\/\/www.icpe.ro\/ro\/wp-json\/wp\/v2\/pages\/17664"}],"collection":[{"href":"http:\/\/www.icpe.ro\/ro\/wp-json\/wp\/v2\/pages"}],"about":[{"href":"http:\/\/www.icpe.ro\/ro\/wp-json\/wp\/v2\/types\/page"}],"author":[{"embeddable":true,"href":"http:\/\/www.icpe.ro\/ro\/wp-json\/wp\/v2\/users\/2"}],"replies":[{"embeddable":true,"href":"http:\/\/www.icpe.ro\/ro\/wp-json\/wp\/v2\/comments?post=17664"}],"version-history":[{"count":0,"href":"http:\/\/www.icpe.ro\/ro\/wp-json\/wp\/v2\/pages\/17664\/revisions"}],"up":[{"embeddable":true,"href":"http:\/\/www.icpe.ro\/ro\/wp-json\/wp\/v2\/pages\/17451"}],"wp:attachment":[{"href":"http:\/\/www.icpe.ro\/ro\/wp-json\/wp\/v2\/media?parent=17664"}],"wp:term":[{"taxonomy":"folder","embeddable":true,"href":"http:\/\/www.icpe.ro\/ro\/wp-json\/wp\/v2\/folder?post=17664"}],"curies":[{"name":"wp","href":"https:\/\/api.w.org\/{rel}","templated":true}]}}