{"id":17657,"date":"2017-09-25T09:08:52","date_gmt":"2017-09-25T06:08:52","guid":{"rendered":"http:\/\/www.incdie-icpe.ro\/ro\/?page_id=17657"},"modified":"2017-12-14T12:29:33","modified_gmt":"2017-12-14T09:29:33","slug":"comopusi-bioactivi-capacitate-antioxidanta","status":"publish","type":"page","link":"http:\/\/www.icpe.ro\/ro\/lucrari-stiintifice\/comopusi-bioactivi-capacitate-antioxidanta\/","title":{"rendered":"Compu\u015fi bioactivi, capacitate antioxidant\u0103 \u015fi intensificarea culorii \u00een musturi \u015fi vinuri derivate din struguri procesa\u0163i \u00een c\u00e2mp electric pulsatoriu"},"content":{"rendered":"<p>[vc_row][vc_column bg_color=&#8221;#c6c6c6&#8243; column_padding=&#8221;custom-padding&#8221; column_custompadding=&#8221;37px 40px 40px 40px&#8221; width=&#8221;1\/2&#8243;]<h2 class=\"headline font-inherit fontsize-m fontweight-400 lh-inherit align-center transform-inherit \" style=\"margin: 0 0 20px 0;\">ABSTRACT<\/h2><h2 class=\"headline font-inherit fontsize-xs fontweight-400 lh-inherit align-left transform-inherit \" style=\"margin: 0 0 20px 0; color: #282828;\"><\/h2>[\/vc_column][vc_column column_padding=&#8221;custom-padding&#8221; column_custompadding=&#8221;40px 40px 40px 40px&#8221; width=&#8221;1\/2&#8243;]<h2 class=\"headline font-inherit fontsize-s fontweight-800 lh-inherit align-left transform-inherit \" style=\"margin: 0 0 20px 0; color: #dd3333;\">Compu\u015fi bioactivi, capacitate antioxidant\u0103 \u015fi intensificarea culorii \u00een musturi \u015fi vinuri derivate din struguri procesa\u0163i \u00een c\u00e2mp electric pulsatoriu<\/h2>[vc_column_text]DATA:<strong> 2017<br \/>\n<\/strong><\/p>\n<p>AUTORI: <strong>Simona Ioana VICA\u0218,\u00a0Livia BANDICI,\u00a0Alin Cristian TEU\u0218DEA,\u00a0Valer TURCIN,\u00a0Dorin POPA, Gheorghe Emil BANDICI<\/strong><\/p>\n<p>PUBLICAT \u00ceN:<strong> CyTA &#8211; Journal of Food, Volumul 15, 2017<br \/>\n<\/strong>[\/vc_column_text]<a href=\"http:\/\/www.tandfonline.com\/doi\/full\/10.1080\/19476337.2017.1317667\" target=\"_blank\" class=\"button color-5 small \" style=\"border-radius: 2px;\"><i class='fa fa-book'><\/i>Cite\u0219te Online<\/a>[\/vc_column][\/vc_row]<\/p>\n","protected":false},"excerpt":{"rendered":"<p>[vc_row][vc_column bg_color=&#8221;#c6c6c6&#8243; column_padding=&#8221;custom-padding&#8221; column_custompadding=&#8221;37px 40px 40px 40px&#8221; width=&#8221;1\/2&#8243;][\/vc_column][vc_column column_padding=&#8221;custom-padding&#8221; column_custompadding=&#8221;40px 40px 40px 40px&#8221; width=&#8221;1\/2&#8243;][vc_column_text]DATA: 2017 AUTORI: Simona Ioana VICA\u0218,\u00a0Livia BANDICI,\u00a0Alin Cristian TEU\u0218DEA,\u00a0Valer TURCIN,\u00a0Dorin POPA, Gheorghe Emil BANDICI PUBLICAT \u00ceN: CyTA &#8211; Journal of Food, Volumul 15, 2017 [\/vc_column_text][\/vc_column][\/vc_row]<\/p>\n","protected":false},"author":2,"featured_media":0,"parent":17451,"menu_order":44,"comment_status":"closed","ping_status":"closed","template":"","meta":[],"folder":[43],"_links":{"self":[{"href":"http:\/\/www.icpe.ro\/ro\/wp-json\/wp\/v2\/pages\/17657"}],"collection":[{"href":"http:\/\/www.icpe.ro\/ro\/wp-json\/wp\/v2\/pages"}],"about":[{"href":"http:\/\/www.icpe.ro\/ro\/wp-json\/wp\/v2\/types\/page"}],"author":[{"embeddable":true,"href":"http:\/\/www.icpe.ro\/ro\/wp-json\/wp\/v2\/users\/2"}],"replies":[{"embeddable":true,"href":"http:\/\/www.icpe.ro\/ro\/wp-json\/wp\/v2\/comments?post=17657"}],"version-history":[{"count":0,"href":"http:\/\/www.icpe.ro\/ro\/wp-json\/wp\/v2\/pages\/17657\/revisions"}],"up":[{"embeddable":true,"href":"http:\/\/www.icpe.ro\/ro\/wp-json\/wp\/v2\/pages\/17451"}],"wp:attachment":[{"href":"http:\/\/www.icpe.ro\/ro\/wp-json\/wp\/v2\/media?parent=17657"}],"wp:term":[{"taxonomy":"folder","embeddable":true,"href":"http:\/\/www.icpe.ro\/ro\/wp-json\/wp\/v2\/folder?post=17657"}],"curies":[{"name":"wp","href":"https:\/\/api.w.org\/{rel}","templated":true}]}}