{"id":17652,"date":"2017-09-25T08:51:29","date_gmt":"2017-09-25T05:51:29","guid":{"rendered":"http:\/\/www.incdie-icpe.ro\/ro\/?page_id=17652"},"modified":"2017-12-14T12:29:46","modified_gmt":"2017-12-14T09:29:46","slug":"noua-solutie-actuator-liniar-magneti-permanenti","status":"publish","type":"page","link":"http:\/\/www.icpe.ro\/ro\/lucrari-stiintifice\/noua-solutie-actuator-liniar-magneti-permanenti\/","title":{"rendered":"O nou\u0103 solu\u0163ie de actuator liniar cu magne\u0163i permanen\u0163i: func\u0163ionare, design \u015fi testare"},"content":{"rendered":"<p>[vc_row][vc_column bg_color=&#8221;#c6c6c6&#8243; column_padding=&#8221;custom-padding&#8221; column_custompadding=&#8221;37px 40px 40px 40px&#8221; width=&#8221;1\/2&#8243;]<h2 class=\"headline font-inherit fontsize-m fontweight-400 lh-inherit align-center transform-inherit \" style=\"margin: 0 0 20px 0;\">ABSTRACT<\/h2><h2 class=\"headline font-inherit fontsize-xs fontweight-400 lh-inherit align-left transform-inherit \" style=\"margin: 0 0 20px 0; color: #282828;\"><\/h2>[\/vc_column][vc_column column_padding=&#8221;custom-padding&#8221; column_custompadding=&#8221;40px 40px 40px 40px&#8221; width=&#8221;1\/2&#8243;]<h2 class=\"headline font-inherit fontsize-s fontweight-800 lh-inherit align-left transform-inherit \" style=\"margin: 0 0 20px 0; color: #dd3333;\">O nou\u0103 solu\u0163ie de actuator liniar cu magne\u0163i permanen\u0163i: func\u0163ionare, design \u015fi testare<\/h2>[vc_column_text]DATA:<strong> 2017<br \/>\n<\/strong><\/p>\n<p>AUTORI: <strong>Alexandru RADULIAN, Mihai MARICARU, Iosif Vasile NEMOIANU, Radu CRE\u021aU<\/strong><\/p>\n<p>PUBLICAT \u00ceN:<strong> Rev. Roum. Sci. Techn.\u2013 \u00c9lectrotechn. et \u00c9nerg. Vol. 62, 1, pp. 3\u20137, Bucharest, 2017<br \/>\n<\/strong>[\/vc_column_text]<a href=\"http:\/\/revue.elth.pub.ro\/upload\/68347201_ARadulian_RRST_1_2017_pp_3-7.pdf\" target=\"_blank\" class=\"button color-5 small \" style=\"border-radius: 2px;\"><i class='fa fa-file-pdf-o'><\/i>Download<\/a>[\/vc_column][\/vc_row]<\/p>\n","protected":false},"excerpt":{"rendered":"<p>[vc_row][vc_column bg_color=&#8221;#c6c6c6&#8243; column_padding=&#8221;custom-padding&#8221; column_custompadding=&#8221;37px 40px 40px 40px&#8221; width=&#8221;1\/2&#8243;][\/vc_column][vc_column column_padding=&#8221;custom-padding&#8221; column_custompadding=&#8221;40px 40px 40px 40px&#8221; width=&#8221;1\/2&#8243;][vc_column_text]DATA: 2017 AUTORI: Alexandru RADULIAN, Mihai MARICARU, Iosif Vasile NEMOIANU, Radu CRE\u021aU PUBLICAT \u00ceN: Rev. Roum. Sci. Techn.\u2013 \u00c9lectrotechn. et \u00c9nerg. Vol. 62, 1, pp. 3\u20137, Bucharest, 2017 [\/vc_column_text][\/vc_column][\/vc_row]<\/p>\n","protected":false},"author":2,"featured_media":0,"parent":17451,"menu_order":263,"comment_status":"closed","ping_status":"closed","template":"","meta":[],"folder":[43],"_links":{"self":[{"href":"http:\/\/www.icpe.ro\/ro\/wp-json\/wp\/v2\/pages\/17652"}],"collection":[{"href":"http:\/\/www.icpe.ro\/ro\/wp-json\/wp\/v2\/pages"}],"about":[{"href":"http:\/\/www.icpe.ro\/ro\/wp-json\/wp\/v2\/types\/page"}],"author":[{"embeddable":true,"href":"http:\/\/www.icpe.ro\/ro\/wp-json\/wp\/v2\/users\/2"}],"replies":[{"embeddable":true,"href":"http:\/\/www.icpe.ro\/ro\/wp-json\/wp\/v2\/comments?post=17652"}],"version-history":[{"count":0,"href":"http:\/\/www.icpe.ro\/ro\/wp-json\/wp\/v2\/pages\/17652\/revisions"}],"up":[{"embeddable":true,"href":"http:\/\/www.icpe.ro\/ro\/wp-json\/wp\/v2\/pages\/17451"}],"wp:attachment":[{"href":"http:\/\/www.icpe.ro\/ro\/wp-json\/wp\/v2\/media?parent=17652"}],"wp:term":[{"taxonomy":"folder","embeddable":true,"href":"http:\/\/www.icpe.ro\/ro\/wp-json\/wp\/v2\/folder?post=17652"}],"curies":[{"name":"wp","href":"https:\/\/api.w.org\/{rel}","templated":true}]}}