{"id":17390,"date":"2017-09-05T14:58:41","date_gmt":"2017-09-05T11:58:41","guid":{"rendered":"http:\/\/www.incdie-icpe.ro\/ro\/?page_id=17390"},"modified":"2021-05-19T14:34:40","modified_gmt":"2021-05-19T11:34:40","slug":"distinctii-brevete","status":"publish","type":"page","link":"http:\/\/www.icpe.ro\/ro\/distinctii-brevete\/","title":{"rendered":"DISTINC\u021aII \/ BREVETE"},"content":{"rendered":"<p>[vc_row type=&#8221;full_width_section&#8221; bg_image=&#8221;17527&#8243; bg_repeat=&#8221;no-repeat&#8221; bg_color=&#8221;#dfdeda&#8221;][vc_column column_center=&#8221;true&#8221; width=&#8221;1\/1&#8243;]<div class=\"spacer\" style=\"height: 380px;\"><\/div>[\/vc_column][\/vc_row][vc_row top_padding=&#8221;20&#8243;][vc_column width=&#8221;1\/1&#8243;]<h1 class=\"headline font-inherit fontsize-l fontweight-300 lh-inherit align-left transform-uppercase \" style=\"margin: 0 90px 20px 90px;\">Mai jos sunt c\u00e2teva dintre premiile \u0219i recunoa\u0219terile noastre na\u021bionale \u0219i interna\u021bionale<\/h1>[\/vc_column][\/vc_row][vc_row bg_color=&#8221;#eaeaea&#8221;][vc_column width=&#8221;1\/1&#8243;]<div class=\"spacer\" style=\"height: 35px;\"><\/div>[vc_column_text]<span style=\"font-size: 12pt;\"><span style=\"font-family: arial, helvetica, sans-serif;\">\u00cen cei peste 70 de ani de activitate inovativ\u0103, Icpe a protejat peste 2000 de brevete de inven\u021bie na\u021bionale \u0219i interna\u021bionale, multe dintre acestea fiind dep\u0103\u0219ite tehnologic odat\u0103 cu trecerea anilor \u0219i dezvoltarea tehnologic\u0103. Ast\u0103zi, Icpe protejeaz\u0103 peste 350 de brevete tehnologice valide.<\/span><\/span><\/p>\n<div style=\"margin-top: -10px;\"><span style=\"font-size: 12pt;\"><span style=\"font-family: arial, helvetica, sans-serif;\">La nivel de premii, medalii \u0219i diplome, Icpe are peste 150 de medalii de aur la nivel na\u021bional \u0219i interna\u021bional ca recunoa\u0219tere \u0219tiin\u021bific\u0103 \u0219i inovativ\u0103.<\/span><\/span><\/div>\n<p>[\/vc_column_text][\/vc_column][\/vc_row][vc_row bg_color=&#8221;#eaeaea&#8221; top_padding=&#8221;50&#8243; bottom_padding=&#8221;30&#8243; full_height=&#8221;true&#8221; content_placement=&#8221;top&#8221;][vc_column width=&#8221;1\/2&#8243;][vc_column_text]<\/p>\n<h5 style=\"text-align: left;\"><strong><img loading=\"lazy\" class=\"wp-image-17611 size-full alignleft\" src=\"http:\/\/www.icpe.ro\/ro\/wp-content\/uploads\/2017\/09\/medalie.png\" alt=\"\" width=\"50\" height=\"50\" \/>Camera de stingere a arcului electric \u00een vid cu contactele electrice normal deschise<\/strong><\/h5>\n<p>[\/vc_column_text][vc_column_text]<span style=\"color: #000000;\"><a title=\"Camera de stingere a arcului electric \u00een vid cu contactele electrice normal deschise\" href=\"http:\/\/www.icpe.ro\/files\/0\/Electromagnet_in_constructie_hibrida_450_800.jpg\" target=\"_blank\" rel=\"lightbox noopener\">Medalia de aur<\/a>\u00a0\u0219i Premiul Special la Salonului Interna\u021bional de Inven\u021bii \u0219i Inova\u021bii \u201eTraian Vuia\u201d &#8211; 11-13 Iunie 2015, Timi\u0219oara, Rom\u00e2nia.<br \/>\n<\/span><span style=\"color: #000000;\"><a title=\"Camera de stingere a arcului electric \u00een vid cu contactele electrice normal deschise\" href=\"http:\/\/www.icpe.ro\/files\/0\/Camera_de_stingere_a_arcului_electric_in_vid_450_800.jpg\" target=\"_blank\" rel=\"lightbox noopener\">Medalia de aur<\/a>, Premiul Republica Moldova \u0219i Premiul Croa\u021bia la Bruxelles &#8211; Le Salon International de L\u2019Innovation, de la Recherche et des Nouvelles.<\/span>[\/vc_column_text][vc_column_text]<\/p>\n<h5 style=\"text-align: left;\"><strong><img loading=\"lazy\" class=\"size-full wp-image-17611 alignleft\" src=\"http:\/\/www.icpe.ro\/ro\/wp-content\/uploads\/2017\/09\/medalie.png\" alt=\"\" width=\"50\" height=\"50\" \/>Contactor electromagnetic tripolar cu comuta\u0163ie \u00een vid, de tip compact<br \/>\n<\/strong><\/h5>\n<p>[\/vc_column_text][vc_column_text]<span style=\"color: #000000;\"><a title=\"Contactor electromagnetic tripolar cu comuta\u0163ie \u00een vid, de tip compact\" href=\"http:\/\/www.icpe.ro\/files\/0\/Contactor_electromagnetic_tripolar_800_764.jpg\" target=\"_blank\" rel=\"lightbox noopener\">Medalia de aur<\/a>\u00a0la Salonul de Inven\u021bii \u0219i Inova\u021bii <a href=\"http:\/\/www.expoinventika.ro\/\" target=\"_blank\" rel=\"noopener\">INVENTIKA<\/a> &#8211; 15-18 Octombrie 2014, Bucure\u0219ti, Rom\u00e2nia.<br \/>\nMedalia de aur la Bruxelles &#8211; Le Salon International de L\u2019Innovation, de la Recherche et des Nouvelles Technologies 62<sup>EME<\/sup>\u00a0Edition EUREKA &#8211; 13-15 Noiembrie 2014, Bruxelles, Belgia.<\/span><br \/>\n<span style=\"color: #000000;\"><a title=\"Contactor electromagnetic tripolar cu comuta\u0163ie \u00een vid, de tip compact\" href=\"http:\/\/www.icpe.ro\/files\/0\/Electromagnet_in_constructie_hibrida_450_800.jpg\" target=\"_blank\" rel=\"lightbox noopener\">Medalia de aur<\/a>\u00a0la Salonului Interna\u021bional de Inven\u021bii \u0219i Inova\u021bii \u201eTraian Vuia\u201d &#8211; 11-13 Iunie 2015, Timi\u0219oara, Rom\u00e2nia.<\/span>[\/vc_column_text][vc_column_text]<\/p>\n<h5 style=\"text-align: left;\"><strong><img loading=\"lazy\" class=\"wp-image-17611 size-full alignleft\" src=\"http:\/\/www.icpe.ro\/ro\/wp-content\/uploads\/2017\/09\/medalie.png\" alt=\"\" width=\"50\" height=\"50\" \/>Electromagnet \u00een construc\u021bie hibrid\u0103 cu bobin\u0103 de excita\u021bie \u0219i magnet permanent<br \/>\n<\/strong><\/h5>\n<p>[\/vc_column_text][vc_column_text]<span style=\"color: #000000;\">Medalia de argint la Bruxelles &#8211; Le Salon International de L\u2019Innovation, de la Recherche et des Nouvelles Technologies 62<sup>EME<\/sup>\u00a0Edition EUREKA &#8211; 14-16 Noiembrie 2013, Bruxelles, Belgia.<\/span><br \/>\n<span style=\"color: #000000;\"><a title=\"Electromagnet \u00een construc\u021bie hibrid\u0103 cu bobin\u0103 de excita\u021bie \u0219i magnet permanent\" href=\"http:\/\/www.icpe.ro\/files\/0\/Contactor_electromagnetic_tripolar_800_764.jpg\" target=\"_blank\" rel=\"lightbox noopener\">Medalia de argint<\/a>\u00a0la Salonul de Inven\u021bii \u0219i Inova\u021bii <a href=\"http:\/\/www.expoinventika.ro\/\" target=\"_blank\" rel=\"noopener\">INVENTIKA<\/a> &#8211; 15-18 Octombrie 2014, Bucure\u0219ti, Rom\u00e2nia.<\/span><br \/>\n<span style=\"color: #000000;\"><a title=\"Electromagnet \u00een construc\u021bie hibrid\u0103 cu bobin\u0103 de excita\u021bie \u0219i magnet permanent\" href=\"http:\/\/www.icpe.ro\/files\/0\/Electromagnet_in_constructie_hibrida_450_800.jpg\" target=\"_blank\" rel=\"lightbox noopener\">Medalia de argint<\/a>\u00a0la Salonul Interna\u021bional de Inven\u021bii \u0219i Inova\u021bii \u201eTraian Vuia\u201d &#8211; 11-13 Iunie 2015, Timi\u0219oara, Rom\u00e2nia.<\/span>[\/vc_column_text]<a href=\"\/ro\/distinctii\/\" target=\"_self\" class=\"button color-5 small \" style=\"border-radius: 2px;\"><i class='fa fa-trophy'><\/i>Mai multe distinc\u021bii<\/a>[\/vc_column][vc_column width=&#8221;1\/2&#8243;][vc_column_text]<\/p>\n<h5 style=\"text-align: left;\"><strong><img loading=\"lazy\" class=\"wp-image-17610 size-full alignleft\" src=\"http:\/\/www.icpe.ro\/ro\/wp-content\/uploads\/2017\/09\/brevet.png\" alt=\"\" width=\"83\" height=\"50\" \/>GIROMOTOR ELECTRIC ASINCRON<br \/>\n<\/strong><\/h5>\n<p>[\/vc_column_text][vc_column_text]<span style=\"color: #000000;\">Brevet cu nr. <a href=\"http:\/\/www.icpe.ro\/files\/Brevete_NOI\/Brevet_105626.pdf\" target=\"_blank\" rel=\"noopener\">105626\/04.05.1989<\/a><\/span><br \/>\n<span style=\"color: #000000;\">Autori: Ignat Mircea, Costoiu Costel-Sergiu<\/span>[\/vc_column_text][vc_column_text]<\/p>\n<h5 style=\"text-align: left;\"><strong><img loading=\"lazy\" class=\"wp-image-17610 size-full alignleft\" src=\"http:\/\/www.icpe.ro\/ro\/wp-content\/uploads\/2017\/09\/brevet.png\" alt=\"\" width=\"83\" height=\"50\" \/>TRADUCTOR DE TENSIUNE CONTINU\u0102, CU SEPARARE GALVANIC\u0102<br \/>\n<\/strong><\/h5>\n<p>[\/vc_column_text][vc_column_text]<span style=\"color: #000000;\">Brevet cu nr. <a href=\"http:\/\/www.icpe.ro\/files\/Brevete_NOI\/Brevet_105741.pdf\" target=\"_blank\" rel=\"noopener\">105741\/01.11.1989<\/a><\/span><br \/>\n<span style=\"color: #000000;\">Autori: Pop Iulius, Varvari Sever<\/span>[\/vc_column_text][vc_column_text]<\/p>\n<h5 style=\"text-align: left;\"><strong><img loading=\"lazy\" class=\"wp-image-17610 size-full alignleft\" src=\"http:\/\/www.icpe.ro\/ro\/wp-content\/uploads\/2017\/09\/brevet.png\" alt=\"\" width=\"83\" height=\"50\" \/>PROCEDEU PENTRU IZOLAREA ELECTRIC\u0102 A PR\u0102JINII DE TROLEIBUZ<br \/>\n<\/strong><\/h5>\n<p>[\/vc_column_text][vc_column_text]<span style=\"color: #000000;\">Brevet cu nr. <a href=\"http:\/\/www.icpe.ro\/files\/Brevete_NOI\/Brevet_105865.pdf\" target=\"_blank\" rel=\"noopener\">105865\/19.02.1990<\/a><\/span><br \/>\n<span style=\"color: #000000;\">Economu Alice, Luca Drago\u0219, Iona\u0219cu Ligia-Cristina <\/span>[\/vc_column_text][vc_column_text]<\/p>\n<h5 style=\"text-align: left;\"><strong><img loading=\"lazy\" class=\"wp-image-17610 size-full alignleft\" src=\"http:\/\/www.icpe.ro\/ro\/wp-content\/uploads\/2017\/09\/brevet.png\" alt=\"\" width=\"83\" height=\"50\" \/>SURSA STATIC\u0102 PENTRU ALIMENTARE SERVICII AUXILIARE ALE VEHICULELOR DE TRANSPORT<br \/>\n<\/strong><\/h5>\n<p>[\/vc_column_text][vc_column_text]<span style=\"color: #000000;\">Brevet cu nr. <a href=\"http:\/\/www.icpe.ro\/files\/Brevete_NOI\/Brevet_106367.pdf\" target=\"_blank\" rel=\"noopener\">106367\/17.04.1991<\/a><\/span><br \/>\n<span style=\"color: #000000;\">Autori: R\u0103dulesc Vasile, Dumitrescu Ion<\/span>[\/vc_column_text]<a href=\"https:\/\/www.icpe.ro\/ro\/wp-content\/uploads\/2021\/05\/BreveteActiveIcpe_RO.pdf\" target=\"_blank\" class=\"button color-5 small \" style=\"border-radius: 2px;\"><i class='fa fa-file'><\/i>Mai multe brevete<\/a>[\/vc_column][\/vc_row]<\/p>\n","protected":false},"excerpt":{"rendered":"<p>[vc_row type=&#8221;full_width_section&#8221; bg_image=&#8221;17527&#8243; bg_repeat=&#8221;no-repeat&#8221; bg_color=&#8221;#dfdeda&#8221;][vc_column column_center=&#8221;true&#8221; width=&#8221;1\/1&#8243;][\/vc_column][\/vc_row][vc_row top_padding=&#8221;20&#8243;][vc_column width=&#8221;1\/1&#8243;][\/vc_column][\/vc_row][vc_row bg_color=&#8221;#eaeaea&#8221;][vc_column width=&#8221;1\/1&#8243;][vc_column_text]\u00cen cei peste 70 de ani de activitate inovativ\u0103, Icpe a protejat peste 2000 de brevete de inven\u021bie na\u021bionale \u0219i interna\u021bionale, multe dintre acestea fiind dep\u0103\u0219ite tehnologic odat\u0103 cu trecerea anilor \u0219i dezvoltarea tehnologic\u0103. Ast\u0103zi, Icpe protejeaz\u0103 peste 350 de brevete tehnologice valide. La nivel de premii, medalii \u0219i diplome, Icpe are peste 150 de medalii de aur la nivel na\u021bional \u0219i interna\u021bional ca recunoa\u0219tere \u0219tiin\u021bific\u0103 \u0219i inovativ\u0103. [\/vc_column_text][\/vc_column][\/vc_row][vc_row bg_color=&#8221;#eaeaea&#8221; top_padding=&#8221;50&#8243; bottom_padding=&#8221;30&#8243; full_height=&#8221;true&#8221; content_placement=&#8221;top&#8221;][vc_column width=&#8221;1\/2&#8243;][vc_column_text] Camera de stingere a arcului electric \u00een vid cu contactele electrice normal deschise [\/vc_column_text][vc_column_text]Medalia de aur\u00a0\u0219i Premiul Special la Salonului Interna\u021bional de Inven\u021bii \u0219i Inova\u021bii \u201eTraian Vuia\u201d &#8211; 11-13 Iunie 2015, Timi\u0219oara, Rom\u00e2nia. Medalia de aur, Premiul Republica Moldova \u0219i Premiul Croa\u021bia la Bruxelles &#8211; Le Salon International de L\u2019Innovation, de la Recherche et des Nouvelles.[\/vc_column_text][vc_column_text] Contactor electromagnetic tripolar cu comuta\u0163ie \u00een vid, de tip compact [\/vc_column_text][vc_column_text]Medalia de aur\u00a0la Salonul de Inven\u021bii \u0219i Inova\u021bii INVENTIKA &#8211; 15-18 Octombrie 2014, Bucure\u0219ti, Rom\u00e2nia. Medalia de aur la Bruxelles &#8211; Le Salon International de L\u2019Innovation, de la Recherche et des Nouvelles Technologies 62EME\u00a0Edition EUREKA &#8211; 13-15 Noiembrie 2014, Bruxelles, Belgia. Medalia de aur\u00a0la Salonului Interna\u021bional de Inven\u021bii \u0219i [&hellip;]<\/p>\n","protected":false},"author":1,"featured_media":0,"parent":0,"menu_order":118,"comment_status":"closed","ping_status":"closed","template":"","meta":[],"folder":[46],"_links":{"self":[{"href":"http:\/\/www.icpe.ro\/ro\/wp-json\/wp\/v2\/pages\/17390"}],"collection":[{"href":"http:\/\/www.icpe.ro\/ro\/wp-json\/wp\/v2\/pages"}],"about":[{"href":"http:\/\/www.icpe.ro\/ro\/wp-json\/wp\/v2\/types\/page"}],"author":[{"embeddable":true,"href":"http:\/\/www.icpe.ro\/ro\/wp-json\/wp\/v2\/users\/1"}],"replies":[{"embeddable":true,"href":"http:\/\/www.icpe.ro\/ro\/wp-json\/wp\/v2\/comments?post=17390"}],"version-history":[{"count":0,"href":"http:\/\/www.icpe.ro\/ro\/wp-json\/wp\/v2\/pages\/17390\/revisions"}],"wp:attachment":[{"href":"http:\/\/www.icpe.ro\/ro\/wp-json\/wp\/v2\/media?parent=17390"}],"wp:term":[{"taxonomy":"folder","embeddable":true,"href":"http:\/\/www.icpe.ro\/ro\/wp-json\/wp\/v2\/folder?post=17390"}],"curies":[{"name":"wp","href":"https:\/\/api.w.org\/{rel}","templated":true}]}}