{"id":17337,"date":"2014-04-01T16:26:07","date_gmt":"2014-04-01T13:26:07","guid":{"rendered":"http:\/\/www.incdie-icpe.ro\/ro\/?page_id=17337"},"modified":"2017-12-14T12:39:07","modified_gmt":"2017-12-14T09:39:07","slug":"icpe-partener-energy-in-time","status":"publish","type":"page","link":"http:\/\/www.icpe.ro\/ro\/lucrari-stiintifice\/icpe-partener-energy-in-time\/","title":{"rendered":"Icpe partener \u00een proiectul Energy IN TIME (EIT)"},"content":{"rendered":"<p>[vc_row][vc_column bg_color=&#8221;#c6c6c6&#8243; column_padding=&#8221;padding-5&#8243; width=&#8221;1\/2&#8243;]<h2 class=\"headline font-inherit fontsize-m fontweight-400 lh-inherit align-center transform-inherit \" style=\"margin: 0 0 20px 0;\">ABSTRACT<\/h2><h2 class=\"headline font-inherit fontsize-xs fontweight-400 lh-inherit align-left transform-inherit \" style=\"margin: 0 0 20px 0;\">Aceast\u0103 lucrare prezint\u0103 proiectul Energy IN TIME (EIT), care urm\u0103re\u0219te dezvoltarea unei metode inteligente de control bazat\u0103 pe simularea energiei pentru a reduce consumul de energie \u0219i factura energetic\u0103 \u00een faza opera\u021bional\u0103 a cl\u0103dirilor nereziden\u021biale existente. Conceptul care se afl\u0103 \u00een spatele abord\u0103rii Energy IN TIME este utilizarea modelelor de simulare a cl\u0103dirilor mai precis cele care sunt capabile s\u0103 reprezinte complexitatea \u0219i incertitudinile cl\u0103dirilor pentru controlul \u0219i func\u021bionarea cl\u0103dirilor, gener\u00e2nd \u00een acela\u0219i timp informa\u021bii previzionate. Proiectul dep\u0103\u0219e\u0219te tehnicile existente de control al cl\u0103dirii, \u00een principal bazate pe r\u0103spunsuri la cerere, dezvolt\u00e2nd o abordare integrat\u0103 de control \u0219i operare care combin\u0103 tehnicile de modelare \u0219i software-ul de simulare de ultim\u0103 or\u0103. Solu\u021bia integrat\u0103 Energy IN TIME va fi validat\u0103 pe o serie de cl\u0103diri existente unde va fi furnizat acest serviciu. Aceste cl\u0103diri sunt amplasate \u00een diferite loca\u021bii din Europa cu climat diferit.<\/h2>[\/vc_column][vc_column column_padding=&#8221;padding-5&#8243; width=&#8221;1\/2&#8243;]<h2 class=\"headline font-inherit fontsize-s fontweight-800 lh-inherit align-left transform-inherit \" style=\"margin: 0 0 20px 0; color: #dd3333;\">Icpe partener \u00een proiectul Energy IN TIME (EIT)<\/h2>[vc_column_text]DATA:<strong> 2014<\/strong><\/p>\n<p>AUTORI:<strong>\u00a0<a href=\"mailto: bogdan.onose@icpe.ro\">Bogdan ONOSE<\/a>, <a href=\"mailto: cristianboboc.messico@icpe.ro\">Cristian BOBOC<\/a><\/strong><\/p>\n<p>PUBLICAT \u00ceN<strong>: EEA 2014 | vol. 62 | nr. 2 | art. 11<\/strong>[\/vc_column_text]<a href=\"http:\/\/www.eea-journal.ro\/ro\/d\/5\/p\/EEA62_2_11\" target=\"_blank\" class=\"button color-5 small \" style=\"border-radius: 2px;\"><i class='fa fa-book'><\/i>Cite\u0219te Online<\/a><a href=\"http:\/\/www.eea-journal.ro\/includes\/showArticle.php?identificatorArticol=440\" target=\"_blank\" class=\"button color-5 small \" style=\"border-radius: 2px;\"><i class='fa fa-file-pdf-o'><\/i>Descarc\u0103 lucrarea<\/a>[\/vc_column][\/vc_row]<\/p>\n","protected":false},"excerpt":{"rendered":"<p>[vc_row][vc_column bg_color=&#8221;#c6c6c6&#8243; column_padding=&#8221;padding-5&#8243; width=&#8221;1\/2&#8243;][\/vc_column][vc_column column_padding=&#8221;padding-5&#8243; width=&#8221;1\/2&#8243;][vc_column_text]DATA: 2014 AUTORI:\u00a0Bogdan ONOSE, Cristian BOBOC PUBLICAT \u00ceN: EEA 2014 | vol. 62 | nr. 2 | art. 11[\/vc_column_text][\/vc_column][\/vc_row]<\/p>\n","protected":false},"author":1,"featured_media":0,"parent":17451,"menu_order":163,"comment_status":"closed","ping_status":"closed","template":"","meta":[],"folder":[43],"_links":{"self":[{"href":"http:\/\/www.icpe.ro\/ro\/wp-json\/wp\/v2\/pages\/17337"}],"collection":[{"href":"http:\/\/www.icpe.ro\/ro\/wp-json\/wp\/v2\/pages"}],"about":[{"href":"http:\/\/www.icpe.ro\/ro\/wp-json\/wp\/v2\/types\/page"}],"author":[{"embeddable":true,"href":"http:\/\/www.icpe.ro\/ro\/wp-json\/wp\/v2\/users\/1"}],"replies":[{"embeddable":true,"href":"http:\/\/www.icpe.ro\/ro\/wp-json\/wp\/v2\/comments?post=17337"}],"version-history":[{"count":0,"href":"http:\/\/www.icpe.ro\/ro\/wp-json\/wp\/v2\/pages\/17337\/revisions"}],"up":[{"embeddable":true,"href":"http:\/\/www.icpe.ro\/ro\/wp-json\/wp\/v2\/pages\/17451"}],"wp:attachment":[{"href":"http:\/\/www.icpe.ro\/ro\/wp-json\/wp\/v2\/media?parent=17337"}],"wp:term":[{"taxonomy":"folder","embeddable":true,"href":"http:\/\/www.icpe.ro\/ro\/wp-json\/wp\/v2\/folder?post=17337"}],"curies":[{"name":"wp","href":"https:\/\/api.w.org\/{rel}","templated":true}]}}