{"id":16575,"date":"2017-03-02T11:47:33","date_gmt":"2017-03-02T08:47:33","guid":{"rendered":"http:\/\/www.incdie-icpe.ro\/?page_id=16575"},"modified":"2021-03-10T13:14:17","modified_gmt":"2021-03-10T10:14:17","slug":"cariere","status":"publish","type":"page","link":"http:\/\/www.icpe.ro\/ro\/cariere\/","title":{"rendered":"Cariere"},"content":{"rendered":"<p>[vc_row bg_image=&#8221;16557&#8243; bg_repeat=&#8221;no-repeat&#8221; parallax_bg=&#8221;true&#8221; top_padding=&#8221;80&#8243; bottom_padding=&#8221;80&#8243;][vc_column text_color=&#8221;light&#8221; width=&#8221;1\/2&#8243;][vc_column_text]<strong>Personalul Icpe este cea mai important\u0103 resurs\u0103 a companiei.<\/strong><\/p>\n<p><strong>Suntem mereu \u00een c\u0103utare de oameni dedica\u021bi \u0219i dornici de a-\u0219i \u00eencepe sau consolida cariera profesional\u0103.<\/strong><\/p>\n<p><strong>Trimite-ne CV-ul t\u0103u fie pentru unul din posturile disponibile (vezi lista de mai jos) fie pentru baza noastr\u0103 de date.<\/strong><\/p>\n<p><strong>Te rug\u0103m s\u0103 specifici postul pentru care aplici.<\/strong><\/p>\n<p><strong>Ne vedem la interviu!<\/strong>[\/vc_column_text][\/vc_column][vc_column width=&#8221;1\/2&#8243;][vc_column_text]<span style=\"color: #ffffff;\"><strong>E-mail: <\/strong><a style=\"color: white;\" href=\"mailto:cariere@icpe.ro\">cariere@icpe.ro<\/a><\/span><\/p>\n<p><span style=\"color: #ffffff;\"><strong>Fax:<\/strong> +4021 589 3434<\/span><\/p>\n<p><span style=\"color: #ffffff;\"><strong>Adres\u0103 po\u0219tal\u0103<\/strong>: Icpe | Splaiul Unirii 313, 030138-Bucure\u0219ti, Rom\u00e2nia<\/span><\/p>\n<p><span style=\"color: #ffffff;\">(\u00cen aten\u021bia departamentului Resurse Umane)<\/span>[\/vc_column_text][vc_tta_accordion style=&#8221;modern&#8221; shape=&#8221;square&#8221; color=&#8221;white&#8221; c_align=&#8221;center&#8221; active_section=&#8221;ASD&#8221; no_fill=&#8221;true&#8221; collapsible_all=&#8221;true&#8221;][vc_tta_section title=&#8221;APLIC\u0102 DIRECT!&#8221; tab_id=&#8221;1488444613973-c1486354-c75b&#8221;]<div role=\"form\" class=\"wpcf7\" id=\"wpcf7-f16550-o1\" lang=\"en-US\" dir=\"ltr\">\n<div class=\"screen-reader-response\" aria-live=\"polite\"><\/div>\n<form action=\"\/ro\/wp-json\/wp\/v2\/pages\/16575#wpcf7-f16550-o1\" method=\"post\" class=\"wpcf7-form\" enctype=\"multipart\/form-data\" novalidate=\"novalidate\">\n<div style=\"display: none;\">\n<input type=\"hidden\" name=\"_wpcf7\" value=\"16550\" \/>\n<input type=\"hidden\" name=\"_wpcf7_version\" value=\"5.1.9\" \/>\n<input type=\"hidden\" name=\"_wpcf7_locale\" value=\"en_US\" \/>\n<input type=\"hidden\" name=\"_wpcf7_unit_tag\" value=\"wpcf7-f16550-o1\" \/>\n<input type=\"hidden\" name=\"_wpcf7_container_post\" value=\"0\" \/>\n<\/div>\n<div class=\"box style-3 wpb_content_element\">\n<p>Numele dumneavoastr\u0103<br \/>\n    <span class=\"wpcf7-form-control-wrap your-name\"><input type=\"text\" name=\"your-name\" value=\"\" size=\"40\" class=\"wpcf7-form-control wpcf7-text wpcf7-validates-as-required\" aria-required=\"true\" aria-invalid=\"false\" \/><\/span> <\/p>\n<p>E-Mail<br \/>\n    <span class=\"wpcf7-form-control-wrap your-email\"><input type=\"email\" name=\"your-email\" value=\"\" size=\"40\" class=\"wpcf7-form-control wpcf7-text wpcf7-email wpcf7-validates-as-required wpcf7-validates-as-email\" aria-required=\"true\" aria-invalid=\"false\" \/><\/span> <\/p>\n<p>Telefon<br \/>\n    <span class=\"wpcf7-form-control-wrap phone\"><input type=\"text\" name=\"phone\" value=\"\" size=\"40\" class=\"wpcf7-form-control wpcf7-text wpcf7-validates-as-required\" aria-required=\"true\" aria-invalid=\"false\" \/><\/span> <\/p>\n<p>Postul pentru care aplica\u021bi<br \/>\n    <span class=\"wpcf7-form-control-wrap details\"><input type=\"text\" name=\"details\" value=\"\" size=\"40\" class=\"wpcf7-form-control wpcf7-text wpcf7-validates-as-required\" aria-required=\"true\" aria-invalid=\"false\" \/><\/span> <\/p>\n<p>Adaug\u0103 CV<br \/>\n<span class=\"wpcf7-form-control-wrap file-367\"><input type=\"file\" name=\"file-367\" size=\"40\" class=\"wpcf7-form-control wpcf7-file wpcf7-validates-as-required\" accept=\".png,.jpg,.doc,.pdf,.xlsx,.docx,.xls,.xlt,.xml\" aria-required=\"true\" aria-invalid=\"false\" \/><\/span> <\/p>\n<p><span class=\"wpcf7-form-control-wrap wpgdprc\"><span class=\"wpcf7-form-control wpcf7-validates-as-required wpcf7-wpgdprc\"><span class=\"wpcf7-list-item\"><input type=\"checkbox\" name=\"wpgdprc\" value=\"1\" aria-required=\"true\" aria-invalid=\"false\" \/><span class=\"wpcf7-list-item-label\">Sunt de acord cu procesarea datelor mele conform<\/span><\/span><\/span><\/span><br \/>\n&nbsp;&nbsp;&nbsp;&nbsp;&nbsp;&nbsp;&nbsp;<a href=\"http:\/\/www.icpe.ro\/ro\/politici\/protectia-datelor\/\" target=\"_blank\" title=\"Politicii de protec\u021bie a datelor\">Politicii de protec\u021bie a datelor<\/a><\/p>\n<p><input type=\"submit\" value=\"Aplic\u0103 pentru post\" class=\"wpcf7-form-control wpcf7-submit\" \/><\/p>\n<div class=\"wpcf7-response-output wpcf7-display-none\" aria-hidden=\"true\"><\/div><\/form><\/div>[\/vc_tta_section][\/vc_tta_accordion][\/vc_column][\/vc_row]<\/p>\n","protected":false},"excerpt":{"rendered":"<p>[vc_row bg_image=&#8221;16557&#8243; bg_repeat=&#8221;no-repeat&#8221; parallax_bg=&#8221;true&#8221; top_padding=&#8221;80&#8243; bottom_padding=&#8221;80&#8243;][vc_column text_color=&#8221;light&#8221; width=&#8221;1\/2&#8243;][vc_column_text]Personalul Icpe este cea mai important\u0103 resurs\u0103 a companiei. Suntem mereu \u00een c\u0103utare de oameni dedica\u021bi \u0219i dornici de a-\u0219i \u00eencepe sau consolida cariera profesional\u0103. Trimite-ne CV-ul t\u0103u fie pentru unul din posturile disponibile (vezi lista de mai jos) fie pentru baza noastr\u0103 de date. Te rug\u0103m s\u0103 specifici postul pentru care aplici. Ne vedem la interviu![\/vc_column_text][\/vc_column][vc_column width=&#8221;1\/2&#8243;][vc_column_text]E-mail: cariere@icpe.ro Fax: +4021 589 3434 Adres\u0103 po\u0219tal\u0103: Icpe | Splaiul Unirii 313, 030138-Bucure\u0219ti, Rom\u00e2nia (\u00cen aten\u021bia departamentului Resurse Umane)[\/vc_column_text][vc_tta_accordion style=&#8221;modern&#8221; shape=&#8221;square&#8221; color=&#8221;white&#8221; c_align=&#8221;center&#8221; active_section=&#8221;ASD&#8221; no_fill=&#8221;true&#8221; collapsible_all=&#8221;true&#8221;][vc_tta_section title=&#8221;APLIC\u0102 DIRECT!&#8221; tab_id=&#8221;1488444613973-c1486354-c75b&#8221;][\/vc_tta_section][\/vc_tta_accordion][\/vc_column][\/vc_row]<\/p>\n","protected":false},"author":1,"featured_media":0,"parent":0,"menu_order":35,"comment_status":"closed","ping_status":"closed","template":"","meta":[],"folder":[46],"_links":{"self":[{"href":"http:\/\/www.icpe.ro\/ro\/wp-json\/wp\/v2\/pages\/16575"}],"collection":[{"href":"http:\/\/www.icpe.ro\/ro\/wp-json\/wp\/v2\/pages"}],"about":[{"href":"http:\/\/www.icpe.ro\/ro\/wp-json\/wp\/v2\/types\/page"}],"author":[{"embeddable":true,"href":"http:\/\/www.icpe.ro\/ro\/wp-json\/wp\/v2\/users\/1"}],"replies":[{"embeddable":true,"href":"http:\/\/www.icpe.ro\/ro\/wp-json\/wp\/v2\/comments?post=16575"}],"version-history":[{"count":0,"href":"http:\/\/www.icpe.ro\/ro\/wp-json\/wp\/v2\/pages\/16575\/revisions"}],"wp:attachment":[{"href":"http:\/\/www.icpe.ro\/ro\/wp-json\/wp\/v2\/media?parent=16575"}],"wp:term":[{"taxonomy":"folder","embeddable":true,"href":"http:\/\/www.icpe.ro\/ro\/wp-json\/wp\/v2\/folder?post=16575"}],"curies":[{"name":"wp","href":"https:\/\/api.w.org\/{rel}","templated":true}]}}